{"id":15671,"date":"2025-02-24T22:49:28","date_gmt":"2025-02-24T21:49:28","guid":{"rendered":"https:\/\/staviori.com.pl\/product\/srebrne-kolczyki-sss5123\/"},"modified":"2026-02-11T00:09:25","modified_gmt":"2026-02-10T23:09:25","slug":"srebrne-kolczyki-sss5123","status":"publish","type":"product","link":"https:\/\/staviori.com.pl\/cs\/product\/srebrne-kolczyki-sss5123\/","title":{"rendered":"st\u0159\u00edbrn\u00e9 krokod\u00fdl\u00ed n\u00e1u\u0161nice"},"content":{"rendered":"<p>Model: SSS5123<br \/>\nHmotnost p\u0159ibli\u017en\u011b 1,15 g<\/p>\n<p>N\u00e1u\u0161nice.<br \/>\nSt\u0159\u00edbro 0,925.<\/p>\n<p>Wymiary 12&#215;5 mm.<\/p>","protected":false},"excerpt":{"rendered":"<p>Okouzluj\u00edc\u00ed n\u00e1u\u0161nice ze st\u0159\u00edbra ve tvaru legra\u010dn\u00edch krokod\u00fdl\u016f. Jejich lehk\u00fd tvar a leskl\u00fd povrch z nich \u010din\u00ed ide\u00e1ln\u00ed dopln\u011bk pro d\u011bti i dosp\u011bl\u00e9, kte\u0159\u00ed maj\u00ed r\u00e1di neobvykl\u00e9 \u0161perky pln\u00e9 humoru. Ide\u00e1ln\u00ed volba pro ka\u017edodenn\u00ed no\u0161en\u00ed, kter\u00e1 dod\u00e1 charakter ka\u017ed\u00e9mu stylingu.<\/p>","protected":false},"featured_media":7618,"comment_status":"closed","ping_status":"closed","template":"","meta":{"om_disable_all_campaigns":false},"product_brand":[2284],"product_cat":[199,1818,1817],"product_tag":[3932,5886,3341,5881,5880,5885,5883,2942,5882,5884],"class_list":{"0":"post-15671","1":"product","2":"type-product","3":"status-publish","4":"has-post-thumbnail","6":"product_brand-staviori","7":"product_cat-kolczyki","8":"product_cat-srebrne-kolczyki","9":"product_cat-srebro-2","10":"product_tag-3932","11":"product_tag-bizuteria-srebrna-zabawna","12":"product_tag-kolczyki-dla-dzieci","13":"product_tag-kolczyki-krokodylki","14":"product_tag-kolczyki-srebro-0","15":"product_tag-silber-ohrringe-krokodil","16":"product_tag-silver-crocodile-earrings","17":"product_tag-srebrne-kolczyki","18":"product_tag-srebro-925-earrings","19":"product_tag-stribrne-nausnice-krokodyli","20":"pa_dostawca-karen-silver","21":"pa_kruszec-srebro","22":"pa_motyw-krokodyl","23":"pa_motyw-zwierze","24":"pa_proba-0-925","25":"pa_waga-115g","26":"pa_wymiary-12x5mm","28":"first","29":"instock","30":"purchasable","31":"product-type-simple"},"aioseo_notices":[],"_links":{"self":[{"href":"https:\/\/staviori.com.pl\/cs\/wp-json\/wp\/v2\/product\/15671","targetHints":{"allow":["GET"]}}],"collection":[{"href":"https:\/\/staviori.com.pl\/cs\/wp-json\/wp\/v2\/product"}],"about":[{"href":"https:\/\/staviori.com.pl\/cs\/wp-json\/wp\/v2\/types\/product"}],"replies":[{"embeddable":true,"href":"https:\/\/staviori.com.pl\/cs\/wp-json\/wp\/v2\/comments?post=15671"}],"wp:featuredmedia":[{"embeddable":true,"href":"https:\/\/staviori.com.pl\/cs\/wp-json\/wp\/v2\/media\/7618"}],"wp:attachment":[{"href":"https:\/\/staviori.com.pl\/cs\/wp-json\/wp\/v2\/media?parent=15671"}],"wp:term":[{"taxonomy":"product_brand","embeddable":true,"href":"https:\/\/staviori.com.pl\/cs\/wp-json\/wp\/v2\/product_brand?post=15671"},{"taxonomy":"product_cat","embeddable":true,"href":"https:\/\/staviori.com.pl\/cs\/wp-json\/wp\/v2\/product_cat?post=15671"},{"taxonomy":"product_tag","embeddable":true,"href":"https:\/\/staviori.com.pl\/cs\/wp-json\/wp\/v2\/product_tag?post=15671"}],"curies":[{"name":"wp","href":"https:\/\/api.w.org\/{rel}","templated":true}]}}