{"id":15666,"date":"2025-02-24T22:49:28","date_gmt":"2025-02-24T21:49:28","guid":{"rendered":"https:\/\/staviori.com.pl\/product\/srebrny-pierscionek-sss4808\/"},"modified":"2026-02-11T00:09:25","modified_gmt":"2026-02-10T23:09:25","slug":"srebrny-pierscionek-sss4808","status":"publish","type":"product","link":"https:\/\/staviori.com.pl\/cs\/product\/srebrny-pierscionek-sss4808\/","title":{"rendered":"St\u0159\u00edbrn\u00fd prsten na noze | 925 st\u0159\u00edbro"},"content":{"rendered":"<p>Model: SSS4808<br \/>\nWaga ok. 0,50g<\/p>\n<p>Pier\u015bcionek  na palec u stopy<br \/>\nSt\u0159\u00edbro 0,925.<\/p>\n<p>Szeroko\u015b\u0107 3 mm.<\/p>\n<p>Dost\u0119pny rozmiar: 4 ( na palec u stopy )<\/p>","protected":false},"excerpt":{"rendered":"<p>Delikatny pier\u015bcionek na palec u stopy wykonany ze srebra pr\u00f3by 0,925. Prosty i minimalistyczny wz\u00f3r doskonale podkre\u015bli elegancj\u0119 letnich stylizacji. Idealny dodatek na wakacje, kt\u00f3ry subtelnie ozdobi stop\u0119 i doda blasku ka\u017cdemu kroku.<\/p>\n<p>Dost\u0119pny rozmiar: 4 ( na palec u stopy )<\/p>","protected":false},"featured_media":7573,"comment_status":"closed","ping_status":"closed","template":"","meta":{"om_disable_all_campaigns":false},"product_brand":[2284],"product_cat":[801,2206,1817],"product_tag":[5857,5855,2550,5851,5856,5858,5853,5859,3101,2427,5854,5852],"class_list":{"0":"post-15666","1":"product","2":"type-product","3":"status-publish","4":"has-post-thumbnail","6":"product_brand-staviori","7":"product_cat-pierscionki","8":"product_cat-srebrny-pierscionek","9":"product_cat-srebro-2","10":"product_tag-fuszehenring","11":"product_tag-letni-sperky","12":"product_tag-letnia-bizuteria","13":"product_tag-pierscionek-na-palec-u-stopy","14":"product_tag-prsten-na-nohu","15":"product_tag-silberschmuck","16":"product_tag-silver-toe-ring","17":"product_tag-sommer-schmuck","18":"product_tag-srebrna-bizuteria","19":"product_tag-srebro-925","20":"product_tag-sterling-silver-jewelry","21":"product_tag-toe-ring","22":"pa_kruszec-srebro","23":"pa_proba-0-925","24":"pa_rozmiar-rozmiar-4-na-palec-u-stopy","25":"pa_szerokosc-3mm","26":"pa_waga-050g","28":"first","29":"instock","30":"purchasable","31":"product-type-simple"},"aioseo_notices":[],"_links":{"self":[{"href":"https:\/\/staviori.com.pl\/cs\/wp-json\/wp\/v2\/product\/15666","targetHints":{"allow":["GET"]}}],"collection":[{"href":"https:\/\/staviori.com.pl\/cs\/wp-json\/wp\/v2\/product"}],"about":[{"href":"https:\/\/staviori.com.pl\/cs\/wp-json\/wp\/v2\/types\/product"}],"replies":[{"embeddable":true,"href":"https:\/\/staviori.com.pl\/cs\/wp-json\/wp\/v2\/comments?post=15666"}],"wp:featuredmedia":[{"embeddable":true,"href":"https:\/\/staviori.com.pl\/cs\/wp-json\/wp\/v2\/media\/7573"}],"wp:attachment":[{"href":"https:\/\/staviori.com.pl\/cs\/wp-json\/wp\/v2\/media?parent=15666"}],"wp:term":[{"taxonomy":"product_brand","embeddable":true,"href":"https:\/\/staviori.com.pl\/cs\/wp-json\/wp\/v2\/product_brand?post=15666"},{"taxonomy":"product_cat","embeddable":true,"href":"https:\/\/staviori.com.pl\/cs\/wp-json\/wp\/v2\/product_cat?post=15666"},{"taxonomy":"product_tag","embeddable":true,"href":"https:\/\/staviori.com.pl\/cs\/wp-json\/wp\/v2\/product_tag?post=15666"}],"curies":[{"name":"wp","href":"https:\/\/api.w.org\/{rel}","templated":true}]}}