{"id":15665,"date":"2025-02-24T22:49:28","date_gmt":"2025-02-24T21:49:28","guid":{"rendered":"https:\/\/staviori.com.pl\/product\/srebrne-kolczyki-sss4806\/"},"modified":"2026-02-11T00:09:25","modified_gmt":"2026-02-10T23:09:25","slug":"srebrne-kolczyki-sss4806","status":"publish","type":"product","link":"https:\/\/staviori.com.pl\/cs\/product\/srebrne-kolczyki-sss4806\/","title":{"rendered":"St\u0159\u00edbrn\u00e9 pta\u010d\u00ed n\u00e1u\u0161nice"},"content":{"rendered":"<p>Model: SSS4806<br \/>\nWaga ok. 0,95g<\/p>\n<p>N\u00e1u\u0161nice.<br \/>\n0,925 rhodiovan\u00e9 st\u0159\u00edbro.<br \/>\n\u015arednica ogniwa 9&#215;6 mm.<\/p>\n<p>Delikatne lecz przepi\u0119knie wyko\u0144czone, srebrne kolczyki w kszta\u0142cie ptaszka.<\/p>","protected":false},"excerpt":{"rendered":"<p>Urocze kolczyki wykonane z rodowanego srebra pr\u00f3by 0,925 w kszta\u0142cie ptaszk\u00f3w zachwycaj\u0105 swoj\u0105 subtelno\u015bci\u0105 i wdzi\u0119kiem. G\u0142adka, l\u015bni\u0105ca powierzchnia nadaje im elegancji, a delikatny motyw natury sprawia, \u017ce s\u0105 idealnym dodatkiem na co dzie\u0144. Lekka i kobieca bi\u017cuteria, kt\u00f3ra podkre\u015bli Tw\u00f3j styl i doda uroku ka\u017cdej stylizacji.<\/p>","protected":false},"featured_media":7568,"comment_status":"closed","ping_status":"closed","template":"","meta":{"om_disable_all_campaigns":false},"product_brand":[2284],"product_cat":[199,1818,1817],"product_tag":[3932,5845,5844,5843,1396,5846,5847,5849,5848,5820,3967,2426,5289,5824],"class_list":{"0":"post-15665","1":"product","2":"type-product","3":"status-publish","4":"has-post-thumbnail","6":"product_brand-staviori","7":"product_cat-kolczyki","8":"product_cat-srebrne-kolczyki","9":"product_cat-srebro-2","10":"product_tag-3932","11":"product_tag-bird-earrings","12":"product_tag-kolczyki-natura","13":"product_tag-kolczyki-ptaszki","14":"product_tag-kolczyki-srebrne","15":"product_tag-nature-jewelry","16":"product_tag-nausnice-ptacek","17":"product_tag-schmuck-natur","18":"product_tag-silber-ohrringe-vogel","19":"product_tag-silver-earrings","20":"product_tag-srebro-0","21":"product_tag-srebro-rodowane","22":"product_tag-sterling-silver-925","23":"product_tag-stribrne-nausnice","24":"pa_dostawca-karen-silver","25":"pa_kruszec-srebro-rodowane","26":"pa_motyw-ptak","27":"pa_proba-0-925","28":"pa_srednica-ogniwa-9x6mm","29":"pa_waga-095g","31":"first","32":"instock","33":"purchasable","34":"product-type-simple"},"aioseo_notices":[],"_links":{"self":[{"href":"https:\/\/staviori.com.pl\/cs\/wp-json\/wp\/v2\/product\/15665","targetHints":{"allow":["GET"]}}],"collection":[{"href":"https:\/\/staviori.com.pl\/cs\/wp-json\/wp\/v2\/product"}],"about":[{"href":"https:\/\/staviori.com.pl\/cs\/wp-json\/wp\/v2\/types\/product"}],"replies":[{"embeddable":true,"href":"https:\/\/staviori.com.pl\/cs\/wp-json\/wp\/v2\/comments?post=15665"}],"wp:featuredmedia":[{"embeddable":true,"href":"https:\/\/staviori.com.pl\/cs\/wp-json\/wp\/v2\/media\/7568"}],"wp:attachment":[{"href":"https:\/\/staviori.com.pl\/cs\/wp-json\/wp\/v2\/media?parent=15665"}],"wp:term":[{"taxonomy":"product_brand","embeddable":true,"href":"https:\/\/staviori.com.pl\/cs\/wp-json\/wp\/v2\/product_brand?post=15665"},{"taxonomy":"product_cat","embeddable":true,"href":"https:\/\/staviori.com.pl\/cs\/wp-json\/wp\/v2\/product_cat?post=15665"},{"taxonomy":"product_tag","embeddable":true,"href":"https:\/\/staviori.com.pl\/cs\/wp-json\/wp\/v2\/product_tag?post=15665"}],"curies":[{"name":"wp","href":"https:\/\/api.w.org\/{rel}","templated":true}]}}