{"id":15664,"date":"2025-02-24T22:49:28","date_gmt":"2025-02-24T21:49:28","guid":{"rendered":"https:\/\/staviori.com.pl\/product\/srebrny-pierscionek-sss4802\/"},"modified":"2026-02-11T00:09:57","modified_gmt":"2026-02-10T23:09:57","slug":"srebrny-pierscionek-sss4802","status":"publish","type":"product","link":"https:\/\/staviori.com.pl\/cs\/product\/srebrny-pierscionek-sss4802\/","title":{"rendered":"jemn\u00fd st\u0159\u00edbrn\u00fd prsten se srdcem"},"content":{"rendered":"<p>Model: SSS4802<br \/>\nHmotnost p\u0159ibli\u017en\u011b 0,64 g<\/p>\n<p>Prsten.<br \/>\nSt\u0159\u00edbro 0,925.<br \/>\nRozm\u011bry 10 \u00d7 8 mm.<br \/>\n\u0160\u00ed\u0159ka krou\u017eku cca 1 mm.<\/p>\n<p>K dispozici jsou pouze n\u011bkter\u00e9 velikosti.<\/p>\n<p>Minimalistick\u00fd design tohoto kr\u00e1sn\u00e9ho prstenu se hod\u00ed k jak\u00e9mukoli denn\u00edmu i no\u010dn\u00edmu \u0161atn\u00edku.<\/p>","protected":false},"excerpt":{"rendered":"<p>Okouzluj\u00edc\u00ed prsten ze st\u0159\u00edbra o ryzosti 0,925 pot\u011b\u0161\u00ed jemn\u00fdm pleten\u00fdm vzorem srdce. D\u00edky sv\u00e9mu minimalistick\u00e9mu designu je dokonal\u00fdm dopl\u0148kem ka\u017edodenn\u00edch stylizac\u00ed i elegantn\u00edch kreac\u00ed. Lehk\u00fd, pohodln\u00fd a pln\u00fd symboliky - ide\u00e1ln\u00ed volba pro d\u00e1rek pro milovanou osobu.<\/p>\n<p>https:\/\/www.youtube.com\/watch?v=4z4Xa58bsqI<\/p>\n<p>K dispozici jsou pouze n\u011bkter\u00e9 velikosti.<\/p>","protected":false},"featured_media":7555,"comment_status":"closed","ping_status":"closed","template":"","meta":{"om_disable_all_campaigns":false},"product_brand":[2284],"product_cat":[801,2206,1817],"product_tag":[3932,3097,5836,4856,5552,5160,5841,4996,5833,5842,5229,3967,5289,5234],"class_list":{"0":"post-15664","1":"product","2":"type-product","3":"status-publish","4":"has-post-thumbnail","6":"product_brand-staviori","7":"product_cat-pierscionki","8":"product_cat-srebrny-pierscionek","9":"product_cat-srebro-2","10":"product_tag-3932","11":"product_tag-bizuteria-romantyczna","12":"product_tag-heart-ring","13":"product_tag-minimalistyczny-pierscionek","14":"product_tag-pierscionek-serce","15":"product_tag-pierscionek-srebrny","16":"product_tag-prsten-srdce","17":"product_tag-romantic-jewelry","18":"product_tag-schmuck-minimalistisch","19":"product_tag-silber-herz-ring","20":"product_tag-silver-ring","21":"product_tag-srebro-0","22":"product_tag-sterling-silver-925","23":"product_tag-stribrny-prsten","24":"pa_dostawca-karen-silver","25":"pa_kruszec-srebro","26":"pa_motyw-serce","27":"pa_proba-0-925","28":"pa_rozmiar-2351","29":"pa_rozmiar-2356","30":"pa_szerokosc-obraczki-ok-1mm","31":"pa_waga-060g","32":"pa_wymiary-10x8mm","34":"first","35":"instock","36":"purchasable","37":"product-type-variable"},"aioseo_notices":[],"_links":{"self":[{"href":"https:\/\/staviori.com.pl\/cs\/wp-json\/wp\/v2\/product\/15664","targetHints":{"allow":["GET"]}}],"collection":[{"href":"https:\/\/staviori.com.pl\/cs\/wp-json\/wp\/v2\/product"}],"about":[{"href":"https:\/\/staviori.com.pl\/cs\/wp-json\/wp\/v2\/types\/product"}],"replies":[{"embeddable":true,"href":"https:\/\/staviori.com.pl\/cs\/wp-json\/wp\/v2\/comments?post=15664"}],"wp:featuredmedia":[{"embeddable":true,"href":"https:\/\/staviori.com.pl\/cs\/wp-json\/wp\/v2\/media\/7555"}],"wp:attachment":[{"href":"https:\/\/staviori.com.pl\/cs\/wp-json\/wp\/v2\/media?parent=15664"}],"wp:term":[{"taxonomy":"product_brand","embeddable":true,"href":"https:\/\/staviori.com.pl\/cs\/wp-json\/wp\/v2\/product_brand?post=15664"},{"taxonomy":"product_cat","embeddable":true,"href":"https:\/\/staviori.com.pl\/cs\/wp-json\/wp\/v2\/product_cat?post=15664"},{"taxonomy":"product_tag","embeddable":true,"href":"https:\/\/staviori.com.pl\/cs\/wp-json\/wp\/v2\/product_tag?post=15664"}],"curies":[{"name":"wp","href":"https:\/\/api.w.org\/{rel}","templated":true}]}}