{"id":15663,"date":"2025-02-24T22:49:28","date_gmt":"2025-02-24T21:49:28","guid":{"rendered":"https:\/\/staviori.com.pl\/product\/srebrny-pierscionek-sss4800\/"},"modified":"2026-02-11T00:09:24","modified_gmt":"2026-02-10T23:09:24","slug":"srebrny-pierscionek-sss4800","status":"publish","type":"product","link":"https:\/\/staviori.com.pl\/cs\/product\/srebrny-pierscionek-sss4800\/","title":{"rendered":"St\u0159\u00edbrn\u00fd otev\u0159en\u00fd prsten se dv\u011bma srd\u00ed\u010dky"},"content":{"rendered":"<p>Model: SSS4800<br \/>\nWaga ok. 1,70g<\/p>\n<p>Prsten.<br \/>\nSt\u0159\u00edbro 0,925.<br \/>\nWymiary 11&#215;5 mm.<br \/>\n\u0160\u00ed\u0159ka krou\u017eku p\u0159ibli\u017en\u011b 1,5 mm.<\/p>\n<p>Rozmiar uniwersalny: 13 &#8211; 16 <\/p>\n<p>S t\u00edmto n\u00e1dhern\u00fdm st\u0159\u00edbrn\u00fdm prstenem je l\u00e1ska c\u00edtit ve vzduchu.<\/p>","protected":false},"excerpt":{"rendered":"<p>Delikatny srebrny pier\u015bcionek pr\u00f3by 0,925 ozdobiony dwoma urokliwymi serduszkami to symbol mi\u0142o\u015bci i subtelnej elegancji. Jego minimalistyczny design sprawia, \u017ce doskonale komponuje si\u0119 zar\u00f3wno z codziennymi stylizacjami, jak i wyj\u0105tkowymi okazjami. To bi\u017cuteria pe\u0142na wdzi\u0119ku, kt\u00f3ra wyrazi wi\u0119cej ni\u017c s\u0142owa.<\/p>","protected":false},"featured_media":7547,"comment_status":"closed","ping_status":"closed","template":"","meta":{"om_disable_all_campaigns":false},"product_brand":[2284],"product_cat":[801,2206,1817],"product_tag":[3932,5836,5838,5545,5160,5835,5837,4996,5839,5229,3967,5289,5234],"class_list":{"0":"post-15663","1":"product","2":"type-product","3":"status-publish","4":"has-post-thumbnail","6":"product_brand-staviori","7":"product_cat-pierscionki","8":"product_cat-srebrny-pierscionek","9":"product_cat-srebro-2","10":"product_tag-3932","11":"product_tag-heart-ring","12":"product_tag-liebesring-silber","13":"product_tag-pierscionek-romantyczny","14":"product_tag-pierscionek-srebrny","15":"product_tag-pierscionek-z-sercami","16":"product_tag-prsten-se-srdcem","17":"product_tag-romantic-jewelry","18":"product_tag-schmuck-herz","19":"product_tag-silver-ring","20":"product_tag-srebro-0","21":"product_tag-sterling-silver-925","22":"product_tag-stribrny-prsten","23":"pa_dostawca-karen-silver","24":"pa_kruszec-srebro","25":"pa_motyw-serce","26":"pa_proba-0-925","27":"pa_rozmiar-rozmiar-uniwersalny-13-16","28":"pa_szerokosc-obraczki-ok-1-5mm","29":"pa_waga-170g","30":"pa_wymiary-11x5mm","32":"first","33":"instock","34":"purchasable","35":"product-type-simple"},"aioseo_notices":[],"_links":{"self":[{"href":"https:\/\/staviori.com.pl\/cs\/wp-json\/wp\/v2\/product\/15663","targetHints":{"allow":["GET"]}}],"collection":[{"href":"https:\/\/staviori.com.pl\/cs\/wp-json\/wp\/v2\/product"}],"about":[{"href":"https:\/\/staviori.com.pl\/cs\/wp-json\/wp\/v2\/types\/product"}],"replies":[{"embeddable":true,"href":"https:\/\/staviori.com.pl\/cs\/wp-json\/wp\/v2\/comments?post=15663"}],"wp:featuredmedia":[{"embeddable":true,"href":"https:\/\/staviori.com.pl\/cs\/wp-json\/wp\/v2\/media\/7547"}],"wp:attachment":[{"href":"https:\/\/staviori.com.pl\/cs\/wp-json\/wp\/v2\/media?parent=15663"}],"wp:term":[{"taxonomy":"product_brand","embeddable":true,"href":"https:\/\/staviori.com.pl\/cs\/wp-json\/wp\/v2\/product_brand?post=15663"},{"taxonomy":"product_cat","embeddable":true,"href":"https:\/\/staviori.com.pl\/cs\/wp-json\/wp\/v2\/product_cat?post=15663"},{"taxonomy":"product_tag","embeddable":true,"href":"https:\/\/staviori.com.pl\/cs\/wp-json\/wp\/v2\/product_tag?post=15663"}],"curies":[{"name":"wp","href":"https:\/\/api.w.org\/{rel}","templated":true}]}}