{"id":15661,"date":"2025-02-24T22:49:28","date_gmt":"2025-02-24T21:49:28","guid":{"rendered":"https:\/\/staviori.com.pl\/product\/srebrne-kolczyki-sss4780\/"},"modified":"2026-04-24T10:55:25","modified_gmt":"2026-04-24T08:55:25","slug":"srebrne-kolczyki-sss4780","status":"publish","type":"product","link":"https:\/\/staviori.com.pl\/cs\/product\/srebrne-kolczyki-sss4780\/","title":{"rendered":"925 brou\u0161en\u00e9 st\u0159\u00edbrn\u00e9 n\u00e1u\u0161nice ve tvaru kruhu"},"content":{"rendered":"<p>Model: SSS4780<br \/>\nHmotnost p\u0159ibli\u017en\u011b 1,10 g<\/p>\n<p>N\u00e1u\u0161nice.<br \/>\nSt\u0159\u00edbro 0,925.<br \/>\n\u015arednica 9 mm.<\/p>\n<p>Kr\u00e1sn\u00e9 a v\u00fdrazn\u00e9 n\u00e1u\u0161nice. Brou\u0161en\u00e9 st\u0159\u00edbro p\u016fsob\u00ed velkolep\u00fdm vizu\u00e1ln\u00edm dojmem. Tyto n\u00e1u\u0161nice, stejn\u011b jako cel\u00e1 sada, jsou naprosto senza\u010dn\u00ed.<\/p>","protected":false},"excerpt":{"rendered":"<p>Minimalistick\u00e9 n\u00e1u\u0161nice ze st\u0159\u00edbra o ryzosti 0,925 a pr\u016fm\u011bru 9 mm. Otev\u0159en\u00fd kulat\u00fd tvar a brou\u0161en\u00e1 povrchov\u00e1 \u00faprava jim dod\u00e1vaj\u00ed modern\u00ed charakter a v\u00fdjime\u010dn\u00fd lesk. Jsou vynikaj\u00edc\u00ed volbou pro \u017eeny, kter\u00e9 ocen\u00ed jednoduchost, eleganci a univerz\u00e1ln\u00ed design, jen\u017e se hod\u00ed ke ka\u017ed\u00e9 stylizaci.<\/p>","protected":false},"featured_media":7521,"comment_status":"closed","ping_status":"closed","template":"","meta":{"om_disable_all_campaigns":false},"product_brand":[2284],"product_cat":[199,1818,1817],"product_tag":[5823,5821,2317,3158,2682,3197,3623,1396,5822,3845,5825,5826,5768,5820,3159,2427,5824],"class_list":{"0":"post-15661","1":"product","2":"type-product","3":"status-publish","4":"has-post-thumbnail","6":"product_brand-staviori","7":"product_cat-kolczyki","8":"product_cat-srebrne-kolczyki","9":"product_cat-srebro-2","10":"product_tag-brushed-silver","11":"product_tag-circle-earrings","12":"product_tag-elegancka-bizuteria","13":"product_tag-kolczyki-geometryczne","14":"product_tag-kolczyki-kola","15":"product_tag-kolczyki-minimalistyczne","16":"product_tag-kolczyki-okragle","17":"product_tag-kolczyki-srebrne","18":"product_tag-minimalist-earrings","19":"product_tag-minimalisticke-sperky","20":"product_tag-nausnice-kruhy","21":"product_tag-ohrringe-silber","22":"product_tag-schmuck-silber-925","23":"product_tag-silver-earrings","24":"product_tag-srebrne-kolczyki-damskie","25":"product_tag-srebro-925","26":"product_tag-stribrne-nausnice","27":"pa_dostawca-karen-silver","28":"pa_kruszec-srebro","29":"pa_proba-0-925","30":"pa_srednica-9mm","31":"pa_waga-110g","33":"first","34":"instock","35":"purchasable","36":"product-type-simple"},"aioseo_notices":[],"_links":{"self":[{"href":"https:\/\/staviori.com.pl\/cs\/wp-json\/wp\/v2\/product\/15661","targetHints":{"allow":["GET"]}}],"collection":[{"href":"https:\/\/staviori.com.pl\/cs\/wp-json\/wp\/v2\/product"}],"about":[{"href":"https:\/\/staviori.com.pl\/cs\/wp-json\/wp\/v2\/types\/product"}],"replies":[{"embeddable":true,"href":"https:\/\/staviori.com.pl\/cs\/wp-json\/wp\/v2\/comments?post=15661"}],"wp:featuredmedia":[{"embeddable":true,"href":"https:\/\/staviori.com.pl\/cs\/wp-json\/wp\/v2\/media\/7521"}],"wp:attachment":[{"href":"https:\/\/staviori.com.pl\/cs\/wp-json\/wp\/v2\/media?parent=15661"}],"wp:term":[{"taxonomy":"product_brand","embeddable":true,"href":"https:\/\/staviori.com.pl\/cs\/wp-json\/wp\/v2\/product_brand?post=15661"},{"taxonomy":"product_cat","embeddable":true,"href":"https:\/\/staviori.com.pl\/cs\/wp-json\/wp\/v2\/product_cat?post=15661"},{"taxonomy":"product_tag","embeddable":true,"href":"https:\/\/staviori.com.pl\/cs\/wp-json\/wp\/v2\/product_tag?post=15661"}],"curies":[{"name":"wp","href":"https:\/\/api.w.org\/{rel}","templated":true}]}}