{"id":15657,"date":"2025-02-24T22:49:28","date_gmt":"2025-02-24T21:49:28","guid":{"rendered":"https:\/\/staviori.com.pl\/product\/srebrne-naszyjniki-set6674\/"},"modified":"2026-02-11T00:09:23","modified_gmt":"2026-02-10T23:09:23","slug":"srebrne-naszyjniki-set6674","status":"publish","type":"product","link":"https:\/\/staviori.com.pl\/cs\/product\/srebrne-naszyjniki-set6674\/","title":{"rendered":"d\u011btsk\u00fd set - slon - n\u00e1hrdeln\u00edk a n\u00e1u\u0161nice post\u0159\u00edb\u0159en\u00e9 se smaltem"},"content":{"rendered":"<p>Model: SET6674<br \/>\nHmotnost p\u0159ibli\u017en\u011b 2,80 g<\/p>\n<p>N\u00e1hrdeln\u00edk.<br \/>\nSt\u0159\u00edbro 0.925 pokoven\u00e9 \u017elut\u00fdm zlatem<br \/>\nEmalia.<\/p>\n<p>Nastaviteln\u00e1 d\u00e9lka 40 cm - 45 cm.<\/p>\n<p>Kolczyki na sztyfcie oraz naszyjnik wykonane ze srebra, poz\u0142acane. Model przedstawia urocze s\u0142onie z uniesion\u0105 tr\u0105b\u0105, ozdobione r\u00f3\u017cow\u0105 i czarn\u0105 emali\u0105. Idealny zestaw dla dzieci, kt\u00f3ry doda rado\u015bci i oryginalnego stylu m\u0142odym mi\u0142o\u015bnikom bi\u017cuterii.<\/p>","protected":false},"excerpt":{"rendered":"<p>Uroczy komplet bi\u017cuterii dzieci\u0119cej wykonany ze srebra pr\u00f3by 0,925 pokrytego \u017c\u00f3\u0142tym z\u0142otem. W sk\u0142ad zestawu wchodzi naszyjnik z regulowan\u0105 d\u0142ugo\u015bci\u0105 40\u201345 cm oraz kolczyki na sztyft. Motywem przewodnim s\u0105 s\u0142oniki z uniesion\u0105 tr\u0105b\u0105 \u2013 symbole szcz\u0119\u015bcia i rado\u015bci, ozdobione r\u00f3\u017cow\u0105 oraz czarn\u0105 emali\u0105. To wyj\u0105tkowa propozycja dla najm\u0142odszych, kt\u00f3ra \u0142\u0105czy w sobie delikatno\u015b\u0107, zabawny design i pozytywn\u0105 energi\u0119.<\/p>","protected":false},"featured_media":21164,"comment_status":"closed","ping_status":"closed","template":"","meta":{"om_disable_all_campaigns":false},"product_brand":[2284,2350],"product_cat":[719,2133,1817],"product_tag":[3343,5811,5816,5815,5784,4209,5814,5809,5810,5802,5800,5812,5817,5818,5813,2427,2506],"class_list":{"0":"post-15657","1":"product","2":"type-product","3":"status-publish","4":"has-post-thumbnail","6":"product_brand-staviori","7":"product_brand-verona","8":"product_cat-naszyjniki","9":"product_cat-srebrne-naszyjniki","10":"product_cat-srebro-2","11":"product_tag-bizuteria-dziecieca","12":"product_tag-bizuteria-z-emalia","13":"product_tag-detska-sada-sperku","14":"product_tag-elephant-jewelry-set","15":"product_tag-enamel-jewelry","16":"product_tag-gold-plated-silver","17":"product_tag-kids-jewelry","18":"product_tag-komplet-dzieciecy","19":"product_tag-komplet-slonik","20":"product_tag-nahrdelnik-a-nausnice","21":"product_tag-naszyjnik-i-kolczyki","22":"product_tag-pozlacany-komplet","23":"product_tag-schmuck-kinder","24":"product_tag-schmuck-silber-vergoldet","25":"product_tag-slonik-bizuteria","26":"product_tag-srebro-925","27":"product_tag-srebro-pozlacane","28":"pa_kamien-emalia","29":"pa_kruszec-srebro","30":"pa_kruszec-srebro-pozlacane","31":"pa_proba-0-925","32":"pa_rozmiar-dlugosc-regulowana-40-45cm","33":"pa_waga-280g","35":"first","36":"instock","37":"purchasable","38":"product-type-simple"},"aioseo_notices":[],"_links":{"self":[{"href":"https:\/\/staviori.com.pl\/cs\/wp-json\/wp\/v2\/product\/15657","targetHints":{"allow":["GET"]}}],"collection":[{"href":"https:\/\/staviori.com.pl\/cs\/wp-json\/wp\/v2\/product"}],"about":[{"href":"https:\/\/staviori.com.pl\/cs\/wp-json\/wp\/v2\/types\/product"}],"replies":[{"embeddable":true,"href":"https:\/\/staviori.com.pl\/cs\/wp-json\/wp\/v2\/comments?post=15657"}],"wp:featuredmedia":[{"embeddable":true,"href":"https:\/\/staviori.com.pl\/cs\/wp-json\/wp\/v2\/media\/21164"}],"wp:attachment":[{"href":"https:\/\/staviori.com.pl\/cs\/wp-json\/wp\/v2\/media?parent=15657"}],"wp:term":[{"taxonomy":"product_brand","embeddable":true,"href":"https:\/\/staviori.com.pl\/cs\/wp-json\/wp\/v2\/product_brand?post=15657"},{"taxonomy":"product_cat","embeddable":true,"href":"https:\/\/staviori.com.pl\/cs\/wp-json\/wp\/v2\/product_cat?post=15657"},{"taxonomy":"product_tag","embeddable":true,"href":"https:\/\/staviori.com.pl\/cs\/wp-json\/wp\/v2\/product_tag?post=15657"}],"curies":[{"name":"wp","href":"https:\/\/api.w.org\/{rel}","templated":true}]}}