{"id":15654,"date":"2025-02-24T22:49:28","date_gmt":"2025-02-24T21:49:28","guid":{"rendered":"https:\/\/staviori.com.pl\/product\/srebrne-naszyjniki-set6359\/"},"modified":"2026-03-23T01:11:57","modified_gmt":"2026-03-23T00:11:57","slug":"srebrne-naszyjniki-set6359","status":"publish","type":"product","link":"https:\/\/staviori.com.pl\/cs\/product\/srebrne-naszyjniki-set6359\/","title":{"rendered":"st\u0159\u00edbrn\u00e1 souprava se zirkony, n\u00e1hrdeln\u00edk a n\u00e1ramek"},"content":{"rendered":"<p>Model: SET6359<br \/>\nWaga ok. 5g<\/p>\n<p>N\u00e1hrdeln\u00edk.<br \/>\n0,925 rhodiovan\u00e9 st\u0159\u00edbro.<br \/>\nZirkonie.<\/p>\n<p>Komplet &#8211; naszyjnik + bransoletka<\/p>","protected":false},"excerpt":{"rendered":"<p>Nowoczesny komplet bi\u017cuterii ze srebra rodowanego pr\u00f3by 0,925, sk\u0142adaj\u0105cy si\u0119 z naszyjnika i bransoletki. Delikatne zawieszki z l\u015bni\u0105cymi cyrkoniami dodaj\u0105 ca\u0142o\u015bci subtelnego blasku i elegancji. Minimalistyczny, a zarazem szykowny design sprawia, \u017ce zestaw doskonale sprawdzi si\u0119 zar\u00f3wno do codziennych stylizacji, jak i na wyj\u0105tkowe okazje.<\/p>","protected":false},"featured_media":21150,"comment_status":"closed","ping_status":"closed","template":"","meta":{"om_disable_all_campaigns":false},"product_brand":[2284,2350],"product_cat":[719,2133,1817],"product_tag":[4559,5793,2317,4363,5788,2384,5796,5789,5792,5794,5798,5768,5791,5797,5799,2427,2426,5795],"class_list":{"0":"post-15654","1":"product","2":"type-product","3":"status-publish","4":"has-post-thumbnail","6":"product_brand-staviori","7":"product_brand-verona","8":"product_cat-naszyjniki","9":"product_cat-srebrne-naszyjniki","10":"product_cat-srebro-2","11":"product_tag-bizuteria-z-cyrkoniami","12":"product_tag-cubic-zirconia-jewelry","13":"product_tag-elegancka-bizuteria","14":"product_tag-komplet-bizuterii","15":"product_tag-komplet-srebrny","16":"product_tag-minimalistyczna-bizuteria","17":"product_tag-nahrdelnik-a-naramek","18":"product_tag-naszyjnik-i-bransoletka","19":"product_tag-necklace-and-bracelet","20":"product_tag-rhodium-plated-silver","21":"product_tag-schmuck-set","22":"product_tag-schmuck-silber-925","23":"product_tag-silver-jewelry-set","24":"product_tag-sperky-se-zirkony","25":"product_tag-srebrny-komplet-z-cyrkoniami","26":"product_tag-srebro-925","27":"product_tag-srebro-rodowane","28":"product_tag-stribrna-sada","29":"pa_kamien-cyrkonia","30":"pa_kruszec-srebro-rodowane","31":"pa_proba-0-925","32":"pa_rozmiar-18cm","33":"pa_rozmiar-47cm","34":"pa_waga-500g","36":"first","37":"instock","38":"purchasable","39":"product-type-simple"},"aioseo_notices":[],"_links":{"self":[{"href":"https:\/\/staviori.com.pl\/cs\/wp-json\/wp\/v2\/product\/15654","targetHints":{"allow":["GET"]}}],"collection":[{"href":"https:\/\/staviori.com.pl\/cs\/wp-json\/wp\/v2\/product"}],"about":[{"href":"https:\/\/staviori.com.pl\/cs\/wp-json\/wp\/v2\/types\/product"}],"replies":[{"embeddable":true,"href":"https:\/\/staviori.com.pl\/cs\/wp-json\/wp\/v2\/comments?post=15654"}],"wp:featuredmedia":[{"embeddable":true,"href":"https:\/\/staviori.com.pl\/cs\/wp-json\/wp\/v2\/media\/21150"}],"wp:attachment":[{"href":"https:\/\/staviori.com.pl\/cs\/wp-json\/wp\/v2\/media?parent=15654"}],"wp:term":[{"taxonomy":"product_brand","embeddable":true,"href":"https:\/\/staviori.com.pl\/cs\/wp-json\/wp\/v2\/product_brand?post=15654"},{"taxonomy":"product_cat","embeddable":true,"href":"https:\/\/staviori.com.pl\/cs\/wp-json\/wp\/v2\/product_cat?post=15654"},{"taxonomy":"product_tag","embeddable":true,"href":"https:\/\/staviori.com.pl\/cs\/wp-json\/wp\/v2\/product_tag?post=15654"}],"curies":[{"name":"wp","href":"https:\/\/api.w.org\/{rel}","templated":true}]}}