{"id":15653,"date":"2025-02-24T22:49:28","date_gmt":"2025-02-24T21:49:28","guid":{"rendered":"https:\/\/staviori.com.pl\/product\/srebrne-naszyjniki-set6358\/"},"modified":"2026-03-23T01:11:33","modified_gmt":"2026-03-23T00:11:33","slug":"srebrne-naszyjniki-set6358","status":"publish","type":"product","link":"https:\/\/staviori.com.pl\/cs\/product\/srebrne-naszyjniki-set6358\/","title":{"rendered":"st\u0159\u00edbrn\u00e1 souprava n\u00e1hrdeln\u00edku a n\u00e1ramku se zirkony"},"content":{"rendered":"<p>Model: SET6358<br \/>\nWaga ok. 5g<\/p>\n<p>N\u00e1hrdeln\u00edk.<br \/>\n0,925 rhodiovan\u00e9 st\u0159\u00edbro.<br \/>\nZirkonie.<\/p>\n<p>Komplet &#8211; naszyjnik + bransoletka<\/p>","protected":false},"excerpt":{"rendered":"<p>Stylowy komplet bi\u017cuterii wykonany z rodowanego srebra pr\u00f3by 0,925, sk\u0142adaj\u0105cy si\u0119 z naszyjnika i bransoletki. Subtelne zdobienia z l\u015bni\u0105cych cyrkonii u\u0142o\u017conych w delikatne motywy kwiatowe nadaj\u0105 ca\u0142o\u015bci elegancji i romantycznego charakteru. To doskona\u0142y wyb\u00f3r zar\u00f3wno na co dzie\u0144, jak i na wyj\u0105tkowe okazje, kiedy chcesz doda\u0107 blasku swojej stylizacji.<\/p>","protected":false},"featured_media":21146,"comment_status":"closed","ping_status":"closed","template":"","meta":{"om_disable_all_campaigns":false},"product_brand":[2284,2350],"product_cat":[719,2133,1817],"product_tag":[4559,5793,2317,4363,5788,5790,5796,5789,5792,5794,5798,5768,5791,5797,2427,2426,5795],"class_list":{"0":"post-15653","1":"product","2":"type-product","3":"status-publish","4":"has-post-thumbnail","6":"product_brand-staviori","7":"product_brand-verona","8":"product_cat-naszyjniki","9":"product_cat-srebrne-naszyjniki","10":"product_cat-srebro-2","11":"product_tag-bizuteria-z-cyrkoniami","12":"product_tag-cubic-zirconia-jewelry","13":"product_tag-elegancka-bizuteria","14":"product_tag-komplet-bizuterii","15":"product_tag-komplet-srebrny","16":"product_tag-komplet-srebrny-z-cyrkoniami","17":"product_tag-nahrdelnik-a-naramek","18":"product_tag-naszyjnik-i-bransoletka","19":"product_tag-necklace-and-bracelet","20":"product_tag-rhodium-plated-silver","21":"product_tag-schmuck-set","22":"product_tag-schmuck-silber-925","23":"product_tag-silver-jewelry-set","24":"product_tag-sperky-se-zirkony","25":"product_tag-srebro-925","26":"product_tag-srebro-rodowane","27":"product_tag-stribrna-sada","28":"pa_kamien-cyrkonia","29":"pa_kruszec-srebro-rodowane","30":"pa_proba-0-925","31":"pa_rozmiar-19cm","32":"pa_rozmiar-47cm","33":"pa_waga-500g","35":"first","36":"instock","37":"purchasable","38":"product-type-simple"},"aioseo_notices":[],"_links":{"self":[{"href":"https:\/\/staviori.com.pl\/cs\/wp-json\/wp\/v2\/product\/15653","targetHints":{"allow":["GET"]}}],"collection":[{"href":"https:\/\/staviori.com.pl\/cs\/wp-json\/wp\/v2\/product"}],"about":[{"href":"https:\/\/staviori.com.pl\/cs\/wp-json\/wp\/v2\/types\/product"}],"replies":[{"embeddable":true,"href":"https:\/\/staviori.com.pl\/cs\/wp-json\/wp\/v2\/comments?post=15653"}],"wp:featuredmedia":[{"embeddable":true,"href":"https:\/\/staviori.com.pl\/cs\/wp-json\/wp\/v2\/media\/21146"}],"wp:attachment":[{"href":"https:\/\/staviori.com.pl\/cs\/wp-json\/wp\/v2\/media?parent=15653"}],"wp:term":[{"taxonomy":"product_brand","embeddable":true,"href":"https:\/\/staviori.com.pl\/cs\/wp-json\/wp\/v2\/product_brand?post=15653"},{"taxonomy":"product_cat","embeddable":true,"href":"https:\/\/staviori.com.pl\/cs\/wp-json\/wp\/v2\/product_cat?post=15653"},{"taxonomy":"product_tag","embeddable":true,"href":"https:\/\/staviori.com.pl\/cs\/wp-json\/wp\/v2\/product_tag?post=15653"}],"curies":[{"name":"wp","href":"https:\/\/api.w.org\/{rel}","templated":true}]}}