{"id":15647,"date":"2025-02-24T22:49:24","date_gmt":"2025-02-24T21:49:24","guid":{"rendered":"https:\/\/staviori.com.pl\/product\/srebrna-broszka-rsm3282\/"},"modified":"2026-02-11T00:09:23","modified_gmt":"2026-02-10T23:09:23","slug":"srebrna-broszka-rsm3282","status":"publish","type":"product","link":"https:\/\/staviori.com.pl\/cs\/product\/srebrna-broszka-rsm3282\/","title":{"rendered":"st\u0159\u00edbrn\u00e1 bro\u017e s mot\u00fdlem, smaltem a markazity"},"content":{"rendered":"<p>Model: RSM3282<br \/>\nWaga ok. 9,00g<\/p>\n<p>Bro\u017e.<br \/>\nSt\u0159\u00edbro 0,925.<br \/>\nMarkazit\u00e9.<br \/>\nEmalia.<\/p>\n<p>Wymiary 24&#215;64 mm.<\/p>","protected":false},"excerpt":{"rendered":"<p>Origin\u00e1ln\u00ed bro\u017e ve tvaru mot\u00fdla ze st\u0159\u00edbra ryzosti 0,925. Barevn\u00fd smalt v kombinaci s leskl\u00fdm markazitem vytv\u00e1\u0159\u00ed mimo\u0159\u00e1dn\u011b elegantn\u00ed a poutav\u00fd efekt. \u00dast\u0159edn\u00edm bodem ozdoby je intenzivn\u011b fialov\u00fd k\u00e1men, kter\u00fd dod\u00e1v\u00e1 celku noblesu a jedine\u010dn\u00fd charakter. Ide\u00e1ln\u00ed volba pro \u017eeny, kter\u00e9 ocen\u00ed jedine\u010dn\u00e9 \u0161perky s um\u011bleck\u00fdm n\u00e1dechem.<\/p>","protected":false},"featured_media":21130,"comment_status":"closed","ping_status":"closed","template":"","meta":{"om_disable_all_campaigns":false},"product_brand":[2284,2350],"product_cat":[2233,2235,1817],"product_tag":[2907,5769,5672,5675,5764,5674,5765,5696,5767,5677,5763,4118,2493,5768,5676,2427,5766],"class_list":{"0":"post-15647","1":"product","2":"type-product","3":"status-publish","4":"has-post-thumbnail","6":"product_brand-staviori","7":"product_brand-verona","8":"product_cat-broszki-3","9":"product_cat-srebrna-broszka","10":"product_cat-srebro-2","11":"product_tag-bizuteria-artystyczna","12":"product_tag-brosche-schmetterling","13":"product_tag-broszka-srebrna","14":"product_tag-broszka-z-emalia","15":"product_tag-broszka-z-fioletowym-kamieniem","16":"product_tag-broszka-z-markazytami","17":"product_tag-broz-motyl","18":"product_tag-butterfly-brooch","19":"product_tag-emailova-broz","20":"product_tag-enamel-brooch","21":"product_tag-kolorowa-broszka","22":"product_tag-marcasite-jewelry","23":"product_tag-motyl","24":"product_tag-schmuck-silber-925","25":"product_tag-silver-brooch","26":"product_tag-srebro-925","27":"product_tag-stribrna-broz","28":"pa_dostawca-verona","29":"pa_kamien-emalia","30":"pa_kamien-markazyty","31":"pa_kruszec-srebro","32":"pa_motyw-motylek","33":"pa_proba-0-925","34":"pa_waga-910g","35":"pa_wymiary-63x26mm","37":"first","38":"instock","39":"purchasable","40":"product-type-simple"},"aioseo_notices":[],"_links":{"self":[{"href":"https:\/\/staviori.com.pl\/cs\/wp-json\/wp\/v2\/product\/15647","targetHints":{"allow":["GET"]}}],"collection":[{"href":"https:\/\/staviori.com.pl\/cs\/wp-json\/wp\/v2\/product"}],"about":[{"href":"https:\/\/staviori.com.pl\/cs\/wp-json\/wp\/v2\/types\/product"}],"replies":[{"embeddable":true,"href":"https:\/\/staviori.com.pl\/cs\/wp-json\/wp\/v2\/comments?post=15647"}],"wp:featuredmedia":[{"embeddable":true,"href":"https:\/\/staviori.com.pl\/cs\/wp-json\/wp\/v2\/media\/21130"}],"wp:attachment":[{"href":"https:\/\/staviori.com.pl\/cs\/wp-json\/wp\/v2\/media?parent=15647"}],"wp:term":[{"taxonomy":"product_brand","embeddable":true,"href":"https:\/\/staviori.com.pl\/cs\/wp-json\/wp\/v2\/product_brand?post=15647"},{"taxonomy":"product_cat","embeddable":true,"href":"https:\/\/staviori.com.pl\/cs\/wp-json\/wp\/v2\/product_cat?post=15647"},{"taxonomy":"product_tag","embeddable":true,"href":"https:\/\/staviori.com.pl\/cs\/wp-json\/wp\/v2\/product_tag?post=15647"}],"curies":[{"name":"wp","href":"https:\/\/api.w.org\/{rel}","templated":true}]}}