{"id":15642,"date":"2025-02-24T22:49:24","date_gmt":"2025-02-24T21:49:24","guid":{"rendered":"https:\/\/staviori.com.pl\/product\/srebrna-broszka-rdm4110\/"},"modified":"2026-02-11T00:09:23","modified_gmt":"2026-02-10T23:09:23","slug":"srebrna-broszka-rdm4110","status":"publish","type":"product","link":"https:\/\/staviori.com.pl\/cs\/product\/srebrna-broszka-rdm4110\/","title":{"rendered":"St\u0159\u00edbrn\u00e1 bro\u017e s onyxem, gran\u00e1ty a markazity"},"content":{"rendered":"<p>Model: RDM4110<br \/>\nWaga ok. 6,80g<\/p>\n<p>Broszka \/ Wisiorek.<br \/>\n0,925 rhodiovan\u00e9 st\u0159\u00edbro.<br \/>\nMarkazit\u00e9.<br \/>\nOnyx.<br \/>\nGranat.<\/p>\n<p>Wymiary 32.16.3 mm.<\/p>\n<p>Broszka mo\u017ce by\u0107 r\u00f3wnie\u017c wisiorkiem.<\/p>","protected":false},"excerpt":{"rendered":"<p>Urocza broszka w formie sowy, wykonana z rodowanego srebra pr\u00f3by 0,925. Jej oczy zdobi\u0105 czerwone granaty, kt\u00f3re dodaj\u0105 spojrzeniu tajemniczo\u015bci i wyrazisto\u015bci. Brzuszek sowy stanowi g\u0142adki onyks, a ca\u0142o\u015b\u0107 uzupe\u0142niaj\u0105 migocz\u0105ce markazyty, podkre\u015blaj\u0105ce detaliczne wyko\u0144czenie. Bi\u017cuteria pe\u0142na symboliki m\u0105dro\u015bci i elegancji, kt\u00f3r\u0105 mo\u017cna nosi\u0107 r\u00f3wnie\u017c jako wisiorek.<\/p>","protected":false},"featured_media":21117,"comment_status":"closed","ping_status":"closed","template":"","meta":{"om_disable_all_campaigns":false},"product_brand":[2284],"product_cat":[2233,2235,1817],"product_tag":[5739,5672,5740,5674,5722,5723,5742,5729,5731,5725,5728,5724,5727,5741,5676,2427],"class_list":{"0":"post-15642","1":"product","2":"type-product","3":"status-publish","4":"has-post-thumbnail","6":"product_brand-staviori","7":"product_cat-broszki-3","8":"product_cat-srebrna-broszka","9":"product_cat-srebro-2","10":"product_tag-broszka-sowa","11":"product_tag-broszka-srebrna","12":"product_tag-broszka-z-granatami","13":"product_tag-broszka-z-markazytami","14":"product_tag-broszka-z-onyksami","15":"product_tag-elegancka-broszka","16":"product_tag-eulenbrosche","17":"product_tag-garnet-brooch","18":"product_tag-granatbrosche","19":"product_tag-marcasite-brooch","20":"product_tag-markasitbrosche","21":"product_tag-onyx-brooch","22":"product_tag-onyxbrosche","23":"product_tag-owl-brooch","24":"product_tag-silver-brooch","25":"product_tag-srebro-925","26":"pa_dostawca-markazyty-hong","27":"pa_kamien-granat","28":"pa_kamien-markazyty","29":"pa_kamien-onyks","30":"pa_kruszec-srebro-rodowane","31":"pa_motyw-ptak","32":"pa_motyw-sowa","33":"pa_proba-0-925","34":"pa_waga-680g","35":"pa_wymiary-32-16-3mm","37":"first","38":"instock","39":"purchasable","40":"product-type-simple"},"aioseo_notices":[],"_links":{"self":[{"href":"https:\/\/staviori.com.pl\/cs\/wp-json\/wp\/v2\/product\/15642","targetHints":{"allow":["GET"]}}],"collection":[{"href":"https:\/\/staviori.com.pl\/cs\/wp-json\/wp\/v2\/product"}],"about":[{"href":"https:\/\/staviori.com.pl\/cs\/wp-json\/wp\/v2\/types\/product"}],"replies":[{"embeddable":true,"href":"https:\/\/staviori.com.pl\/cs\/wp-json\/wp\/v2\/comments?post=15642"}],"wp:featuredmedia":[{"embeddable":true,"href":"https:\/\/staviori.com.pl\/cs\/wp-json\/wp\/v2\/media\/21117"}],"wp:attachment":[{"href":"https:\/\/staviori.com.pl\/cs\/wp-json\/wp\/v2\/media?parent=15642"}],"wp:term":[{"taxonomy":"product_brand","embeddable":true,"href":"https:\/\/staviori.com.pl\/cs\/wp-json\/wp\/v2\/product_brand?post=15642"},{"taxonomy":"product_cat","embeddable":true,"href":"https:\/\/staviori.com.pl\/cs\/wp-json\/wp\/v2\/product_cat?post=15642"},{"taxonomy":"product_tag","embeddable":true,"href":"https:\/\/staviori.com.pl\/cs\/wp-json\/wp\/v2\/product_tag?post=15642"}],"curies":[{"name":"wp","href":"https:\/\/api.w.org\/{rel}","templated":true}]}}