{"id":15641,"date":"2025-02-24T22:49:24","date_gmt":"2025-02-24T21:49:24","guid":{"rendered":"https:\/\/staviori.com.pl\/product\/srebrna-broszka-rdm3732\/"},"modified":"2026-02-11T00:09:23","modified_gmt":"2026-02-10T23:09:23","slug":"srebrna-broszka-rdm3732","status":"publish","type":"product","link":"https:\/\/staviori.com.pl\/cs\/product\/srebrna-broszka-rdm3732\/","title":{"rendered":"St\u0159\u00edbrn\u00e1 bro\u017e s ma\u0161l\u00ed, markazity a kor\u00e1ly"},"content":{"rendered":"<p>Model: RDM3732<br \/>\nWaga ok. 7,70g<\/p>\n<p>Bro\u017e.<br \/>\n0,925 rhodiovan\u00e9 st\u0159\u00edbro.<br \/>\nMarkazit\u00e9.<br \/>\nKoral syntetyczny.<\/p>\n<p>Wymiary 21&#215;34 mm.<\/p>","protected":false},"excerpt":{"rendered":"<p>Urocza broszka w kszta\u0142cie kokardy, wykonana z rodowanego srebra pr\u00f3by 0,925. Jej powierzchni\u0119 zdobi\u0105 po\u0142yskuj\u0105ce markazyty, kt\u00f3re dodaj\u0105 ca\u0142o\u015bci eleganckiego blasku. Centralnym punktem kompozycji jest czerwony koral syntetyczny, nadaj\u0105cy broszce wyj\u0105tkowego charakteru i wyrazisto\u015bci. To idealny dodatek dla kobiet lubi\u0105cych bi\u017cuteri\u0119 o klasycznym, a zarazem odwa\u017cnym stylu.<\/p>","protected":false},"featured_media":7463,"comment_status":"closed","ping_status":"closed","template":"","meta":{"om_disable_all_campaigns":false},"product_brand":[2284],"product_cat":[2233,2235,1817],"product_tag":[5699,5672,5690,5674,5692,5723,5737,5725,5728,5733,5676,2427],"class_list":{"0":"post-15641","1":"product","2":"type-product","3":"status-publish","4":"has-post-thumbnail","6":"product_brand-staviori","7":"product_cat-broszki-3","8":"product_cat-srebrna-broszka","9":"product_cat-srebro-2","10":"product_tag-broszka-kokarda","11":"product_tag-broszka-srebrna","12":"product_tag-broszka-z-koralem","13":"product_tag-broszka-z-markazytami","14":"product_tag-coral-brooch","15":"product_tag-elegancka-broszka","16":"product_tag-korallenbrosche","17":"product_tag-marcasite-brooch","18":"product_tag-markasitbrosche","19":"product_tag-schleifenbrosche","20":"product_tag-silver-brooch","21":"product_tag-srebro-925","22":"pa_dostawca-markazyty-hong","23":"pa_kamien-koral-syntetyczny","24":"pa_kamien-markazyty","25":"pa_kruszec-srebro-rodowane","26":"pa_motyw-kokardka","27":"pa_proba-0-925","28":"pa_waga-770g","29":"pa_wymiary-21x34mm","31":"first","32":"instock","33":"purchasable","34":"product-type-simple"},"aioseo_notices":[],"_links":{"self":[{"href":"https:\/\/staviori.com.pl\/cs\/wp-json\/wp\/v2\/product\/15641","targetHints":{"allow":["GET"]}}],"collection":[{"href":"https:\/\/staviori.com.pl\/cs\/wp-json\/wp\/v2\/product"}],"about":[{"href":"https:\/\/staviori.com.pl\/cs\/wp-json\/wp\/v2\/types\/product"}],"replies":[{"embeddable":true,"href":"https:\/\/staviori.com.pl\/cs\/wp-json\/wp\/v2\/comments?post=15641"}],"wp:featuredmedia":[{"embeddable":true,"href":"https:\/\/staviori.com.pl\/cs\/wp-json\/wp\/v2\/media\/7463"}],"wp:attachment":[{"href":"https:\/\/staviori.com.pl\/cs\/wp-json\/wp\/v2\/media?parent=15641"}],"wp:term":[{"taxonomy":"product_brand","embeddable":true,"href":"https:\/\/staviori.com.pl\/cs\/wp-json\/wp\/v2\/product_brand?post=15641"},{"taxonomy":"product_cat","embeddable":true,"href":"https:\/\/staviori.com.pl\/cs\/wp-json\/wp\/v2\/product_cat?post=15641"},{"taxonomy":"product_tag","embeddable":true,"href":"https:\/\/staviori.com.pl\/cs\/wp-json\/wp\/v2\/product_tag?post=15641"}],"curies":[{"name":"wp","href":"https:\/\/api.w.org\/{rel}","templated":true}]}}