{"id":15637,"date":"2025-02-24T22:49:24","date_gmt":"2025-02-24T21:49:24","guid":{"rendered":"https:\/\/staviori.com.pl\/product\/srebrna-broszka-rdm3239\/"},"modified":"2026-02-11T00:09:23","modified_gmt":"2026-02-10T23:09:23","slug":"srebrna-broszka-rdm3239","status":"publish","type":"product","link":"https:\/\/staviori.com.pl\/cs\/product\/srebrna-broszka-rdm3239\/","title":{"rendered":"St\u0159\u00edbrn\u00e1 bro\u017e s markazity a gran\u00e1tem"},"content":{"rendered":"<p>Model: RDM3239<br \/>\nHmotnost p\u0159ibli\u017en\u011b 2,90 g<\/p>\n<p>Bro\u017e.<br \/>\nSt\u0159\u00edbro 0,925.<br \/>\nMarkazit\u00e9.<br \/>\nGranat.<\/p>\n<p>Wymiary 22&#215;31 mm.<\/p>","protected":false},"excerpt":{"rendered":"<p>Model: RDM3239 Waga ok. 2,90g Broszka. Srebro 0,925. Markazyty. Granat. Wymiary 22&#215;31 mm.<\/p>","protected":false},"featured_media":7438,"comment_status":"closed","ping_status":"closed","template":"","meta":{"om_disable_all_campaigns":false},"product_brand":[2284],"product_cat":[2233,2235,1817],"product_tag":[5673,5672,5683,5674,5723,5729,5731,5725,5728,5676,2427,5730],"class_list":{"0":"post-15637","1":"product","2":"type-product","3":"status-publish","4":"has-post-thumbnail","6":"product_brand-staviori","7":"product_cat-broszki-3","8":"product_cat-srebrna-broszka","9":"product_cat-srebro-2","10":"product_tag-broszka-ptak","11":"product_tag-broszka-srebrna","12":"product_tag-broszka-z-granatem","13":"product_tag-broszka-z-markazytami","14":"product_tag-elegancka-broszka","15":"product_tag-garnet-brooch","16":"product_tag-granatbrosche","17":"product_tag-marcasite-brooch","18":"product_tag-markasitbrosche","19":"product_tag-silver-brooch","20":"product_tag-srebro-925","21":"product_tag-vogelbrosche","22":"pa_dostawca-markazyty-hong","23":"pa_kamien-granat","24":"pa_kamien-markazyty","25":"pa_kruszec-srebro","26":"pa_motyw-ptak","27":"pa_proba-0-925","28":"pa_waga-290g","29":"pa_wymiary-22x31mm","31":"first","32":"instock","33":"purchasable","34":"product-type-simple"},"aioseo_notices":[],"_links":{"self":[{"href":"https:\/\/staviori.com.pl\/cs\/wp-json\/wp\/v2\/product\/15637","targetHints":{"allow":["GET"]}}],"collection":[{"href":"https:\/\/staviori.com.pl\/cs\/wp-json\/wp\/v2\/product"}],"about":[{"href":"https:\/\/staviori.com.pl\/cs\/wp-json\/wp\/v2\/types\/product"}],"replies":[{"embeddable":true,"href":"https:\/\/staviori.com.pl\/cs\/wp-json\/wp\/v2\/comments?post=15637"}],"wp:featuredmedia":[{"embeddable":true,"href":"https:\/\/staviori.com.pl\/cs\/wp-json\/wp\/v2\/media\/7438"}],"wp:attachment":[{"href":"https:\/\/staviori.com.pl\/cs\/wp-json\/wp\/v2\/media?parent=15637"}],"wp:term":[{"taxonomy":"product_brand","embeddable":true,"href":"https:\/\/staviori.com.pl\/cs\/wp-json\/wp\/v2\/product_brand?post=15637"},{"taxonomy":"product_cat","embeddable":true,"href":"https:\/\/staviori.com.pl\/cs\/wp-json\/wp\/v2\/product_cat?post=15637"},{"taxonomy":"product_tag","embeddable":true,"href":"https:\/\/staviori.com.pl\/cs\/wp-json\/wp\/v2\/product_tag?post=15637"}],"curies":[{"name":"wp","href":"https:\/\/api.w.org\/{rel}","templated":true}]}}