{"id":15635,"date":"2025-02-24T22:49:24","date_gmt":"2025-02-24T21:49:24","guid":{"rendered":"https:\/\/staviori.com.pl\/product\/srebrna-broszka-rdm3232\/"},"modified":"2026-02-11T00:09:23","modified_gmt":"2026-02-10T23:09:23","slug":"srebrna-broszka-rdm3232","status":"publish","type":"product","link":"https:\/\/staviori.com.pl\/cs\/product\/srebrna-broszka-rdm3232\/","title":{"rendered":"kr\u00e1sn\u00e1 ov\u00e1ln\u00e1 st\u0159\u00edbrn\u00e1 bro\u017e s onyxem a markazity"},"content":{"rendered":"<p>Model: RDM3232<br \/>\nWaga ok. 9,25g<\/p>\n<p>Bro\u017e.<br \/>\n0,925 rhodiovan\u00e9 st\u0159\u00edbro.<br \/>\nMarkazit\u00e9.<br \/>\nOnyx.<\/p>\n<p>Wymiary 25&#215;35 mm.<\/p>","protected":false},"excerpt":{"rendered":"<p>Stylowa broszka o klasycznym, owalnym kszta\u0142cie, wykonana z rodowanego srebra pr\u00f3by 0,925. Centralnym punktem jest du\u017cy onyks o g\u0142\u0119bokiej, czarnej barwie, otoczony b\u0142yszcz\u0105cymi markazytami, kt\u00f3re nadaj\u0105 ca\u0142o\u015bci elegancji i wytwornego charakteru. A\u017curowa oprawa dodaje lekko\u015bci i subtelnego uroku. To wyj\u0105tkowy dodatek, idealny zar\u00f3wno do codziennych stylizacji, jak i eleganckich kreacji wieczorowych.<\/p>","protected":false},"featured_media":7424,"comment_status":"closed","ping_status":"closed","template":"","meta":{"om_disable_all_campaigns":false},"product_brand":[2284],"product_cat":[2233,2235,1817],"product_tag":[5719,5672,5674,5682,4118,5685,5720,5721,5676,2427],"class_list":{"0":"post-15635","1":"product","2":"type-product","3":"status-publish","4":"has-post-thumbnail","6":"product_brand-staviori","7":"product_cat-broszki-3","8":"product_cat-srebrna-broszka","9":"product_cat-srebro-2","10":"product_tag-broszka-owalna","11":"product_tag-broszka-srebrna","12":"product_tag-broszka-z-markazytami","13":"product_tag-broszka-z-onyksem","14":"product_tag-marcasite-jewelry","15":"product_tag-onyx-jewelry","16":"product_tag-ovale-brosche","17":"product_tag-owalna","18":"product_tag-silver-brooch","19":"product_tag-srebro-925","20":"pa_dostawca-markazyty-hong","21":"pa_kamien-markazyty","22":"pa_kamien-onyks","23":"pa_kruszec-srebro-rodowane","24":"pa_proba-0-925","25":"pa_waga-920g","26":"pa_wymiary-25x35mm","28":"first","29":"instock","30":"purchasable","31":"product-type-simple"},"aioseo_notices":[],"_links":{"self":[{"href":"https:\/\/staviori.com.pl\/cs\/wp-json\/wp\/v2\/product\/15635","targetHints":{"allow":["GET"]}}],"collection":[{"href":"https:\/\/staviori.com.pl\/cs\/wp-json\/wp\/v2\/product"}],"about":[{"href":"https:\/\/staviori.com.pl\/cs\/wp-json\/wp\/v2\/types\/product"}],"replies":[{"embeddable":true,"href":"https:\/\/staviori.com.pl\/cs\/wp-json\/wp\/v2\/comments?post=15635"}],"wp:featuredmedia":[{"embeddable":true,"href":"https:\/\/staviori.com.pl\/cs\/wp-json\/wp\/v2\/media\/7424"}],"wp:attachment":[{"href":"https:\/\/staviori.com.pl\/cs\/wp-json\/wp\/v2\/media?parent=15635"}],"wp:term":[{"taxonomy":"product_brand","embeddable":true,"href":"https:\/\/staviori.com.pl\/cs\/wp-json\/wp\/v2\/product_brand?post=15635"},{"taxonomy":"product_cat","embeddable":true,"href":"https:\/\/staviori.com.pl\/cs\/wp-json\/wp\/v2\/product_cat?post=15635"},{"taxonomy":"product_tag","embeddable":true,"href":"https:\/\/staviori.com.pl\/cs\/wp-json\/wp\/v2\/product_tag?post=15635"}],"curies":[{"name":"wp","href":"https:\/\/api.w.org\/{rel}","templated":true}]}}