{"id":15634,"date":"2025-02-24T22:49:24","date_gmt":"2025-02-24T21:49:24","guid":{"rendered":"https:\/\/staviori.com.pl\/product\/srebrna-broszka-rdm3229\/"},"modified":"2026-02-11T00:09:23","modified_gmt":"2026-02-10T23:09:23","slug":"srebrna-broszka-rdm3229","status":"publish","type":"product","link":"https:\/\/staviori.com.pl\/cs\/product\/srebrna-broszka-rdm3229\/","title":{"rendered":"st\u0159\u00edbrn\u00e1 bro\u017e s onyxem a markazity"},"content":{"rendered":"<p>Model: RDM3229<br \/>\nWaga ok. 7,30g<\/p>\n<p>Bro\u017e.<br \/>\n0,925 rhodiovan\u00e9 st\u0159\u00edbro.<br \/>\nMarkazit\u00e9.<br \/>\nOnyx.<\/p>\n<p>Wymiary 21&#215;34 mm.<\/p>","protected":false},"excerpt":{"rendered":"<p>Subtelna broszka w kszta\u0142cie kokardy, wykonana z rodowanego srebra pr\u00f3by 0,925. Jej powierzchni\u0119 zdobi\u0105 l\u015bni\u0105ce markazyty, kt\u00f3re nadaj\u0105 ca\u0142o\u015bci elegancji i blasku. Centralnym punktem jest g\u0142\u0119boki, czarny onyks, kt\u00f3ry pi\u0119knie kontrastuje ze srebrem, podkre\u015blaj\u0105c wyj\u0105tkowy charakter bi\u017cuterii. To stylowy dodatek, kt\u00f3ry doskonale sprawdzi si\u0119 zar\u00f3wno w codziennych, jak i wieczorowych stylizacjach.<\/p>","protected":false},"featured_media":21107,"comment_status":"closed","ping_status":"closed","template":"","meta":{"om_disable_all_campaigns":false},"product_brand":[2284],"product_cat":[2233,2235,1817],"product_tag":[5700,5699,5672,5674,5682,4118,5685,5701,5676,2427],"class_list":{"0":"post-15634","1":"product","2":"type-product","3":"status-publish","4":"has-post-thumbnail","6":"product_brand-staviori","7":"product_cat-broszki-3","8":"product_cat-srebrna-broszka","9":"product_cat-srebro-2","10":"product_tag-bow-brooch","11":"product_tag-broszka-kokarda","12":"product_tag-broszka-srebrna","13":"product_tag-broszka-z-markazytami","14":"product_tag-broszka-z-onyksem","15":"product_tag-marcasite-jewelry","16":"product_tag-onyx-jewelry","17":"product_tag-schleifen-brosche","18":"product_tag-silver-brooch","19":"product_tag-srebro-925","20":"pa_dostawca-markazyty-hong","21":"pa_kamien-markazyty","22":"pa_kamien-onyks","23":"pa_kruszec-srebro-rodowane","24":"pa_motyw-kokardka","25":"pa_proba-0-925","26":"pa_waga-730g","27":"pa_wymiary-21x34mm","29":"first","30":"instock","31":"purchasable","32":"product-type-simple"},"aioseo_notices":[],"_links":{"self":[{"href":"https:\/\/staviori.com.pl\/cs\/wp-json\/wp\/v2\/product\/15634","targetHints":{"allow":["GET"]}}],"collection":[{"href":"https:\/\/staviori.com.pl\/cs\/wp-json\/wp\/v2\/product"}],"about":[{"href":"https:\/\/staviori.com.pl\/cs\/wp-json\/wp\/v2\/types\/product"}],"replies":[{"embeddable":true,"href":"https:\/\/staviori.com.pl\/cs\/wp-json\/wp\/v2\/comments?post=15634"}],"wp:featuredmedia":[{"embeddable":true,"href":"https:\/\/staviori.com.pl\/cs\/wp-json\/wp\/v2\/media\/21107"}],"wp:attachment":[{"href":"https:\/\/staviori.com.pl\/cs\/wp-json\/wp\/v2\/media?parent=15634"}],"wp:term":[{"taxonomy":"product_brand","embeddable":true,"href":"https:\/\/staviori.com.pl\/cs\/wp-json\/wp\/v2\/product_brand?post=15634"},{"taxonomy":"product_cat","embeddable":true,"href":"https:\/\/staviori.com.pl\/cs\/wp-json\/wp\/v2\/product_cat?post=15634"},{"taxonomy":"product_tag","embeddable":true,"href":"https:\/\/staviori.com.pl\/cs\/wp-json\/wp\/v2\/product_tag?post=15634"}],"curies":[{"name":"wp","href":"https:\/\/api.w.org\/{rel}","templated":true}]}}