{"id":15631,"date":"2025-02-24T22:49:24","date_gmt":"2025-02-24T21:49:24","guid":{"rendered":"https:\/\/staviori.com.pl\/product\/srebrna-broszka-rdm2855\/"},"modified":"2026-02-11T00:09:23","modified_gmt":"2026-02-10T23:09:23","slug":"srebrna-broszka-rdm2855","status":"publish","type":"product","link":"https:\/\/staviori.com.pl\/cs\/product\/srebrna-broszka-rdm2855\/","title":{"rendered":"st\u0159\u00edbrn\u00e1 kr\u00e1sn\u00e1 kulat\u00e1 bro\u017e s markazity"},"content":{"rendered":"<p>Model: RDM2855<br \/>\nWaga ok. 9,25g<\/p>\n<p>Bro\u017e.<br \/>\n0,925 rhodiovan\u00e9 st\u0159\u00edbro.<br \/>\nMarkazit\u00e9.<\/p>\n<p>\u015arednica 38 mm.<\/p>","protected":false},"excerpt":{"rendered":"<p>Klasyczna broszka w formie okr\u0119gu, wykonana z rodowanego srebra pr\u00f3by 0,925. Jej a\u017curowa kompozycja ozdobiona zosta\u0142a b\u0142yszcz\u0105cymi markazytami, kt\u00f3re pi\u0119knie podkre\u015blaj\u0105 ka\u017cdy detal i nadaj\u0105 bi\u017cuterii wyj\u0105tkowej elegancji. Uniwersalny i ponadczasowy wz\u00f3r sprawia, \u017ce broszka b\u0119dzie doskona\u0142ym dodatkiem zar\u00f3wno do codziennych, jak i wieczorowych stylizacji.<\/p>","protected":false},"featured_media":21099,"comment_status":"closed","ping_status":"closed","template":"","meta":{"om_disable_all_campaigns":false},"product_brand":[2284],"product_cat":[2233,2235,1817],"product_tag":[5709,5672,5674,5710,4118,5711,5712,5676,2427,5713],"class_list":{"0":"post-15631","1":"product","2":"type-product","3":"status-publish","4":"has-post-thumbnail","6":"product_brand-staviori","7":"product_cat-broszki-3","8":"product_cat-srebrna-broszka","9":"product_cat-srebro-2","10":"product_tag-broszka-okragla","11":"product_tag-broszka-srebrna","12":"product_tag-broszka-z-markazytami","13":"product_tag-circle-brooch","14":"product_tag-marcasite-jewelry","15":"product_tag-round-brooch","16":"product_tag-runde-brosche","17":"product_tag-silver-brooch","18":"product_tag-srebro-925","19":"product_tag-wieniec","20":"pa_dostawca-markazyty-hong","21":"pa_kamien-markazyty","22":"pa_kruszec-srebro-rodowane","23":"pa_proba-0-925","24":"pa_srednica-38mm","25":"pa_waga-920g","27":"first","28":"instock","29":"purchasable","30":"product-type-simple"},"aioseo_notices":[],"_links":{"self":[{"href":"https:\/\/staviori.com.pl\/cs\/wp-json\/wp\/v2\/product\/15631","targetHints":{"allow":["GET"]}}],"collection":[{"href":"https:\/\/staviori.com.pl\/cs\/wp-json\/wp\/v2\/product"}],"about":[{"href":"https:\/\/staviori.com.pl\/cs\/wp-json\/wp\/v2\/types\/product"}],"replies":[{"embeddable":true,"href":"https:\/\/staviori.com.pl\/cs\/wp-json\/wp\/v2\/comments?post=15631"}],"wp:featuredmedia":[{"embeddable":true,"href":"https:\/\/staviori.com.pl\/cs\/wp-json\/wp\/v2\/media\/21099"}],"wp:attachment":[{"href":"https:\/\/staviori.com.pl\/cs\/wp-json\/wp\/v2\/media?parent=15631"}],"wp:term":[{"taxonomy":"product_brand","embeddable":true,"href":"https:\/\/staviori.com.pl\/cs\/wp-json\/wp\/v2\/product_brand?post=15631"},{"taxonomy":"product_cat","embeddable":true,"href":"https:\/\/staviori.com.pl\/cs\/wp-json\/wp\/v2\/product_cat?post=15631"},{"taxonomy":"product_tag","embeddable":true,"href":"https:\/\/staviori.com.pl\/cs\/wp-json\/wp\/v2\/product_tag?post=15631"}],"curies":[{"name":"wp","href":"https:\/\/api.w.org\/{rel}","templated":true}]}}