{"id":15627,"date":"2025-02-24T22:49:20","date_gmt":"2025-02-24T21:49:20","guid":{"rendered":"https:\/\/staviori.com.pl\/product\/srebrna-broszka-rdm2850\/"},"modified":"2026-02-11T00:09:21","modified_gmt":"2026-02-10T23:09:21","slug":"srebrna-broszka-rdm2850","status":"publish","type":"product","link":"https:\/\/staviori.com.pl\/cs\/product\/srebrna-broszka-rdm2850\/","title":{"rendered":"St\u0159\u00edbrn\u00e1 bro\u017e ve tvaru mot\u00fdla s markazity a perlet\u00ed"},"content":{"rendered":"<p>Model: RDM2850<br \/>\nHmotnost p\u0159ibli\u017en\u011b 11,90 g<\/p>\n<p>Bro\u017e.<br \/>\n0,925 rhodiovan\u00e9 st\u0159\u00edbro.<br \/>\nMarkazit\u00e9.<br \/>\nMasa Per\u0142owa.<\/p>\n<p>Wymiary 36&#215;50 mm.<\/p>","protected":false},"excerpt":{"rendered":"<p>Urokliwa broszka w kszta\u0142cie motyla, wykonana z rodowanego srebra pr\u00f3by 0,925. Skrzyd\u0142a zdobi subtelna masa per\u0142owa, kt\u00f3ra pi\u0119knie odbija \u015bwiat\u0142o, nadaj\u0105c bi\u017cuterii delikatnego blasku. Ca\u0142o\u015b\u0107 dope\u0142niaj\u0105 b\u0142yszcz\u0105ce markazyty, podkre\u015blaj\u0105ce ka\u017cdy detal i nadaj\u0105ce broszce elegancki, klasyczny charakter. To wyj\u0105tkowy dodatek, kt\u00f3ry doda wdzi\u0119ku zar\u00f3wno codziennym, jak i wieczorowym stylizacjom.<\/p>","protected":false},"featured_media":21091,"comment_status":"closed","ping_status":"closed","template":"","meta":{"om_disable_all_campaigns":false},"product_brand":[2284],"product_cat":[2233,2235,1817],"product_tag":[5694,5672,5674,5695,5696,4118,5697,5698,5676,2427],"class_list":{"0":"post-15627","1":"product","2":"type-product","3":"status-publish","4":"has-post-thumbnail","6":"product_brand-staviori","7":"product_cat-broszki-3","8":"product_cat-srebrna-broszka","9":"product_cat-srebro-2","10":"product_tag-broszka-motyl","11":"product_tag-broszka-srebrna","12":"product_tag-broszka-z-markazytami","13":"product_tag-broszka-z-masa-perlowa","14":"product_tag-butterfly-brooch","15":"product_tag-marcasite-jewelry","16":"product_tag-mother-of-pearl-jewelry","17":"product_tag-perlmutt-brosche","18":"product_tag-silver-brooch","19":"product_tag-srebro-925","20":"pa_dostawca-markazyty-hong","21":"pa_kamien-markazyty","22":"pa_kamien-masa-perlowa","23":"pa_kruszec-srebro-rodowane","24":"pa_motyw-motylek","25":"pa_proba-0-925","26":"pa_waga-1190g","27":"pa_wymiary-36x50mm","29":"first","30":"instock","31":"purchasable","32":"product-type-simple"},"aioseo_notices":[],"_links":{"self":[{"href":"https:\/\/staviori.com.pl\/cs\/wp-json\/wp\/v2\/product\/15627","targetHints":{"allow":["GET"]}}],"collection":[{"href":"https:\/\/staviori.com.pl\/cs\/wp-json\/wp\/v2\/product"}],"about":[{"href":"https:\/\/staviori.com.pl\/cs\/wp-json\/wp\/v2\/types\/product"}],"replies":[{"embeddable":true,"href":"https:\/\/staviori.com.pl\/cs\/wp-json\/wp\/v2\/comments?post=15627"}],"wp:featuredmedia":[{"embeddable":true,"href":"https:\/\/staviori.com.pl\/cs\/wp-json\/wp\/v2\/media\/21091"}],"wp:attachment":[{"href":"https:\/\/staviori.com.pl\/cs\/wp-json\/wp\/v2\/media?parent=15627"}],"wp:term":[{"taxonomy":"product_brand","embeddable":true,"href":"https:\/\/staviori.com.pl\/cs\/wp-json\/wp\/v2\/product_brand?post=15627"},{"taxonomy":"product_cat","embeddable":true,"href":"https:\/\/staviori.com.pl\/cs\/wp-json\/wp\/v2\/product_cat?post=15627"},{"taxonomy":"product_tag","embeddable":true,"href":"https:\/\/staviori.com.pl\/cs\/wp-json\/wp\/v2\/product_tag?post=15627"}],"curies":[{"name":"wp","href":"https:\/\/api.w.org\/{rel}","templated":true}]}}