{"id":15626,"date":"2025-02-24T22:49:20","date_gmt":"2025-02-24T21:49:20","guid":{"rendered":"https:\/\/staviori.com.pl\/product\/srebrna-broszka-rdm2849\/"},"modified":"2026-02-11T00:09:21","modified_gmt":"2026-02-10T23:09:21","slug":"srebrna-broszka-rdm2849","status":"publish","type":"product","link":"https:\/\/staviori.com.pl\/cs\/product\/srebrna-broszka-rdm2849\/","title":{"rendered":"St\u0159\u00edbrn\u00e1 sp\u00ednac\u00ed bro\u017e s markazity a kor\u00e1ly"},"content":{"rendered":"<p>Model: RDM2849<br \/>\nWaga ok. 12,00g<\/p>\n<p>Bro\u017e.<br \/>\n0,925 rhodiovan\u00e9 st\u0159\u00edbro.<br \/>\nMarkazit\u00e9.<br \/>\nKoral syntetyczny.<\/p>\n<p>Wymiary 22&#215;72 mm.<\/p>","protected":false},"excerpt":{"rendered":"<p>Niebanalna broszka w formie agrafki, wykonana z rodowanego srebra pr\u00f3by 0,925. Jej elegancki kszta\u0142t podkre\u015blaj\u0105 b\u0142yszcz\u0105ce markazyty, a centralny element zdobi intensywnie czerwony koral syntetyczny, nadaj\u0105cy ca\u0142o\u015bci charakteru i nowoczesnego stylu. To wyj\u0105tkowy dodatek, kt\u00f3ry doskonale sprawdzi si\u0119 zar\u00f3wno w klasycznych, jak i awangardowych stylizacjach.<\/p>","protected":false},"featured_media":7354,"comment_status":"closed","ping_status":"closed","template":"","meta":{"om_disable_all_campaigns":false},"product_brand":[2284],"product_cat":[2233,2235,1817],"product_tag":[5693,5689,5672,5690,5674,5692,4118,5691,5676,2427],"class_list":{"0":"post-15626","1":"product","2":"type-product","3":"status-publish","4":"has-post-thumbnail","6":"product_brand-staviori","7":"product_cat-broszki-3","8":"product_cat-srebrna-broszka","9":"product_cat-srebro-2","10":"product_tag-brosche-koralle","11":"product_tag-broszka-agrafka","12":"product_tag-broszka-srebrna","13":"product_tag-broszka-z-koralem","14":"product_tag-broszka-z-markazytami","15":"product_tag-coral-brooch","16":"product_tag-marcasite-jewelry","17":"product_tag-safety-pin-brooch","18":"product_tag-silver-brooch","19":"product_tag-srebro-925","20":"pa_dostawca-markazyty-hong","21":"pa_kamien-koral-syntetyczny","22":"pa_kamien-markazyty","23":"pa_kruszec-srebro-rodowane","24":"pa_motyw-agrafka","25":"pa_proba-0-925","26":"pa_waga-12-00","27":"pa_wymiary-22x72mm","29":"first","30":"instock","31":"purchasable","32":"product-type-simple"},"aioseo_notices":[],"_links":{"self":[{"href":"https:\/\/staviori.com.pl\/cs\/wp-json\/wp\/v2\/product\/15626","targetHints":{"allow":["GET"]}}],"collection":[{"href":"https:\/\/staviori.com.pl\/cs\/wp-json\/wp\/v2\/product"}],"about":[{"href":"https:\/\/staviori.com.pl\/cs\/wp-json\/wp\/v2\/types\/product"}],"replies":[{"embeddable":true,"href":"https:\/\/staviori.com.pl\/cs\/wp-json\/wp\/v2\/comments?post=15626"}],"wp:featuredmedia":[{"embeddable":true,"href":"https:\/\/staviori.com.pl\/cs\/wp-json\/wp\/v2\/media\/7354"}],"wp:attachment":[{"href":"https:\/\/staviori.com.pl\/cs\/wp-json\/wp\/v2\/media?parent=15626"}],"wp:term":[{"taxonomy":"product_brand","embeddable":true,"href":"https:\/\/staviori.com.pl\/cs\/wp-json\/wp\/v2\/product_brand?post=15626"},{"taxonomy":"product_cat","embeddable":true,"href":"https:\/\/staviori.com.pl\/cs\/wp-json\/wp\/v2\/product_cat?post=15626"},{"taxonomy":"product_tag","embeddable":true,"href":"https:\/\/staviori.com.pl\/cs\/wp-json\/wp\/v2\/product_tag?post=15626"}],"curies":[{"name":"wp","href":"https:\/\/api.w.org\/{rel}","templated":true}]}}