{"id":15624,"date":"2025-02-24T22:49:20","date_gmt":"2025-02-24T21:49:20","guid":{"rendered":"https:\/\/staviori.com.pl\/product\/srebrna-broszka-rdm1992\/"},"modified":"2026-02-11T00:09:21","modified_gmt":"2026-02-10T23:09:21","slug":"srebrna-broszka-rdm1992","status":"publish","type":"product","link":"https:\/\/staviori.com.pl\/cs\/product\/srebrna-broszka-rdm1992\/","title":{"rendered":"St\u0159\u00edbrn\u00e1 bro\u017e s markazity - Secret Garden - rajsk\u00fd pt\u00e1k"},"content":{"rendered":"<p>Model: RDM1992<br \/>\nWaga ok. 9,90g<\/p>\n<p>Bro\u017e.<br \/>\n0,925 rhodiovan\u00e9 st\u0159\u00edbro.<br \/>\nMarkazit\u00e9.<br \/>\nEmalia.<\/p>\n<p>Wymiary 50&#215;70 mm<\/p>","protected":false},"excerpt":{"rendered":"<p>Oryginalna broszka w kszta\u0142cie ptaka, wykonana z rodowanego srebra pr\u00f3by 0,925. Skrzyd\u0142a ozdobione zosta\u0142y barwn\u0105 emali\u0105 w odcieniach czerwieni i \u017c\u00f3\u0142ci, tworz\u0105c niezwykle efektown\u0105 kompozycj\u0119. Subtelne markazyty nadaj\u0105 ca\u0142o\u015bci eleganckiego, retro charakteru i pi\u0119knie podkre\u015blaj\u0105 detale. To wyj\u0105tkowy dodatek, kt\u00f3ry doda szyku zar\u00f3wno klasycznym, jak i nowoczesnym stylizacjom.<\/p>","protected":false},"featured_media":21081,"comment_status":"closed","ping_status":"closed","template":"","meta":{"om_disable_all_campaigns":false},"product_brand":[2284,2350],"product_cat":[2233,2235,1817],"product_tag":[5673,5672,5675,5674,5679,5677,4118,5671,5676,2427,5670,5678],"class_list":{"0":"post-15624","1":"product","2":"type-product","3":"status-publish","4":"has-post-thumbnail","6":"product_brand-staviori","7":"product_brand-verona","8":"product_cat-broszki-3","9":"product_cat-srebrna-broszka","10":"product_cat-srebro-2","11":"product_tag-broszka-ptak","12":"product_tag-broszka-srebrna","13":"product_tag-broszka-z-emalia","14":"product_tag-broszka-z-markazytami","15":"product_tag-emaillierte-brosche","16":"product_tag-enamel-brooch","17":"product_tag-marcasite-jewelry","18":"product_tag-rdm1992","19":"product_tag-silver-brooch","20":"product_tag-srebro-925","21":"product_tag-srz6263","22":"product_tag-vogel-brosche","23":"pa_kamien-markazyty","24":"pa_kruszec-srebro-rodowane","25":"pa_motyw-ptak","26":"pa_proba-0-925","27":"pa_waga-990g","28":"pa_wymiary-50x70mm","30":"first","31":"instock","32":"purchasable","33":"product-type-simple"},"aioseo_notices":[],"_links":{"self":[{"href":"https:\/\/staviori.com.pl\/cs\/wp-json\/wp\/v2\/product\/15624","targetHints":{"allow":["GET"]}}],"collection":[{"href":"https:\/\/staviori.com.pl\/cs\/wp-json\/wp\/v2\/product"}],"about":[{"href":"https:\/\/staviori.com.pl\/cs\/wp-json\/wp\/v2\/types\/product"}],"replies":[{"embeddable":true,"href":"https:\/\/staviori.com.pl\/cs\/wp-json\/wp\/v2\/comments?post=15624"}],"wp:featuredmedia":[{"embeddable":true,"href":"https:\/\/staviori.com.pl\/cs\/wp-json\/wp\/v2\/media\/21081"}],"wp:attachment":[{"href":"https:\/\/staviori.com.pl\/cs\/wp-json\/wp\/v2\/media?parent=15624"}],"wp:term":[{"taxonomy":"product_brand","embeddable":true,"href":"https:\/\/staviori.com.pl\/cs\/wp-json\/wp\/v2\/product_brand?post=15624"},{"taxonomy":"product_cat","embeddable":true,"href":"https:\/\/staviori.com.pl\/cs\/wp-json\/wp\/v2\/product_cat?post=15624"},{"taxonomy":"product_tag","embeddable":true,"href":"https:\/\/staviori.com.pl\/cs\/wp-json\/wp\/v2\/product_tag?post=15624"}],"curies":[{"name":"wp","href":"https:\/\/api.w.org\/{rel}","templated":true}]}}