{"id":15609,"date":"2025-02-24T22:49:20","date_gmt":"2025-02-24T21:49:20","guid":{"rendered":"https:\/\/staviori.com.pl\/product\/pierscionek-z-diamentem-pzd6679\/"},"modified":"2026-04-09T17:11:41","modified_gmt":"2026-04-09T15:11:41","slug":"pierscionek-z-diamentem-pzd6679","status":"publish","type":"product","link":"https:\/\/staviori.com.pl\/cs\/product\/pierscionek-z-diamentem-pzd6679\/","title":{"rendered":"prsten \/ snubn\u00ed prsten s diamanty, zlato 585"},"content":{"rendered":"<p>Model: PZD6679<br \/>\nWaga ok. 0,88g<\/p>\n<p>Prsten.<br \/>\n\u017dlut\u00e9 zlato 0,585.<br \/>\n19 Diament\u00f3w, szlif brylantowy, o masie 0,17ct, barwa H, czysto\u015b\u0107 SI2-I1.<\/p>\n<p>Dost\u0119pne prawie wszystkie rozmiary od 8 do 21.<br \/>\nMog\u0105 si\u0119 r\u00f3\u017cni\u0107 szybko\u015bci\u0105 realizacji od 1 dnia do 7 dni &#8211; prosimy pyta\u0107.<\/p>","protected":false},"excerpt":{"rendered":"<p>Delikatny pier\u015bcionek z \u017c\u00f3\u0142tego z\u0142ota pr\u00f3by 585 wysadzany 19 l\u015bni\u0105cymi diamentami o \u0142\u0105cznej masie 0,17 ct. Smuk\u0142a obr\u0105czka subtelnie mieni si\u0119 blaskiem kamieni, tworz\u0105c ponadczasowy wz\u00f3r pe\u0142en klasy i elegancji. Idealny jako pier\u015bcionek zar\u0119czynowy, a tak\u017ce jako codzienny dodatek, kt\u00f3ry dodaje szyku ka\u017cdej stylizacji.<\/p>","protected":false},"featured_media":15610,"comment_status":"closed","ping_status":"closed","template":"","meta":{"om_disable_all_campaigns":false},"product_brand":[2284,2350],"product_cat":[1838,2182,801],"product_tag":[5632,5637,4928,5631,5405,4708,4668,5635,5636,5558,2599],"class_list":{"0":"post-15609","1":"product","2":"type-product","3":"status-publish","4":"has-post-thumbnail","6":"product_brand-staviori","7":"product_brand-verona","8":"product_cat-diamenty","9":"product_cat-pierscionek-z-diamentem","10":"product_cat-pierscionki","11":"product_tag-anillo-de-oro-con-diamantes","12":"product_tag-diamond-band","13":"product_tag-diamond-ring","14":"product_tag-gold-engagement-ring","15":"product_tag-obraczka-z-diamentami","16":"product_tag-pierscionek-z-diamentami","17":"product_tag-pierscionek-zareczynowy","18":"product_tag-pz20542","19":"product_tag-pzd6679","20":"product_tag-zlaty-prsten-s-diamanty","21":"product_tag-zolte-zloto-585","22":"pa_barwa-h-2","23":"pa_czystosc-si2","24":"pa_kamien-brylanty","25":"pa_kolor-zolte","26":"pa_kruszec-zloto","27":"pa_proba-0-585","28":"pa_rozmiar-4355","29":"pa_rozmiar-2351","30":"pa_rozmiar-2353","31":"pa_rozmiar-2354","32":"pa_rozmiar-2355","33":"pa_rozmiar-2356","34":"pa_rozmiar-2358","35":"pa_rozmiar-2359","36":"pa_rozmiar-2360","37":"pa_rozmiar-5634","38":"pa_waga-088g","40":"first","41":"onbackorder","42":"purchasable","43":"product-type-simple"},"aioseo_notices":[],"_links":{"self":[{"href":"https:\/\/staviori.com.pl\/cs\/wp-json\/wp\/v2\/product\/15609","targetHints":{"allow":["GET"]}}],"collection":[{"href":"https:\/\/staviori.com.pl\/cs\/wp-json\/wp\/v2\/product"}],"about":[{"href":"https:\/\/staviori.com.pl\/cs\/wp-json\/wp\/v2\/types\/product"}],"replies":[{"embeddable":true,"href":"https:\/\/staviori.com.pl\/cs\/wp-json\/wp\/v2\/comments?post=15609"}],"wp:featuredmedia":[{"embeddable":true,"href":"https:\/\/staviori.com.pl\/cs\/wp-json\/wp\/v2\/media\/15610"}],"wp:attachment":[{"href":"https:\/\/staviori.com.pl\/cs\/wp-json\/wp\/v2\/media?parent=15609"}],"wp:term":[{"taxonomy":"product_brand","embeddable":true,"href":"https:\/\/staviori.com.pl\/cs\/wp-json\/wp\/v2\/product_brand?post=15609"},{"taxonomy":"product_cat","embeddable":true,"href":"https:\/\/staviori.com.pl\/cs\/wp-json\/wp\/v2\/product_cat?post=15609"},{"taxonomy":"product_tag","embeddable":true,"href":"https:\/\/staviori.com.pl\/cs\/wp-json\/wp\/v2\/product_tag?post=15609"}],"curies":[{"name":"wp","href":"https:\/\/api.w.org\/{rel}","templated":true}]}}