{"id":15601,"date":"2025-02-24T22:49:20","date_gmt":"2025-02-24T21:49:20","guid":{"rendered":"https:\/\/staviori.com.pl\/product\/pierscionek-z-diamentem-pzd6226r\/"},"modified":"2026-02-11T00:09:21","modified_gmt":"2026-02-10T23:09:21","slug":"pierscionek-z-diamentem-pzd6226r","status":"publish","type":"product","link":"https:\/\/staviori.com.pl\/cs\/product\/pierscionek-z-diamentem-pzd6226r\/","title":{"rendered":"Prsten ze \u017elut\u00e9ho zlata s rub\u00ednem a diamanty"},"content":{"rendered":"<p>Model: PZD6226R<br \/>\nWaga ok. 1,49g<\/p>\n<p>Prsten.<br \/>\n\u017dlut\u00e9 zlato 0,585.<br \/>\n10 Diament\u00f3w, szlif achtkant, o masie 0,05ct, barwa H, czysto\u015b\u0107 I1-I2.<br \/>\n1 Rubin, o masie 0,30ct.<\/p>\n<p>K dispozici jsou pouze n\u011bkter\u00e9 velikosti - zeptejte se<\/p>","protected":false},"excerpt":{"rendered":"<p>Model: PZD6226R Waga ok. 1,49g Pier\u015bcionek. \u017b\u00f3\u0142te Z\u0142oto 0,585. 10 Diament\u00f3w, szlif achtkant, o masie 0,05ct, barwa H, czysto\u015b\u0107 I1-I2. 1 Rubin, o masie 0,30ct. Dost\u0119pne tylko niekt\u00f3re rozmiary &#8211; prosimy pyta\u0107<\/p>","protected":false},"featured_media":7314,"comment_status":"closed","ping_status":"closed","template":"","meta":{"om_disable_all_campaigns":false},"product_brand":[2284,2350],"product_cat":[1838,2182,801],"product_tag":[3722,4708,4849,5618,5621,4763,5620,5619,5601,5556,4910,5018],"class_list":{"0":"post-15601","1":"product","2":"type-product","3":"status-publish","4":"has-post-thumbnail","6":"product_brand-staviori","7":"product_brand-verona","8":"product_cat-diamenty","9":"product_cat-pierscionek-z-diamentem","10":"product_cat-pierscionki","11":"product_tag-diament","12":"product_tag-pierscionek-z-diamentami","13":"product_tag-pierscionek-z-rubinem","14":"product_tag-pierscionek-zloto-585","15":"product_tag-prsten-s-rubinem","16":"product_tag-rubin","17":"product_tag-rubin-diamantring","18":"product_tag-ruby-diamond-ring","19":"product_tag-verlobungsring-gelbgold","20":"product_tag-yellow-gold-ring","21":"product_tag-zasnubni-prsten","22":"product_tag-zloty-pierscionek","23":"pa_barwa-h-2","24":"pa_czystosc-i1","25":"pa_kamien-diamenty","26":"pa_kamien-rubin","27":"pa_kolor-zolte","28":"pa_kruszec-zloto","29":"pa_proba-0-585","30":"pa_rozmiar-2354","31":"pa_waga-145g","33":"first","34":"instock","35":"purchasable","36":"product-type-simple"},"aioseo_notices":[],"_links":{"self":[{"href":"https:\/\/staviori.com.pl\/cs\/wp-json\/wp\/v2\/product\/15601","targetHints":{"allow":["GET"]}}],"collection":[{"href":"https:\/\/staviori.com.pl\/cs\/wp-json\/wp\/v2\/product"}],"about":[{"href":"https:\/\/staviori.com.pl\/cs\/wp-json\/wp\/v2\/types\/product"}],"replies":[{"embeddable":true,"href":"https:\/\/staviori.com.pl\/cs\/wp-json\/wp\/v2\/comments?post=15601"}],"wp:featuredmedia":[{"embeddable":true,"href":"https:\/\/staviori.com.pl\/cs\/wp-json\/wp\/v2\/media\/7314"}],"wp:attachment":[{"href":"https:\/\/staviori.com.pl\/cs\/wp-json\/wp\/v2\/media?parent=15601"}],"wp:term":[{"taxonomy":"product_brand","embeddable":true,"href":"https:\/\/staviori.com.pl\/cs\/wp-json\/wp\/v2\/product_brand?post=15601"},{"taxonomy":"product_cat","embeddable":true,"href":"https:\/\/staviori.com.pl\/cs\/wp-json\/wp\/v2\/product_cat?post=15601"},{"taxonomy":"product_tag","embeddable":true,"href":"https:\/\/staviori.com.pl\/cs\/wp-json\/wp\/v2\/product_tag?post=15601"}],"curies":[{"name":"wp","href":"https:\/\/api.w.org\/{rel}","templated":true}]}}