{"id":15599,"date":"2025-02-24T22:49:15","date_gmt":"2025-02-24T21:49:15","guid":{"rendered":"https:\/\/staviori.com.pl\/product\/pzd6100\/"},"modified":"2026-02-11T00:09:21","modified_gmt":"2026-02-10T23:09:21","slug":"pzd6100","status":"publish","type":"product","link":"https:\/\/staviori.com.pl\/cs\/product\/pzd6100\/","title":{"rendered":"Exkluzivn\u00ed | 750 zlat\u00fd prsten s 0,21ct diamanty"},"content":{"rendered":"<p>Model: PZD6100<br \/>\nWaga ok. 1,65g<\/p>\n<p>Prsten.<br \/>\n\u017dlut\u00e9 zlato 0,750.<br \/>\n68 Diament\u00f3w, szlif brylantowy, o masie 0,21ct, barwa G-H, czysto\u015b\u0107 VS1-SI2.<\/p>\n<p>Grubo\u015b\u0107 1.9 mm.<br \/>\nSzeroko\u015b\u0107 1.3 mm.<\/p>\n<p>Lze vyrobit v jin\u00e9 zlat\u00e9 barv\u011b.<br \/>\nUveden\u00e1 hmotnost kamene a cena jsou za velikost 13.<br \/>\nUwaga! Nale\u017cy dobrze zmierzy\u0107 rozmiar bo p\u00f3\u017aniejsza zmiana rozmiaru jest niemo\u017cliwa.<\/p>\n<p>Produkt je k dispozici pouze na vy\u017e\u00e1d\u00e1n\u00ed, doba dod\u00e1n\u00ed cca 2 t\u00fddny.<br \/>\nPi\u0119kny, delikatny pier\u015bcionek \/ obr\u0105czka z brylancikami. Dost\u0119pna w dowolnym kolorze z\u0142ota.<\/p>","protected":false},"excerpt":{"rendered":"<p>Subtelna i pe\u0142na wdzi\u0119ku obr\u0105czka z \u017c\u00f3\u0142tego z\u0142ota pr\u00f3by 0,750, wysadzana 68 l\u015bni\u0105cymi diamentami o \u0142\u0105cznej masie 0,21 ct. Smuk\u0142a forma nadaje jej wyj\u0105tkowej lekko\u015bci, a r\u00f3wny szereg brylancik\u00f3w tworzy efekt eleganckiego blasku wok\u00f3\u0142 ca\u0142ego pier\u015bcionka. Doskona\u0142a zar\u00f3wno jako delikatna obr\u0105czka \u015blubna, jak i elegancki dodatek noszony samodzielnie lub w zestawie z innymi pier\u015bcionkami.<\/p>\n<p>https:\/\/www.youtube.com\/watch?v=05SRYcZK3UM<\/p>\n<p>Lze vyrobit v jin\u00e9 zlat\u00e9 barv\u011b.<br \/>\nUveden\u00e1 hmotnost kamene a cena jsou za velikost 13.<br \/>\nUwaga! Nale\u017cy dobrze zmierzy\u0107 rozmiar bo p\u00f3\u017aniejsza zmiana rozmiaru jest niemo\u017cliwa.<\/p>\n<p>Produkt je k dispozici pouze na vy\u017e\u00e1d\u00e1n\u00ed, doba dod\u00e1n\u00ed cca 2 t\u00fddny.<\/p>","protected":false},"featured_media":7307,"comment_status":"closed","ping_status":"closed","template":"","meta":{"om_disable_all_campaigns":false},"product_brand":[2284],"product_cat":[1803,2181],"product_tag":[5577,4928,5405,5612,4746,5602,5601,5613,5556,4910,5018,2610],"class_list":{"0":"post-15599","1":"product","2":"type-product","3":"status-publish","4":"has-post-thumbnail","6":"product_brand-staviori","7":"product_cat-brylanty-exclusive","8":"product_cat-obraczki","9":"product_tag-diamantring","10":"product_tag-diamond-ring","11":"product_tag-obraczka-z-diamentami","12":"product_tag-obraczka-zloto-750","13":"product_tag-pierscionek-z-brylantami","14":"product_tag-prsten-se-zlatem-750","15":"product_tag-verlobungsring-gelbgold","16":"product_tag-wedding-band","17":"product_tag-yellow-gold-ring","18":"product_tag-zasnubni-prsten","19":"product_tag-zloty-pierscionek","20":"product_tag-zolte-zloto-750","21":"pa_barwa-g-h","22":"pa_czystosc-vs1","23":"pa_dostawca-hosgor","24":"pa_grubosc-1-9mm","25":"pa_kamien-brylanty","26":"pa_kolor-zolte","27":"pa_kruszec-zloto","28":"pa_proba-0-750","29":"pa_rozmiar-2353","30":"pa_szerokosc-1-3mm","31":"pa_waga-165g","33":"first","34":"onbackorder","35":"purchasable","36":"product-type-simple"},"aioseo_notices":[],"_links":{"self":[{"href":"https:\/\/staviori.com.pl\/cs\/wp-json\/wp\/v2\/product\/15599","targetHints":{"allow":["GET"]}}],"collection":[{"href":"https:\/\/staviori.com.pl\/cs\/wp-json\/wp\/v2\/product"}],"about":[{"href":"https:\/\/staviori.com.pl\/cs\/wp-json\/wp\/v2\/types\/product"}],"replies":[{"embeddable":true,"href":"https:\/\/staviori.com.pl\/cs\/wp-json\/wp\/v2\/comments?post=15599"}],"wp:featuredmedia":[{"embeddable":true,"href":"https:\/\/staviori.com.pl\/cs\/wp-json\/wp\/v2\/media\/7307"}],"wp:attachment":[{"href":"https:\/\/staviori.com.pl\/cs\/wp-json\/wp\/v2\/media?parent=15599"}],"wp:term":[{"taxonomy":"product_brand","embeddable":true,"href":"https:\/\/staviori.com.pl\/cs\/wp-json\/wp\/v2\/product_brand?post=15599"},{"taxonomy":"product_cat","embeddable":true,"href":"https:\/\/staviori.com.pl\/cs\/wp-json\/wp\/v2\/product_cat?post=15599"},{"taxonomy":"product_tag","embeddable":true,"href":"https:\/\/staviori.com.pl\/cs\/wp-json\/wp\/v2\/product_tag?post=15599"}],"curies":[{"name":"wp","href":"https:\/\/api.w.org\/{rel}","templated":true}]}}