{"id":15598,"date":"2025-02-24T22:49:15","date_gmt":"2025-02-24T21:49:15","guid":{"rendered":"https:\/\/staviori.com.pl\/product\/pierscionek-z-diamentem-pzd6099\/"},"modified":"2026-02-11T00:09:21","modified_gmt":"2026-02-10T23:09:21","slug":"pierscionek-z-diamentem-pzd6099","status":"publish","type":"product","link":"https:\/\/staviori.com.pl\/cs\/product\/pierscionek-z-diamentem-pzd6099\/","title":{"rendered":"Exkluzivn\u00ed | 750 \u017elut\u00e9 zlato, prsten s 0,09ct diamanty"},"content":{"rendered":"<p>Model: PZD6099<br \/>\nHmotnost p\u0159ibli\u017en\u011b 1,80 g<\/p>\n<p>Prsten.<br \/>\n\u017b\u00f3\u0142te z\u0142oto 0,750.<br \/>\n7 Diament\u00f3w, szlif brylantowy, o masie 0,09ct, barwa G, czysto\u015b\u0107 VS1-SI2.<\/p>\n<p>Lze vyrobit v jin\u00e9 zlat\u00e9 barv\u011b.<br \/>\nV\u00fdrobek v libovoln\u00e9 velikosti, dostupn\u00fd pouze na vy\u017e\u00e1d\u00e1n\u00ed, doba dod\u00e1n\u00ed cca 4 t\u00fddny.<\/p>","protected":false},"excerpt":{"rendered":"<p>Jemn\u00fd prsten ze \u017elut\u00e9ho zlata ryzosti 0,750, zdoben\u00fd sedmi diamanty o celkov\u00e9 v\u00e1ze 0,09 ct. Jemn\u00e9 zasazen\u00ed v podob\u011b mal\u00fdch rozet a hladk\u00fdch kruh\u016f mu dod\u00e1v\u00e1 romantick\u00fd a jedine\u010dn\u00fd charakter. Je ide\u00e1ln\u00ed volbou pro \u017eeny, kter\u00e9 ocen\u00ed lehkost, jemnost a modern\u00ed eleganci. K dispozici tak\u00e9 v jin\u00fdch barv\u00e1ch zlata, kter\u00e9 je\u0161t\u011b v\u00edce vyhovuj\u00ed individu\u00e1ln\u00edm preferenc\u00edm.<\/p>\n<p>https:\/\/www.youtube.com\/watch?v=u9eakN9oqN4<\/p>\n<p>V\u00fdrobek v libovoln\u00e9 velikosti, dostupn\u00fd pouze na vy\u017e\u00e1d\u00e1n\u00ed, doba dod\u00e1n\u00ed cca 4 t\u00fddny.<\/p>","protected":false},"featured_media":7302,"comment_status":"closed","ping_status":"closed","template":"","meta":{"om_disable_all_campaigns":false},"product_brand":[2284],"product_cat":[1803,1838,2182,801],"product_tag":[5611,4679,5577,4928,4708,5610,5602,5601,5556,4910,5018,2610],"class_list":{"0":"post-15598","1":"product","2":"type-product","3":"status-publish","4":"has-post-thumbnail","6":"product_brand-staviori","7":"product_cat-brylanty-exclusive","8":"product_cat-diamenty","9":"product_cat-pierscionek-z-diamentem","10":"product_cat-pierscionki","11":"product_tag-delicate-ring","12":"product_tag-delikatny-pierscionek","13":"product_tag-diamantring","14":"product_tag-diamond-ring","15":"product_tag-pierscionek-z-diamentami","16":"product_tag-pierscionek-zloto-750","17":"product_tag-prsten-se-zlatem-750","18":"product_tag-verlobungsring-gelbgold","19":"product_tag-yellow-gold-ring","20":"product_tag-zasnubni-prsten","21":"product_tag-zloty-pierscionek","22":"product_tag-zolte-zloto-750","23":"pa_barwa-g-2","24":"pa_czystosc-vs","25":"pa_kamien-brylanty","26":"pa_kolor-zolte","27":"pa_kruszec-zloto","28":"pa_proba-0-750","29":"pa_waga-180g","31":"first","32":"onbackorder","33":"purchasable","34":"product-type-simple"},"aioseo_notices":[],"_links":{"self":[{"href":"https:\/\/staviori.com.pl\/cs\/wp-json\/wp\/v2\/product\/15598","targetHints":{"allow":["GET"]}}],"collection":[{"href":"https:\/\/staviori.com.pl\/cs\/wp-json\/wp\/v2\/product"}],"about":[{"href":"https:\/\/staviori.com.pl\/cs\/wp-json\/wp\/v2\/types\/product"}],"replies":[{"embeddable":true,"href":"https:\/\/staviori.com.pl\/cs\/wp-json\/wp\/v2\/comments?post=15598"}],"wp:featuredmedia":[{"embeddable":true,"href":"https:\/\/staviori.com.pl\/cs\/wp-json\/wp\/v2\/media\/7302"}],"wp:attachment":[{"href":"https:\/\/staviori.com.pl\/cs\/wp-json\/wp\/v2\/media?parent=15598"}],"wp:term":[{"taxonomy":"product_brand","embeddable":true,"href":"https:\/\/staviori.com.pl\/cs\/wp-json\/wp\/v2\/product_brand?post=15598"},{"taxonomy":"product_cat","embeddable":true,"href":"https:\/\/staviori.com.pl\/cs\/wp-json\/wp\/v2\/product_cat?post=15598"},{"taxonomy":"product_tag","embeddable":true,"href":"https:\/\/staviori.com.pl\/cs\/wp-json\/wp\/v2\/product_tag?post=15598"}],"curies":[{"name":"wp","href":"https:\/\/api.w.org\/{rel}","templated":true}]}}