{"id":15597,"date":"2025-02-24T22:49:15","date_gmt":"2025-02-24T21:49:15","guid":{"rendered":"https:\/\/staviori.com.pl\/product\/pierscionek-z-diamentem-pzd6096\/"},"modified":"2026-02-11T00:09:21","modified_gmt":"2026-02-10T23:09:21","slug":"pierscionek-z-diamentem-pzd6096","status":"publish","type":"product","link":"https:\/\/staviori.com.pl\/cs\/product\/pierscionek-z-diamentem-pzd6096\/","title":{"rendered":"Exkluzivn\u00ed | 750 prsten ze \u017elut\u00e9ho a b\u00edl\u00e9ho zlata s bagetov\u00fdmi diamanty"},"content":{"rendered":"<p>Model: PZD6096<br \/>\nHmotnost p\u0159ibli\u017en\u011b 3,30 g<\/p>\n<p>Prsten.<br \/>\n\u017dlut\u00e9, b\u00edl\u00e9 zlato 0,750.<br \/>\n3 diamanty, brou\u0161en\u00e9 bagety, o hmotnosti 0,06ct, barva G, \u010dirost VS1-SI2.<\/p>\n<p>Lze vyrobit v jin\u00e9 zlat\u00e9 barv\u011b.<br \/>\nV\u00fdrobek v libovoln\u00e9 velikosti, dostupn\u00fd pouze na vy\u017e\u00e1d\u00e1n\u00ed, doba dod\u00e1n\u00ed cca 2 t\u00fddny.<\/p>\n<p>Velmi zaj\u00edmav\u00fd, m\u00f3dn\u00ed prsten. Libovoln\u00e1 barevn\u00e1 konfigurace.<\/p>","protected":false},"excerpt":{"rendered":"<p>Modern\u00ed a origin\u00e1ln\u00ed prsten vyroben\u00fd z kombinace \u017elut\u00e9ho a b\u00edl\u00e9ho zlata 0.750. Jeho jedine\u010dn\u00fd tvar tvo\u0159en\u00fd t\u0159emi \u0161t\u00edhl\u00fdmi krou\u017eky zdob\u00ed t\u0159i bagetov\u00e9 diamanty, kter\u00e9 mu dod\u00e1vaj\u00ed eleganci a geometrick\u00fd charakter. Jedn\u00e1 se o jedine\u010dn\u00fd model pro \u017eeny, kter\u00e9 ocen\u00ed nekonven\u010dn\u00ed styl a nad\u010dasovou kr\u00e1su. K dispozici tak\u00e9 v dal\u0161\u00edch barevn\u00fdch variant\u00e1ch zlata podle individu\u00e1ln\u00edho vkusu.<\/p>\n<p>https:\/\/www.youtube.com\/watch?v=QXxRTYts6-c<\/p>\n<p>Lze vyrobit v jin\u00e9 zlat\u00e9 barv\u011b.<br \/>\nV\u00fdrobek v libovoln\u00e9 velikosti, dostupn\u00fd pouze na vy\u017e\u00e1d\u00e1n\u00ed, doba dod\u00e1n\u00ed cca 2 t\u00fddny.<\/p>","protected":false},"featured_media":7295,"comment_status":"closed","ping_status":"closed","template":"","meta":{"om_disable_all_campaigns":false},"product_brand":[2284],"product_cat":[1803,1838,2182,801],"product_tag":[5617,5616,5222,4757,5615,4708,5610,5602,5607,5606,4910,3589],"class_list":{"0":"post-15597","1":"product","2":"type-product","3":"status-publish","4":"has-post-thumbnail","6":"product_brand-staviori","7":"product_cat-brylanty-exclusive","8":"product_cat-diamenty","9":"product_cat-pierscionek-z-diamentem","10":"product_cat-pierscionki","11":"product_tag-diamantring-baguette","12":"product_tag-diamond-baguette-ring","13":"product_tag-modna-bizuteria","14":"product_tag-nowoczesny-pierscionek","15":"product_tag-pierscionek-bagietka","16":"product_tag-pierscionek-z-diamentami","17":"product_tag-pierscionek-zloto-750","18":"product_tag-prsten-se-zlatem-750","19":"product_tag-verlobungsring-gelbgold-weisgold","20":"product_tag-yellow-white-gold-ring","21":"product_tag-zasnubni-prsten","22":"product_tag-zolte-i-biale-zloto","23":"pa_barwa-g-2","24":"pa_czystosc-vs1-si2","25":"pa_dostawca-hosgor","26":"pa_kamien-diamenty-bagietowe","27":"pa_kolor-biale","28":"pa_kolor-zolte","29":"pa_kruszec-zloto","30":"pa_proba-0-750","31":"pa_waga-330g","33":"first","34":"onbackorder","35":"purchasable","36":"product-type-simple"},"aioseo_notices":[],"_links":{"self":[{"href":"https:\/\/staviori.com.pl\/cs\/wp-json\/wp\/v2\/product\/15597","targetHints":{"allow":["GET"]}}],"collection":[{"href":"https:\/\/staviori.com.pl\/cs\/wp-json\/wp\/v2\/product"}],"about":[{"href":"https:\/\/staviori.com.pl\/cs\/wp-json\/wp\/v2\/types\/product"}],"replies":[{"embeddable":true,"href":"https:\/\/staviori.com.pl\/cs\/wp-json\/wp\/v2\/comments?post=15597"}],"wp:featuredmedia":[{"embeddable":true,"href":"https:\/\/staviori.com.pl\/cs\/wp-json\/wp\/v2\/media\/7295"}],"wp:attachment":[{"href":"https:\/\/staviori.com.pl\/cs\/wp-json\/wp\/v2\/media?parent=15597"}],"wp:term":[{"taxonomy":"product_brand","embeddable":true,"href":"https:\/\/staviori.com.pl\/cs\/wp-json\/wp\/v2\/product_brand?post=15597"},{"taxonomy":"product_cat","embeddable":true,"href":"https:\/\/staviori.com.pl\/cs\/wp-json\/wp\/v2\/product_cat?post=15597"},{"taxonomy":"product_tag","embeddable":true,"href":"https:\/\/staviori.com.pl\/cs\/wp-json\/wp\/v2\/product_tag?post=15597"}],"curies":[{"name":"wp","href":"https:\/\/api.w.org\/{rel}","templated":true}]}}