{"id":15591,"date":"2025-02-24T22:49:15","date_gmt":"2025-02-24T21:49:15","guid":{"rendered":"https:\/\/staviori.com.pl\/product\/zloty-pierscionek-pzd5821\/"},"modified":"2026-04-08T13:38:44","modified_gmt":"2026-04-08T11:38:44","slug":"zloty-pierscionek-pzd5821","status":"publish","type":"product","link":"https:\/\/staviori.com.pl\/cs\/product\/zloty-pierscionek-pzd5821\/","title":{"rendered":"Prsten s lond\u00fdnsk\u00fdm modr\u00fdm topazem a saf\u00edry zlato 585"},"content":{"rendered":"<p>Model: PZD5821<br \/>\nHmotnost p\u0159ibli\u017en\u011b 3,50 g<\/p>\n<p>Prsten.<br \/>\n\u017dlut\u00e9 zlato 0,585.<br \/>\n1 Topaz London Blue, o masie 2,44ct.<br \/>\n16 Szafir\u00f3w, o masie 0,74ct.<\/p>\n<p>\u015arednica korony ok. 13 mm.<\/p>\n<p>K dispozici jsou pouze n\u011bkter\u00e9 velikosti - zeptejte se<br \/>\nPokud nen\u00ed velikost skladem, m\u016f\u017eeme ji vyrobit na zak\u00e1zku p\u0159ibli\u017en\u011b za 1 t\u00fdden.<\/p>\n<p>Przepi\u0119kny, klasyczny pier\u015bcionek z ogromnym London Blue Topaz otoczonym przez 16 szafir\u00f3w. Do kompletu mamy r\u00f3wnie\u017c kolczyki. Ca\u0142o\u015b\u0107 stanowi cudowny, elegancki komplet.<\/p>","protected":false},"excerpt":{"rendered":"<p>Oslniv\u00fd prsten ze \u017elut\u00e9ho zlata 585, jeho\u017e st\u0159edobodem je p\u016fsobiv\u00fd lond\u00fdnsk\u00fd modr\u00fd topaz o hmotnosti 2,44 ct. K\u00e1men je obklopen 16 syt\u00fdmi gran\u00e1tov\u00fdmi saf\u00edry, kter\u00e9 zd\u016fraz\u0148uj\u00ed intenzivn\u00ed barvu topazu a dod\u00e1vaj\u00ed celku sofistikovan\u00fd n\u00e1dech. D\u00edky klasick\u00e9 a z\u00e1rove\u0148 jedine\u010dn\u00e9 kompozici p\u016fsob\u00ed prsten nesm\u00edrn\u011b elegantn\u011b. Dokonal\u00e1 volba pro \u017eeny, kter\u00e9 ocen\u00ed luxus a nad\u010dasovou kr\u00e1su.<\/p>\n<p>K dispozici jsou pouze n\u011bkter\u00e9 velikosti - zeptejte se<br \/>\nPokud nen\u00ed velikost skladem, m\u016f\u017eeme ji vyrobit na zak\u00e1zku p\u0159ibli\u017en\u011b za 1 t\u00fdden.<\/p>","protected":false},"featured_media":7263,"comment_status":"closed","ping_status":"closed","template":"","meta":{"om_disable_all_campaigns":false},"product_brand":[2284,2350],"product_cat":[1384,801,1930,176,2204],"product_tag":[5589,4906,5127,5584,5533,5411,5590,5121,5587,5117,4153,5588,5585,5586,5560,4910,3723,5018,2599],"class_list":{"0":"post-15591","1":"product","2":"type-product","3":"status-publish","4":"has-post-thumbnail","6":"product_brand-staviori","7":"product_brand-verona","8":"product_cat-bizuteria","9":"product_cat-pierscionki","10":"product_cat-zloto-2","11":"product_cat-zloto","12":"product_cat-zloty-pierscionek","13":"product_tag-5589","14":"product_tag-engagement-ring","15":"product_tag-gemstone-ring","16":"product_tag-london-blue-topaz","17":"product_tag-pierscionek-z-szafirami","18":"product_tag-pierscionek-z-topazem","19":"product_tag-pzd5821","20":"product_tag-safirovy-prsten","21":"product_tag-saphirring","22":"product_tag-sapphire-ring","23":"product_tag-szafir","24":"product_tag-topasring","25":"product_tag-topaz-ring","26":"product_tag-topazovy-prsten","27":"product_tag-verlobungsring","28":"product_tag-zasnubni-prsten","29":"product_tag-zlota-bizuteria","30":"product_tag-zloty-pierscionek","31":"product_tag-zolte-zloto-585","32":"pa_kamien-topaz-london-blue","33":"pa_kolor-zolte","34":"pa_kruszec-zloto","35":"pa_proba-0-585","36":"pa_rozmiar-4355","37":"pa_rozmiar-2351","38":"pa_rozmiar-2352","39":"pa_rozmiar-2353","40":"pa_rozmiar-2354","41":"pa_rozmiar-2355","42":"pa_rozmiar-2356","43":"pa_srednica-korony-ok-13mm","44":"pa_waga-350g","46":"first","47":"onbackorder","48":"purchasable","49":"product-type-simple"},"aioseo_notices":[],"_links":{"self":[{"href":"https:\/\/staviori.com.pl\/cs\/wp-json\/wp\/v2\/product\/15591","targetHints":{"allow":["GET"]}}],"collection":[{"href":"https:\/\/staviori.com.pl\/cs\/wp-json\/wp\/v2\/product"}],"about":[{"href":"https:\/\/staviori.com.pl\/cs\/wp-json\/wp\/v2\/types\/product"}],"replies":[{"embeddable":true,"href":"https:\/\/staviori.com.pl\/cs\/wp-json\/wp\/v2\/comments?post=15591"}],"wp:featuredmedia":[{"embeddable":true,"href":"https:\/\/staviori.com.pl\/cs\/wp-json\/wp\/v2\/media\/7263"}],"wp:attachment":[{"href":"https:\/\/staviori.com.pl\/cs\/wp-json\/wp\/v2\/media?parent=15591"}],"wp:term":[{"taxonomy":"product_brand","embeddable":true,"href":"https:\/\/staviori.com.pl\/cs\/wp-json\/wp\/v2\/product_brand?post=15591"},{"taxonomy":"product_cat","embeddable":true,"href":"https:\/\/staviori.com.pl\/cs\/wp-json\/wp\/v2\/product_cat?post=15591"},{"taxonomy":"product_tag","embeddable":true,"href":"https:\/\/staviori.com.pl\/cs\/wp-json\/wp\/v2\/product_tag?post=15591"}],"curies":[{"name":"wp","href":"https:\/\/api.w.org\/{rel}","templated":true}]}}