{"id":15586,"date":"2025-02-24T22:49:15","date_gmt":"2025-02-24T21:49:15","guid":{"rendered":"https:\/\/staviori.com.pl\/product\/pierscionek-z-diamentem-pzd5400\/"},"modified":"2026-03-13T11:48:46","modified_gmt":"2026-03-13T10:48:46","slug":"pierscionek-z-diamentem-pzd5400","status":"publish","type":"product","link":"https:\/\/staviori.com.pl\/cs\/product\/pierscionek-z-diamentem-pzd5400\/","title":{"rendered":"Exkluzivn\u00ed | Z\u00e1snubn\u00ed prsten s diamanty ze \u017elut\u00e9ho zlata 585"},"content":{"rendered":"<p>Model: PZD5400<br \/>\nHmotnost p\u0159ibli\u017en\u011b 1,30 g<\/p>\n<p>Prsten.<br \/>\n\u017dlut\u00e9 zlato 0,585.<br \/>\n9 Diament\u00f3w, szlif brylantowy, o masie 0,20ct, barwa H, czysto\u015b\u0107 SI1-SI2.<\/p>\n<p>Korunka 21 \u00d7 4 mm.<br \/>\n\u0160\u00ed\u0159ka krou\u017eku p\u0159ibli\u017en\u011b 1,2 mm.<\/p>\n<p>Z\u00e1snubn\u00ed prsten<br \/>\nK dispozici jsou pouze n\u011bkter\u00e9 velikosti - zeptejte se<\/p>","protected":false},"excerpt":{"rendered":"<p>Subtelny i nowoczesny pier\u015bcionek zar\u0119czynowy wykonany z \u017c\u00f3\u0142tego z\u0142ota pr\u00f3by 585. Jego korona zdobiona jest dziewi\u0119cioma diamentami o \u0142\u0105cznej masie 0,20 ct, kt\u00f3re uk\u0142adaj\u0105 si\u0119 w lekk\u0105 i asymetryczn\u0105 kompozycj\u0119. Delikatna, smuk\u0142a obr\u0105czka podkre\u015bla blask kamieni, nadaj\u0105c ca\u0142o\u015bci wyj\u0105tkowej elegancji. To bi\u017cuteria stworzona dla kobiet ceni\u0105cych oryginalne wzornictwo i ponadczasowy urok.<\/p>\n<p>K dispozici jsou pouze n\u011bkter\u00e9 velikosti - zeptejte se<br \/>\nW przypadku braku na magazynie &#8211; termin realizacji oko\u0142o 4 tygodnie.<\/p>","protected":false},"featured_media":7241,"comment_status":"closed","ping_status":"closed","template":"","meta":{"om_disable_all_campaigns":false},"product_brand":[2284],"product_cat":[1384,1803,1838,6752,2182,801,176],"product_tag":[4923,5577,4928,4906,5576,4708,4668,5560,4910,3723,5018,2599],"class_list":{"0":"post-15586","1":"product","2":"type-product","3":"status-publish","4":"has-post-thumbnail","6":"product_brand-staviori","7":"product_cat-bizuteria","8":"product_cat-brylanty-exclusive","9":"product_cat-diamenty","10":"product_cat-kolekcja-staviori-must-have","11":"product_cat-pierscionek-z-diamentem","12":"product_cat-pierscionki","13":"product_cat-zloto","14":"product_tag-diamantovy-prsten","15":"product_tag-diamantring","16":"product_tag-diamond-ring","17":"product_tag-engagement-ring","18":"product_tag-gold-ring","19":"product_tag-pierscionek-z-diamentami","20":"product_tag-pierscionek-zareczynowy","21":"product_tag-verlobungsring","22":"product_tag-zasnubni-prsten","23":"product_tag-zlota-bizuteria","24":"product_tag-zloty-pierscionek","25":"product_tag-zolte-zloto-585","26":"pa_barwa-h-2","27":"pa_czystosc-si1","28":"pa_dostawca-estrella","29":"pa_kamien-brylanty","30":"pa_kolor-zolte","31":"pa_korona-21x4mm","32":"pa_kruszec-zloto","33":"pa_proba-0-585","34":"pa_rozmiar-4355","35":"pa_rozmiar-2351","36":"pa_rozmiar-2352","37":"pa_rozmiar-2353","38":"pa_rozmiar-2354","39":"pa_rozmiar-2355","40":"pa_rozmiar-2356","41":"pa_rozmiar-2357","42":"pa_rozmiar-2358","43":"pa_szerokosc-obraczki-ok-1-2mm","44":"pa_waga-130g","46":"first","47":"instock","48":"purchasable","49":"product-type-variable","50":"has-default-attributes"},"aioseo_notices":[],"_links":{"self":[{"href":"https:\/\/staviori.com.pl\/cs\/wp-json\/wp\/v2\/product\/15586","targetHints":{"allow":["GET"]}}],"collection":[{"href":"https:\/\/staviori.com.pl\/cs\/wp-json\/wp\/v2\/product"}],"about":[{"href":"https:\/\/staviori.com.pl\/cs\/wp-json\/wp\/v2\/types\/product"}],"replies":[{"embeddable":true,"href":"https:\/\/staviori.com.pl\/cs\/wp-json\/wp\/v2\/comments?post=15586"}],"wp:featuredmedia":[{"embeddable":true,"href":"https:\/\/staviori.com.pl\/cs\/wp-json\/wp\/v2\/media\/7241"}],"wp:attachment":[{"href":"https:\/\/staviori.com.pl\/cs\/wp-json\/wp\/v2\/media?parent=15586"}],"wp:term":[{"taxonomy":"product_brand","embeddable":true,"href":"https:\/\/staviori.com.pl\/cs\/wp-json\/wp\/v2\/product_brand?post=15586"},{"taxonomy":"product_cat","embeddable":true,"href":"https:\/\/staviori.com.pl\/cs\/wp-json\/wp\/v2\/product_cat?post=15586"},{"taxonomy":"product_tag","embeddable":true,"href":"https:\/\/staviori.com.pl\/cs\/wp-json\/wp\/v2\/product_tag?post=15586"}],"curies":[{"name":"wp","href":"https:\/\/api.w.org\/{rel}","templated":true}]}}