{"id":15583,"date":"2025-02-24T22:49:15","date_gmt":"2025-02-24T21:49:15","guid":{"rendered":"https:\/\/staviori.com.pl\/product\/bizuteria-inwestycyjna-pierscionek-pzd4437\/"},"modified":"2026-02-11T00:09:54","modified_gmt":"2026-02-10T23:09:54","slug":"bizuteria-inwestycyjna-pierscionek-pzd4437","status":"publish","type":"product","link":"https:\/\/staviori.com.pl\/cs\/product\/bizuteria-inwestycyjna-pierscionek-pzd4437\/","title":{"rendered":"Exkluzivn\u00ed | z\u00e1snubn\u00ed prsten s diamanty ve tvaru srdce, 750 zlat\u00fd"},"content":{"rendered":"<p>Model: DDR0232<br \/>\nWaga ok. 2,77g<\/p>\n<p>Prsten.<br \/>\n\u017b\u00f3\u0142te, Bia\u0142e lub R\u00f3\u017cowe Z\u0142oto 0,750.<br \/>\n1 Diament, szlif brylantowy, o masie 0,17ct, barwa G, czysto\u015b\u0107 SI1.<br \/>\n24 Diamenty, szlif brylantowy, o masie 0,14ct, barwa G-H, czysto\u015b\u0107 SI1.<\/p>\n<p>\u015arednica korony ok. 7.5 mm.<br \/>\nWymiary 5.3 mm.<br \/>\nSzeroko\u015b\u0107 obr\u0105czki ok. 2.3 mm.<\/p>\n<p>Z\u00e1snubn\u00ed prsten<br \/>\nProdukt w dowolnym rozmiarze i kolorze z\u0142ota &#8211; dost\u0119pny wy\u0142\u0105cznie na zam\u00f3wienie, czas realizacji ok. 5 tygodni.<\/p>","protected":false},"excerpt":{"rendered":"<p>Romantyczny pier\u015bcionek zar\u0119czynowy wykonany z \u017c\u00f3\u0142tego z\u0142ota pr\u00f3by 750. Centralny brylant o masie 0,17ct otoczony zosta\u0142 subteln\u0105 aureol\u0105 z mniejszych diament\u00f3w, kt\u00f3re tworz\u0105 kszta\u0142t serca \u2013 symbol mi\u0142o\u015bci i oddania. Dodatkowe kamienie zdobi\u0105 obr\u0105czk\u0119, nadaj\u0105c ca\u0142o\u015bci blasku i niezwyk\u0142ej elegancji. To wyj\u0105tkowa bi\u017cuteria, kt\u00f3ra stanie si\u0119 pi\u0119knym wyrazem uczu\u0107.<\/p>\n<p>Produkt w dowolnym rozmiarze i kolorze z\u0142ota &#8211; dost\u0119pny wy\u0142\u0105cznie na zam\u00f3wienie, czas realizacji ok. 5 tygodni.<\/p>","protected":false},"featured_media":7209,"comment_status":"closed","ping_status":"closed","template":"","meta":{"om_disable_all_campaigns":false},"product_brand":[2284],"product_cat":[1803,6741,801],"product_tag":[2543,5591,5593,5595,5594,5599,5552,4708,4668,5592,5598,5556,5597,5596,5018,2610],"class_list":{"0":"post-15583","1":"product","2":"type-product","3":"status-publish","4":"has-post-thumbnail","6":"product_brand-staviori","7":"product_cat-brylanty-exclusive","8":"product_cat-pierscionki-brylanty-exclusive","9":"product_cat-pierscionki","10":"product_tag-bizuteria-zlota","11":"product_tag-ddr0232","12":"product_tag-diamond-engagement-ring","13":"product_tag-gold-jewelry","14":"product_tag-heart-diamond-ring","15":"product_tag-herz-diamantring","16":"product_tag-pierscionek-serce","17":"product_tag-pierscionek-z-diamentami","18":"product_tag-pierscionek-zareczynowy","19":"product_tag-pzd4437","20":"product_tag-verlobungsring-mit-diamanten","21":"product_tag-yellow-gold-ring","22":"product_tag-zasnubni-prsten-diamant","23":"product_tag-zlaty-prsten-se-srdcem","24":"product_tag-zloty-pierscionek","25":"product_tag-zolte-zloto-750","26":"pa_barwa-g-2","27":"pa_czystosc-si1","28":"pa_dostawca-draco","29":"pa_kamien-brylanty","30":"pa_kolor-biale","31":"pa_kolor-rozowe","32":"pa_kolor-zolte","33":"pa_kruszec-zloto","34":"pa_okazja-idealne-na-zareczyny","35":"pa_proba-0-750","36":"pa_srednica-korony-ok-7-5mm","37":"pa_waga-275g","38":"pa_wymiary-5-3mm","40":"first","41":"onbackorder","42":"purchasable","43":"product-type-variable"},"aioseo_notices":[],"_links":{"self":[{"href":"https:\/\/staviori.com.pl\/cs\/wp-json\/wp\/v2\/product\/15583","targetHints":{"allow":["GET"]}}],"collection":[{"href":"https:\/\/staviori.com.pl\/cs\/wp-json\/wp\/v2\/product"}],"about":[{"href":"https:\/\/staviori.com.pl\/cs\/wp-json\/wp\/v2\/types\/product"}],"replies":[{"embeddable":true,"href":"https:\/\/staviori.com.pl\/cs\/wp-json\/wp\/v2\/comments?post=15583"}],"wp:featuredmedia":[{"embeddable":true,"href":"https:\/\/staviori.com.pl\/cs\/wp-json\/wp\/v2\/media\/7209"}],"wp:attachment":[{"href":"https:\/\/staviori.com.pl\/cs\/wp-json\/wp\/v2\/media?parent=15583"}],"wp:term":[{"taxonomy":"product_brand","embeddable":true,"href":"https:\/\/staviori.com.pl\/cs\/wp-json\/wp\/v2\/product_brand?post=15583"},{"taxonomy":"product_cat","embeddable":true,"href":"https:\/\/staviori.com.pl\/cs\/wp-json\/wp\/v2\/product_cat?post=15583"},{"taxonomy":"product_tag","embeddable":true,"href":"https:\/\/staviori.com.pl\/cs\/wp-json\/wp\/v2\/product_tag?post=15583"}],"curies":[{"name":"wp","href":"https:\/\/api.w.org\/{rel}","templated":true}]}}