{"id":15580,"date":"2025-02-24T22:49:15","date_gmt":"2025-02-24T21:49:15","guid":{"rendered":"https:\/\/staviori.com.pl\/product\/bizuteria-inwestycyjna-pierscionek-pzd4411\/"},"modified":"2026-02-11T00:09:55","modified_gmt":"2026-02-10T23:09:55","slug":"bizuteria-inwestycyjna-pierscionek-pzd4411","status":"publish","type":"product","link":"https:\/\/staviori.com.pl\/cs\/product\/bizuteria-inwestycyjna-pierscionek-pzd4411\/","title":{"rendered":"Exkluzivn\u00ed | klasick\u00e9 z\u00e1snuby v 18kar\u00e1tov\u00e9m zlat\u011b s 1ct diamantem"},"content":{"rendered":"<p>Model: PZD4411<br \/>\nHmotnost p\u0159ibli\u017en\u011b 3,90 g<\/p>\n<p>Prsten.<br \/>\n\u017dlut\u00e9, b\u00edl\u00e9 zlato 0,750.<br \/>\n1 diamant, briliantov\u00fd brus, hmotnost 1,00ct, barva H, \u010distota SI1.<\/p>\n<p>Pr\u016fm\u011br korunky cca 8,1 mm.<br \/>\nV\u00fd\u0161ka 6,7 mm.<br \/>\n\u0160\u00ed\u0159ka krou\u017eku je p\u0159ibli\u017en\u011b 1,7 mm.<\/p>\n<p>K dispozici na zak\u00e1zku s libovoln\u00fdm diamantem.<br \/>\nV p\u0159\u00edpad\u011b p\u0159\u00edrodn\u00edho diamantu mezin\u00e1rodn\u00ed certifik\u00e1t institutu IGI, GIA nebo HRD.<br \/>\nLze vyrobit s laboratorn\u00edm diamantem - v tom p\u0159\u00edpad\u011b cena -30%.<br \/>\nDoba dod\u00e1n\u00ed p\u0159ibli\u017en\u011b 2 t\u00fddny - z\u00e1vis\u00ed na dohod\u011b.<\/p>","protected":false},"excerpt":{"rendered":"<p>Klasick\u00fd a nesm\u00edrn\u011b elegantn\u00ed z\u00e1snubn\u00ed prsten vyroben\u00fd z kombinace \u017elut\u00e9ho a b\u00edl\u00e9ho zlata ryzosti 0,750. Jeho srdcem je v\u00fdjime\u010dn\u00fd diamant o v\u00e1ze 1,00 ct, kter\u00fd z\u00e1\u0159\u00ed mimo\u0159\u00e1dn\u00fdm leskem v \u0161esti osazen\u00edch. Jednoduch\u00fd, \u0161t\u00edhl\u00fd prsten podtrhuje kr\u00e1su a velikost diamantu a \u010din\u00ed z tohoto modelu skute\u010dn\u011b nad\u010dasov\u00fd symbol l\u00e1sky. Dokonal\u00e1 volba pro ty, kte\u0159\u00ed ocen\u00ed luxus a klasiku v t\u00e9 nejlep\u0161\u00ed podob\u011b.<\/p>\n<p>K dispozici na zak\u00e1zku s libovoln\u00fdm diamantem.<br \/>\nV p\u0159\u00edpad\u011b p\u0159\u00edrodn\u00edho diamantu mezin\u00e1rodn\u00ed certifik\u00e1t institutu IGI, GIA nebo HRD.<br \/>\nLze vyrobit s laboratorn\u00edm diamantem - v tom p\u0159\u00edpad\u011b cena -30%.<br \/>\nDoba dod\u00e1n\u00ed p\u0159ibli\u017en\u011b 2 t\u00fddny - z\u00e1vis\u00ed na dohod\u011b.<\/p>","protected":false},"featured_media":7170,"comment_status":"closed","ping_status":"closed","template":"","meta":{"om_disable_all_campaigns":false},"product_brand":[2284],"product_cat":[1803,801,6741],"product_tag":[2658,4123,5608,3722,5605,4906,5603,4668,5609,5504,5607,5606,4910,5604,2610],"class_list":{"0":"post-15580","1":"product","2":"type-product","3":"status-publish","4":"has-post-thumbnail","6":"product_brand-staviori","7":"product_cat-brylanty-exclusive","8":"product_cat-pierscionki","9":"product_cat-pierscionki-brylanty-exclusive","10":"product_tag-biale-zloto-750","11":"product_tag-brylant","12":"product_tag-diamantring-1-karat","13":"product_tag-diament","14":"product_tag-diamond-ring-1ct","15":"product_tag-engagement-ring","16":"product_tag-pierscionek-z-brylantem-1ct","17":"product_tag-pierscionek-zareczynowy","18":"product_tag-prsten-s-diamantem-1-ct","19":"product_tag-tiffany","20":"product_tag-verlobungsring-gelbgold-weisgold","21":"product_tag-yellow-white-gold-ring","22":"product_tag-zasnubni-prsten","23":"product_tag-zloty-pierscionek-zareczynowy","24":"product_tag-zolte-zloto-750","25":"pa_barwa-h-2","26":"pa_czystosc-si1","27":"pa_dostawca-estrella","28":"pa_kamien-diament-laboratoryjny","29":"pa_kamien-diament-naturalny-kopalny","30":"pa_kolor-biale","31":"pa_kolor-zolte","32":"pa_kruszec-zloto","33":"pa_okazja-idealne-na-zareczyny","34":"pa_proba-0-750","35":"pa_srednica-korony-ok-8-1mm","36":"pa_waga-390g","37":"pa_wysokosc-6-7mm","39":"first","40":"onbackorder","41":"purchasable","42":"product-type-variable","43":"has-default-attributes"},"aioseo_notices":[],"_links":{"self":[{"href":"https:\/\/staviori.com.pl\/cs\/wp-json\/wp\/v2\/product\/15580","targetHints":{"allow":["GET"]}}],"collection":[{"href":"https:\/\/staviori.com.pl\/cs\/wp-json\/wp\/v2\/product"}],"about":[{"href":"https:\/\/staviori.com.pl\/cs\/wp-json\/wp\/v2\/types\/product"}],"replies":[{"embeddable":true,"href":"https:\/\/staviori.com.pl\/cs\/wp-json\/wp\/v2\/comments?post=15580"}],"wp:featuredmedia":[{"embeddable":true,"href":"https:\/\/staviori.com.pl\/cs\/wp-json\/wp\/v2\/media\/7170"}],"wp:attachment":[{"href":"https:\/\/staviori.com.pl\/cs\/wp-json\/wp\/v2\/media?parent=15580"}],"wp:term":[{"taxonomy":"product_brand","embeddable":true,"href":"https:\/\/staviori.com.pl\/cs\/wp-json\/wp\/v2\/product_brand?post=15580"},{"taxonomy":"product_cat","embeddable":true,"href":"https:\/\/staviori.com.pl\/cs\/wp-json\/wp\/v2\/product_cat?post=15580"},{"taxonomy":"product_tag","embeddable":true,"href":"https:\/\/staviori.com.pl\/cs\/wp-json\/wp\/v2\/product_tag?post=15580"}],"curies":[{"name":"wp","href":"https:\/\/api.w.org\/{rel}","templated":true}]}}