{"id":15578,"date":"2025-02-24T22:49:11","date_gmt":"2025-02-24T21:49:11","guid":{"rendered":"https:\/\/staviori.com.pl\/product\/pierscionek-z-diamentem-pzd4408\/"},"modified":"2026-02-11T00:09:20","modified_gmt":"2026-02-10T23:09:20","slug":"pierscionek-z-diamentem-pzd4408","status":"publish","type":"product","link":"https:\/\/staviori.com.pl\/cs\/product\/pierscionek-z-diamentem-pzd4408\/","title":{"rendered":"Staviori | Kr\u00e1sn\u00fd klasick\u00fd z\u00e1snubn\u00ed prsten s 0,15ct diamantem G\/Si1"},"content":{"rendered":"<p>Model: PZD4408<br \/>\nHmotnost p\u0159ibli\u017en\u011b 2,00 g<\/p>\n<p>Prsten.<br \/>\n\u017dlut\u00e9, b\u00edl\u00e9 zlato 0,585.<br \/>\n1 Diament, szlif brylantowy, o masie 0,15ct, barwa G, czysto\u015b\u0107 Si1.<\/p>\n<p>K dispozici na individu\u00e1ln\u00ed objedn\u00e1vku s jak\u00fdmkoli jin\u00fdm diamantem.<br \/>\nZ\u00e1snubn\u00ed prsten<\/p>\n<p>Dost\u0119pny na zam\u00f3wienie w dowolnym rozmiarze w terminie oko\u0142o 1 tygodnia.<\/p>","protected":false},"excerpt":{"rendered":"<p>Klasyczny pier\u015bcionek zar\u0119czynowy wykonany z po\u0142\u0105czenia \u017c\u00f3\u0142tego i bia\u0142ego z\u0142ota pr\u00f3by 0,585. W jego centrum l\u015bni diament o masie 0,15 ct, barwie G i czysto\u015bci SI1, osadzony w delikatnej, sze\u015bcioramiennej oprawie. Prosty, a zarazem niezwykle elegancki model, kt\u00f3ry symbolizuje mi\u0142o\u015b\u0107, czysto\u015b\u0107 i ponadczasow\u0105 elegancj\u0119. Idealny wyb\u00f3r na wyj\u0105tkowy moment o\u015bwiadczyn.<\/p>","protected":false},"featured_media":7149,"comment_status":"closed","ping_status":"closed","template":"","meta":{"om_disable_all_campaigns":false},"product_brand":[2284],"product_cat":[1803,1838,2182,6741,801],"product_tag":[4396,2308,4674,4123,3722,4928,4906,6711,4673,4668,6740,5032,5556,4910,4387,2522],"class_list":{"0":"post-15578","1":"product","2":"type-product","3":"status-publish","4":"has-post-thumbnail","6":"product_brand-staviori","7":"product_cat-brylanty-exclusive","8":"product_cat-diamenty","9":"product_cat-pierscionek-z-diamentem","10":"product_cat-pierscionki-brylanty-exclusive","11":"product_cat-pierscionki","12":"product_tag-4396","13":"product_tag-biale-zloto","14":"product_tag-bizuteria-zareczynowa","15":"product_tag-brylant","16":"product_tag-diament","17":"product_tag-diamond-ring","18":"product_tag-engagement-ring","19":"product_tag-gold-14k","20":"product_tag-klasyczny-pierscionek","21":"product_tag-pierscionek-zareczynowy","22":"product_tag-prsten-s-diamantem","23":"product_tag-white-gold-jewelry","24":"product_tag-yellow-gold-ring","25":"product_tag-zasnubni-prsten","26":"product_tag-zloto-0","27":"product_tag-zolte-zloto","28":"pa_barwa-g-2","29":"pa_czystosc-si1","30":"pa_kamien-brylant","31":"pa_kolor-zolte","32":"pa_kruszec-zloto","33":"pa_masa-karatowa-015ct","34":"pa_proba-0-585","35":"pa_waga-190g","37":"first","38":"onbackorder","39":"purchasable","40":"product-type-simple"},"aioseo_notices":[],"_links":{"self":[{"href":"https:\/\/staviori.com.pl\/cs\/wp-json\/wp\/v2\/product\/15578","targetHints":{"allow":["GET"]}}],"collection":[{"href":"https:\/\/staviori.com.pl\/cs\/wp-json\/wp\/v2\/product"}],"about":[{"href":"https:\/\/staviori.com.pl\/cs\/wp-json\/wp\/v2\/types\/product"}],"replies":[{"embeddable":true,"href":"https:\/\/staviori.com.pl\/cs\/wp-json\/wp\/v2\/comments?post=15578"}],"wp:featuredmedia":[{"embeddable":true,"href":"https:\/\/staviori.com.pl\/cs\/wp-json\/wp\/v2\/media\/7149"}],"wp:attachment":[{"href":"https:\/\/staviori.com.pl\/cs\/wp-json\/wp\/v2\/media?parent=15578"}],"wp:term":[{"taxonomy":"product_brand","embeddable":true,"href":"https:\/\/staviori.com.pl\/cs\/wp-json\/wp\/v2\/product_brand?post=15578"},{"taxonomy":"product_cat","embeddable":true,"href":"https:\/\/staviori.com.pl\/cs\/wp-json\/wp\/v2\/product_cat?post=15578"},{"taxonomy":"product_tag","embeddable":true,"href":"https:\/\/staviori.com.pl\/cs\/wp-json\/wp\/v2\/product_tag?post=15578"}],"curies":[{"name":"wp","href":"https:\/\/api.w.org\/{rel}","templated":true}]}}