{"id":15577,"date":"2025-02-24T22:49:11","date_gmt":"2025-02-24T21:49:11","guid":{"rendered":"https:\/\/staviori.com.pl\/product\/pierscionek-z-diamentem-pzd4357\/"},"modified":"2026-02-11T00:09:20","modified_gmt":"2026-02-10T23:09:20","slug":"pierscionek-z-diamentem-pzd4357","status":"publish","type":"product","link":"https:\/\/staviori.com.pl\/cs\/product\/pierscionek-z-diamentem-pzd4357\/","title":{"rendered":"Staviori | z\u00e1snubn\u00ed prsten ze \u017elut\u00e9ho zlata s 0,20ct diamantem"},"content":{"rendered":"<p>Model: PZD4357<br \/>\nHmotnost p\u0159ibli\u017en\u011b 1,90 g<\/p>\n<p>Prsten.<br \/>\n\u017dlut\u00e9 zlato 0,585.<br \/>\n1 Diament, szlif brylantowy, o masie 0,20ct, barwa H, czysto\u015b\u0107 SI.<\/p>\n<p>Pr\u016fm\u011br korunky cca 5 mm.<br \/>\nV\u00fd\u0161ka 3 mm.<br \/>\n\u0160\u00ed\u0159ka krou\u017eku je p\u0159ibli\u017en\u011b 2 mm.<\/p>\n<p>K dispozici na individu\u00e1ln\u00ed objedn\u00e1vku s jak\u00fdmkoli jin\u00fdm diamantem.<br \/>\nZ\u00e1snubn\u00ed prsten<br \/>\nV\u00fdrobek v libovoln\u00e9 velikosti, dostupn\u00fd pouze na vy\u017e\u00e1d\u00e1n\u00ed, doba dod\u00e1n\u00ed cca 2 t\u00fddny.<\/p>\n<p>&#8212;&#8212;&#8212;&#8212;&#8212;&#8212;&#8212;&#8212;&#8211;<br \/>\nTen niezwyk\u0142y pier\u015bcionek \u0142\u0105czy w sobie pi\u0119kno i u\u017cyteczno\u015b\u0107. Jest idealny na udane, cudowne zar\u0119czyny. Doskonale widoczny, cho\u0107 skryty w 14-karatowym, \u017c\u00f3\u0142tym z\u0142ocie brylant, b\u0119dzie zacnie prezentowa\u0142 si\u0119 na palcu wybranki jednocze\u015bnie nie przeszkadzaj\u0105c w codziennym u\u017cytkowaniu. Wz\u00f3r idealny dla os\u00f3b kochaj\u0105cych \u017c\u00f3\u0142te z\u0142oto.<br \/>\nModel wyst\u0119puj\u0119 w ro\u017cnych po\u0142\u0105czeniach kolor\u00f3w z\u0142ota i wielko\u015bci brylant\u00f3w &#8211; kliknij poni\u017cej, aby zobaczy\u0107 wszystkie dost\u0119pne opcje.<\/p>","protected":false},"excerpt":{"rendered":"<p>Subtelny i elegancki pier\u015bcionek zar\u0119czynowy wykonany z 14-karatowego \u017c\u00f3\u0142tego z\u0142ota, kt\u00f3rego finezyjnie spleciona obr\u0105czka delikatnie oplata l\u015bni\u0105cy brylant o masie 0,20 ct. Klasyczny szlif brylantowy w po\u0142\u0105czeniu z ciep\u0142ym odcieniem z\u0142ota tworzy niezwykle kobiec\u0105 i harmonijn\u0105 ca\u0142o\u015b\u0107. To idealny wyb\u00f3r dla kobiet ceni\u0105cych ponadczasowy styl, naturalne pi\u0119kno i wygod\u0119 noszenia ka\u017cdego dnia.<\/p>","protected":false},"featured_media":7136,"comment_status":"closed","ping_status":"closed","template":"","meta":{"om_disable_all_campaigns":false},"product_brand":[2284],"product_cat":[1838,6752,2182,801],"product_tag":[4928,6298,5631,4686,4668,3724,5560,6745,5625,6744,2599],"class_list":{"0":"post-15577","1":"product","2":"type-product","3":"status-publish","4":"has-post-thumbnail","6":"product_brand-staviori","7":"product_cat-diamenty","8":"product_cat-kolekcja-staviori-must-have","9":"product_cat-pierscionek-z-diamentem","10":"product_cat-pierscionki","11":"product_tag-diamond-ring","12":"product_tag-gold-585","13":"product_tag-gold-engagement-ring","14":"product_tag-pierscionek-z-diamentem","15":"product_tag-pierscionek-zareczynowy","16":"product_tag-staviori","17":"product_tag-verlobungsring","18":"product_tag-zasnubni-prsten-s-diamantem","19":"product_tag-zloty-pierscionek-z-brylantem","20":"product_tag-zlute-zlato-prsten","21":"product_tag-zolte-zloto-585","22":"pa_barwa-h-2","23":"pa_czystosc-si1-si2","24":"pa_kamien-brylant","25":"pa_kolor-zolte","26":"pa_kruszec-zloto","27":"pa_masa-karatowa-020ct","28":"pa_proba-0-585","29":"pa_srednica-korony-ok-5mm","30":"pa_waga-190g","31":"pa_wysokosc-3mm","33":"first","34":"onbackorder","35":"purchasable","36":"product-type-simple"},"aioseo_notices":[],"_links":{"self":[{"href":"https:\/\/staviori.com.pl\/cs\/wp-json\/wp\/v2\/product\/15577","targetHints":{"allow":["GET"]}}],"collection":[{"href":"https:\/\/staviori.com.pl\/cs\/wp-json\/wp\/v2\/product"}],"about":[{"href":"https:\/\/staviori.com.pl\/cs\/wp-json\/wp\/v2\/types\/product"}],"replies":[{"embeddable":true,"href":"https:\/\/staviori.com.pl\/cs\/wp-json\/wp\/v2\/comments?post=15577"}],"wp:featuredmedia":[{"embeddable":true,"href":"https:\/\/staviori.com.pl\/cs\/wp-json\/wp\/v2\/media\/7136"}],"wp:attachment":[{"href":"https:\/\/staviori.com.pl\/cs\/wp-json\/wp\/v2\/media?parent=15577"}],"wp:term":[{"taxonomy":"product_brand","embeddable":true,"href":"https:\/\/staviori.com.pl\/cs\/wp-json\/wp\/v2\/product_brand?post=15577"},{"taxonomy":"product_cat","embeddable":true,"href":"https:\/\/staviori.com.pl\/cs\/wp-json\/wp\/v2\/product_cat?post=15577"},{"taxonomy":"product_tag","embeddable":true,"href":"https:\/\/staviori.com.pl\/cs\/wp-json\/wp\/v2\/product_tag?post=15577"}],"curies":[{"name":"wp","href":"https:\/\/api.w.org\/{rel}","templated":true}]}}