{"id":15575,"date":"2025-02-24T22:49:11","date_gmt":"2025-02-24T21:49:11","guid":{"rendered":"https:\/\/staviori.com.pl\/product\/bizuteria-inwestycyjna-pierscionek-pzd4038\/"},"modified":"2026-02-11T00:09:19","modified_gmt":"2026-02-10T23:09:19","slug":"bizuteria-inwestycyjna-pierscionek-pzd4038","status":"publish","type":"product","link":"https:\/\/staviori.com.pl\/cs\/product\/bizuteria-inwestycyjna-pierscionek-pzd4038\/","title":{"rendered":"Exkluzivn\u00ed | prsten s diamanty a princeznami , \u017elut\u00e9 zlato 750 K\u010d"},"content":{"rendered":"<p>Model: DDR1505<br \/>\nWaga ok. 5,95g<\/p>\n<p>Prsten.<br \/>\n\u017dlut\u00e9 zlato 0,750.<br \/>\n40 Diament\u00f3w, szlif brylantowy, o masie 0,77ct, barwa G-H, czysto\u015b\u0107 SI1.<br \/>\n12 Diament\u00f3w, szlif princessa, o masie 0,62ct, barwa G-H, czysto\u015b\u0107 SI1.<\/p>\n<p>Szeroko\u015b\u0107 10.4 mm.<br \/>\nGrubo\u015b\u0107 6.8 mm.<br \/>\nSzeroko\u015b\u0107 obr\u0105czki ok. 2.85 mm.<\/p>\n<p>V\u00fdrobek v libovoln\u00e9 velikosti, dostupn\u00fd pouze na vy\u017e\u00e1d\u00e1n\u00ed, doba dod\u00e1n\u00ed cca 5 t\u00fddn\u016f.<\/p>","protected":false},"excerpt":{"rendered":"<p>Zachwycaj\u0105cy pier\u015bcionek Staviori z \u017c\u00f3\u0142tego z\u0142ota pr\u00f3by 0,750, pe\u0142en blasku i elegancji. Misternie oprawione diamenty o szlifie brylantowym i princess tworz\u0105 wyj\u0105tkowy, geometryczny wz\u00f3r o imponuj\u0105cym po\u0142ysku. To prawdziwe dzie\u0142o jubilerskiej sztuki, kt\u00f3re przyci\u0105ga uwag\u0119 i podkre\u015bla wyrafinowany gust w\u0142a\u015bcicielki. Idealny wyb\u00f3r dla kobiety ceni\u0105cej luksus i niepowtarzalny styl.<\/p>","protected":false},"featured_media":7121,"comment_status":"closed","ping_status":"closed","template":"","meta":{"om_disable_all_campaigns":false},"product_brand":[2284],"product_cat":[1803,801,6741],"product_tag":[6756,4923,6120,4928,6390,6757,2280,4042,4708,6755,3724,5556,2341,2522],"class_list":{"0":"post-15575","1":"product","2":"type-product","3":"status-publish","4":"has-post-thumbnail","6":"product_brand-staviori","7":"product_cat-brylanty-exclusive","8":"product_cat-pierscionki","9":"product_cat-pierscionki-brylanty-exclusive","10":"product_tag-ddr1505","11":"product_tag-diamantovy-prsten","12":"product_tag-diamond-jewelry","13":"product_tag-diamond-ring","14":"product_tag-gold-18k","15":"product_tag-gold-jewellery","16":"product_tag-luksusowa-bizuteria","17":"product_tag-luxusni-sperk","18":"product_tag-pierscionek-z-diamentami","19":"product_tag-pzd4038","20":"product_tag-staviori","21":"product_tag-yellow-gold-ring","22":"product_tag-zloto-750","23":"product_tag-zolte-zloto","24":"pa_barwa-g-h","25":"pa_czystosc-si1","26":"pa_grubosc-6-8mm","27":"pa_kamien-brylanty","28":"pa_kamien-diamenty-princessa","29":"pa_kolor-zolte","30":"pa_kruszec-zloto","31":"pa_proba-0-750","32":"pa_szerokosc-10-4mm","33":"pa_waga-590g","35":"first","36":"onbackorder","37":"purchasable","38":"product-type-simple"},"aioseo_notices":[],"_links":{"self":[{"href":"https:\/\/staviori.com.pl\/cs\/wp-json\/wp\/v2\/product\/15575","targetHints":{"allow":["GET"]}}],"collection":[{"href":"https:\/\/staviori.com.pl\/cs\/wp-json\/wp\/v2\/product"}],"about":[{"href":"https:\/\/staviori.com.pl\/cs\/wp-json\/wp\/v2\/types\/product"}],"replies":[{"embeddable":true,"href":"https:\/\/staviori.com.pl\/cs\/wp-json\/wp\/v2\/comments?post=15575"}],"wp:featuredmedia":[{"embeddable":true,"href":"https:\/\/staviori.com.pl\/cs\/wp-json\/wp\/v2\/media\/7121"}],"wp:attachment":[{"href":"https:\/\/staviori.com.pl\/cs\/wp-json\/wp\/v2\/media?parent=15575"}],"wp:term":[{"taxonomy":"product_brand","embeddable":true,"href":"https:\/\/staviori.com.pl\/cs\/wp-json\/wp\/v2\/product_brand?post=15575"},{"taxonomy":"product_cat","embeddable":true,"href":"https:\/\/staviori.com.pl\/cs\/wp-json\/wp\/v2\/product_cat?post=15575"},{"taxonomy":"product_tag","embeddable":true,"href":"https:\/\/staviori.com.pl\/cs\/wp-json\/wp\/v2\/product_tag?post=15575"}],"curies":[{"name":"wp","href":"https:\/\/api.w.org\/{rel}","templated":true}]}}