{"id":15573,"date":"2025-02-24T22:49:11","date_gmt":"2025-02-24T21:49:11","guid":{"rendered":"https:\/\/staviori.com.pl\/product\/bizuteria-inwestycyjna-pierscionek-pzd4036\/"},"modified":"2026-02-11T00:09:19","modified_gmt":"2026-02-10T23:09:19","slug":"bizuteria-inwestycyjna-pierscionek-pzd4036","status":"publish","type":"product","link":"https:\/\/staviori.com.pl\/cs\/product\/bizuteria-inwestycyjna-pierscionek-pzd4036\/","title":{"rendered":"Exkluzivn\u00ed | 750 \u017elut\u00e9 zlato, prsten s b\u00edl\u00fdm ach\u00e1tem a diamanty"},"content":{"rendered":"<p>Model: DSR1136<br \/>\nWaga ok. 9,45g<\/p>\n<p>Prsten.<br \/>\n\u017dlut\u00e9 zlato 0,750.<br \/>\n48 Diament\u00f3w, szlif brylantowy, o masie 0,43ct, barwa G-H, czysto\u015b\u0107 SI1.<br \/>\nAgat Bia\u0142y , o masie 3,35ct.<\/p>\n<p>Szeroko\u015b\u0107 8.5 mm.<br \/>\nTlou\u0161\u0165ka 3 mm.<\/p>\n<p>Uveden\u00e1 hmotnost kamene a cena jsou za velikost 13.<br \/>\nV\u00fdrobek v libovoln\u00e9 velikosti, dostupn\u00fd pouze na vy\u017e\u00e1d\u00e1n\u00ed, doba dod\u00e1n\u00ed cca 5 t\u00fddn\u016f.<\/p>","protected":false},"excerpt":{"rendered":"<p>Zjawiskowy pier\u015bcionek z \u017c\u00f3\u0142tego z\u0142ota pr\u00f3by 0,750, kt\u00f3ry zachwyca nowoczesnym po\u0142\u0105czeniem bia\u0142ego agatu i b\u0142yszcz\u0105cych diament\u00f3w. Harmonijne zestawienie ciep\u0142ego odcienia z\u0142ota z ch\u0142odn\u0105 biel\u0105 kamienia nadaje ca\u0142o\u015bci wyj\u0105tkowej elegancji. 48 perfekcyjnie oszlifowanych brylant\u00f3w subtelnie podkre\u015bla ka\u017cdy detal, tworz\u0105c bi\u017cuteri\u0119 o niepowtarzalnym charakterze. To doskona\u0142y wyb\u00f3r dla kobiety ceni\u0105cej luksus, styl i niebanalne wzornictwo.<\/p>","protected":false},"featured_media":7115,"comment_status":"closed","ping_status":"closed","template":"","meta":{"om_disable_all_campaigns":false},"product_brand":[2284],"product_cat":[1803,801,6741],"product_tag":[2337,2331,2301,4923,2296,4928,6727,4672,5576,2280,6171,4108,6726,3724,5567,6728,5018,6506],"class_list":{"0":"post-15573","1":"product","2":"type-product","3":"status-publish","4":"has-post-thumbnail","6":"product_brand-staviori","7":"product_cat-brylanty-exclusive","8":"product_cat-pierscionki","9":"product_cat-pierscionki-brylanty-exclusive","10":"product_tag-2337","11":"product_tag-bialy-agat","12":"product_tag-brylanty","13":"product_tag-diamantovy-prsten","14":"product_tag-diamenty","15":"product_tag-diamond-ring","16":"product_tag-dsr1136","17":"product_tag-elegancki-pierscionek","18":"product_tag-gold-ring","19":"product_tag-luksusowa-bizuteria","20":"product_tag-luxusschmuck","21":"product_tag-pierscionek","22":"product_tag-pzd4036","23":"product_tag-staviori","24":"product_tag-white-agate","25":"product_tag-zlaty-prsten","26":"product_tag-zloty-pierscionek","27":"product_tag-zolte-zloto-0","28":"pa_barwa-g-h","29":"pa_czystosc-si1","30":"pa_dostawca-draco","31":"pa_grubosc-3mm","32":"pa_kamien-agat-bialy","33":"pa_kamien-brylanty","34":"pa_kolor-zolte","35":"pa_kruszec-zloto","36":"pa_proba-0-750","37":"pa_szerokosc-8-5mm","38":"pa_waga-940g","40":"first","41":"onbackorder","42":"purchasable","43":"product-type-simple"},"aioseo_notices":[],"_links":{"self":[{"href":"https:\/\/staviori.com.pl\/cs\/wp-json\/wp\/v2\/product\/15573","targetHints":{"allow":["GET"]}}],"collection":[{"href":"https:\/\/staviori.com.pl\/cs\/wp-json\/wp\/v2\/product"}],"about":[{"href":"https:\/\/staviori.com.pl\/cs\/wp-json\/wp\/v2\/types\/product"}],"replies":[{"embeddable":true,"href":"https:\/\/staviori.com.pl\/cs\/wp-json\/wp\/v2\/comments?post=15573"}],"wp:featuredmedia":[{"embeddable":true,"href":"https:\/\/staviori.com.pl\/cs\/wp-json\/wp\/v2\/media\/7115"}],"wp:attachment":[{"href":"https:\/\/staviori.com.pl\/cs\/wp-json\/wp\/v2\/media?parent=15573"}],"wp:term":[{"taxonomy":"product_brand","embeddable":true,"href":"https:\/\/staviori.com.pl\/cs\/wp-json\/wp\/v2\/product_brand?post=15573"},{"taxonomy":"product_cat","embeddable":true,"href":"https:\/\/staviori.com.pl\/cs\/wp-json\/wp\/v2\/product_cat?post=15573"},{"taxonomy":"product_tag","embeddable":true,"href":"https:\/\/staviori.com.pl\/cs\/wp-json\/wp\/v2\/product_tag?post=15573"}],"curies":[{"name":"wp","href":"https:\/\/api.w.org\/{rel}","templated":true}]}}