{"id":15569,"date":"2025-02-24T22:49:11","date_gmt":"2025-02-24T21:49:11","guid":{"rendered":"https:\/\/staviori.com.pl\/product\/bizuteria-inwestycyjna-pierscionek-pzd3932\/"},"modified":"2026-02-11T00:09:19","modified_gmt":"2026-02-10T23:09:19","slug":"bizuteria-inwestycyjna-pierscionek-pzd3932","status":"publish","type":"product","link":"https:\/\/staviori.com.pl\/cs\/product\/bizuteria-inwestycyjna-pierscionek-pzd3932\/","title":{"rendered":"Exkluzivn\u00ed | 750 zlat\u00fd prsten s diamanty ve tvaru ma\u0161le"},"content":{"rendered":"<p>Model: DDR1257Y<br \/>\nHmotnost p\u0159ibli\u017en\u011b 8,90 g<\/p>\n<p>Prsten.<br \/>\n\u017dlut\u00e9 zlato 0,750.<br \/>\n175 Diament\u00f3w, szlif brylantowy, o masie 2,84ct, barwa G-H, czysto\u015b\u0107 SI1.<\/p>\n<p>Korona 11&#215;36 mm.<br \/>\nGrubo\u015b\u0107 6.7 mm.<br \/>\nSzeroko\u015b\u0107 obr\u0105czki ok. 4.1 mm.<\/p>\n<p>\u015awietny jako pier\u015bcionek zar\u0119czynowy lub rocznicowy.<br \/>\nProdukt w dowolnym rozmiarze i kolorze z\u0142ota &#8211; dost\u0119pny wy\u0142\u0105cznie na zam\u00f3wienie, czas realizacji ok. 5 tygodni<\/p>","protected":false},"excerpt":{"rendered":"<p>Spektakularny pier\u015bcionek zar\u0119czynowy w kszta\u0142cie kokardy, wykonany z \u017c\u00f3\u0142tego z\u0142ota pr\u00f3by 750 i wysadzany a\u017c 175 brylantami o \u0142\u0105cznej masie 2,84 ct. L\u015bni\u0105ce diamenty tworz\u0105 niezwykle efektown\u0105 kompozycj\u0119, kt\u00f3ra przyci\u0105ga wzrok swoim blaskiem i elegancj\u0105. To wyj\u0105tkowy model dla kobiet ceni\u0105cych bi\u017cuteri\u0119 luksusow\u0105, pe\u0142n\u0105 wdzi\u0119ku i klasy.<\/p>","protected":false},"featured_media":7084,"comment_status":"closed","ping_status":"closed","template":"","meta":{"om_disable_all_campaigns":false},"product_brand":[2284],"product_cat":[1803,801,6741],"product_tag":[4995,5562,4672,4906,5555,2280,3747,5563,3753,5554,4746,4668,5557,5559,5553,5564,5561,5560,5556,4910,5558,5018,2522],"class_list":{"0":"post-15569","1":"product","2":"type-product","3":"status-publish","4":"has-post-thumbnail","6":"product_brand-staviori","7":"product_cat-brylanty-exclusive","8":"product_cat-pierscionki","9":"product_cat-pierscionki-brylanty-exclusive","10":"product_tag-bow-ring","11":"product_tag-diamantring-gold","12":"product_tag-elegancki-pierscionek","13":"product_tag-engagement-ring","14":"product_tag-gold-diamond-ring","15":"product_tag-luksusowa-bizuteria","16":"product_tag-luxury-jewelry","17":"product_tag-luxus-schmuck","18":"product_tag-luxusni-sperky","19":"product_tag-pierscionek-kokarda","20":"product_tag-pierscionek-z-brylantami","21":"product_tag-pierscionek-zareczynowy","22":"product_tag-prsten-masle","23":"product_tag-prsten-zlute-zlato","24":"product_tag-pzd3932","25":"product_tag-ring-gelbgold","26":"product_tag-schleifenring","27":"product_tag-verlobungsring","28":"product_tag-yellow-gold-ring","29":"product_tag-zasnubni-prsten","30":"product_tag-zlaty-prsten-s-diamanty","31":"product_tag-zloty-pierscionek","32":"product_tag-zolte-zloto","33":"pa_barwa-g-h","34":"pa_czystosc-si1","35":"pa_grubosc-6-7mm","36":"pa_kamien-brylanty","37":"pa_kolor-zolte","38":"pa_korona-11x36mm","39":"pa_kruszec-zloto","40":"pa_proba-0-750","41":"pa_waga-890g","43":"first","44":"onbackorder","45":"purchasable","46":"product-type-simple"},"aioseo_notices":[],"_links":{"self":[{"href":"https:\/\/staviori.com.pl\/cs\/wp-json\/wp\/v2\/product\/15569","targetHints":{"allow":["GET"]}}],"collection":[{"href":"https:\/\/staviori.com.pl\/cs\/wp-json\/wp\/v2\/product"}],"about":[{"href":"https:\/\/staviori.com.pl\/cs\/wp-json\/wp\/v2\/types\/product"}],"replies":[{"embeddable":true,"href":"https:\/\/staviori.com.pl\/cs\/wp-json\/wp\/v2\/comments?post=15569"}],"wp:featuredmedia":[{"embeddable":true,"href":"https:\/\/staviori.com.pl\/cs\/wp-json\/wp\/v2\/media\/7084"}],"wp:attachment":[{"href":"https:\/\/staviori.com.pl\/cs\/wp-json\/wp\/v2\/media?parent=15569"}],"wp:term":[{"taxonomy":"product_brand","embeddable":true,"href":"https:\/\/staviori.com.pl\/cs\/wp-json\/wp\/v2\/product_brand?post=15569"},{"taxonomy":"product_cat","embeddable":true,"href":"https:\/\/staviori.com.pl\/cs\/wp-json\/wp\/v2\/product_cat?post=15569"},{"taxonomy":"product_tag","embeddable":true,"href":"https:\/\/staviori.com.pl\/cs\/wp-json\/wp\/v2\/product_tag?post=15569"}],"curies":[{"name":"wp","href":"https:\/\/api.w.org\/{rel}","templated":true}]}}