{"id":15567,"date":"2025-02-24T22:49:11","date_gmt":"2025-02-24T21:49:11","guid":{"rendered":"https:\/\/staviori.com.pl\/product\/pierscionek-z-diamentem-pzd3897\/"},"modified":"2026-02-11T00:09:19","modified_gmt":"2026-02-10T23:09:19","slug":"pierscionek-z-diamentem-pzd3897","status":"publish","type":"product","link":"https:\/\/staviori.com.pl\/cs\/product\/pierscionek-z-diamentem-pzd3897\/","title":{"rendered":"Zlat\u00fd prsten dv\u011b srdce s diamanty"},"content":{"rendered":"<p>Model: PZD3897<br \/>\nWaga ok. 2,01g<\/p>\n<p>Prsten.<br \/>\n\u017dlut\u00e9 zlato 0,585.<br \/>\n6 Diament\u00f3w, szlif brylantowy, o masie 0,12ct, barwa H, czysto\u015b\u0107 SI2.<br \/>\n\u0160\u00ed\u0159ka 3,5 mm.<\/p>\n<p>Dost\u0119pne tylko niekt\u00f3re rozmiary &#8211; w przypadku braku na magazynie:<br \/>\nProdukt w dowolnym rozmiarze i kolorze z\u0142ota dost\u0119pny wy\u0142\u0105cznie na zam\u00f3wienie, czas realizacji ok. 4 tygodnie.<\/p>","protected":false},"excerpt":{"rendered":"<p>Z\u0142oty pier\u015bcionek z 14-karatowego \u017c\u00f3\u0142tego z\u0142ota, w kt\u00f3rym centralnym motywem s\u0105 dwa splecione serca \u2013 symbol mi\u0142o\u015bci i nierozerwalnej wi\u0119zi. Ka\u017cde serce zdobi l\u015bni\u0105cy diament o szlifie brylantowym, a dodatkowe kamienie osadzone w obr\u0105czce podkre\u015blaj\u0105 blask ca\u0142o\u015bci. To wyj\u0105tkowa bi\u017cuteria, idealna jako prezent pe\u0142en uczu\u0107 lub romantyczny symbol na zar\u0119czyny.<\/p>\n<p>Dost\u0119pne tylko niekt\u00f3re rozmiary &#8211; w przypadku braku na magazynie:<br \/>\nProdukt w dowolnym rozmiarze i kolorze z\u0142ota dost\u0119pny wy\u0142\u0105cznie na zam\u00f3wienie, czas realizacji ok. 4 tygodnie.<\/p>","protected":false},"featured_media":20780,"comment_status":"closed","ping_status":"closed","template":"","meta":{"om_disable_all_campaigns":false},"product_brand":[2284],"product_cat":[1838,2182,801],"product_tag":[5550,5549,4708,4668,4687,5542],"class_list":{"0":"post-15567","1":"product","2":"type-product","3":"status-publish","4":"has-post-thumbnail","6":"product_brand-staviori","7":"product_cat-diamenty","8":"product_cat-pierscionek-z-diamentem","9":"product_cat-pierscionki","10":"product_tag-bizuteria-symbol-milosci","11":"product_tag-pierscionek-dwa-serca","12":"product_tag-pierscionek-z-diamentami","13":"product_tag-pierscionek-zareczynowy","14":"product_tag-romantyczny-pierscionek","15":"product_tag-zloty-pierscionek-damski","16":"pa_barwa-h-2","17":"pa_czystosc-si2","18":"pa_dostawca-estrella","19":"pa_kamien-brylanty","20":"pa_kolor-zolte","21":"pa_kruszec-zloto","22":"pa_motyw-serce","23":"pa_proba-0-585","24":"pa_rozmiar-2353","25":"pa_szerokosc-3-5mm","26":"pa_waga-200g","28":"first","29":"instock","30":"purchasable","31":"product-type-simple"},"aioseo_notices":[],"_links":{"self":[{"href":"https:\/\/staviori.com.pl\/cs\/wp-json\/wp\/v2\/product\/15567","targetHints":{"allow":["GET"]}}],"collection":[{"href":"https:\/\/staviori.com.pl\/cs\/wp-json\/wp\/v2\/product"}],"about":[{"href":"https:\/\/staviori.com.pl\/cs\/wp-json\/wp\/v2\/types\/product"}],"replies":[{"embeddable":true,"href":"https:\/\/staviori.com.pl\/cs\/wp-json\/wp\/v2\/comments?post=15567"}],"wp:featuredmedia":[{"embeddable":true,"href":"https:\/\/staviori.com.pl\/cs\/wp-json\/wp\/v2\/media\/20780"}],"wp:attachment":[{"href":"https:\/\/staviori.com.pl\/cs\/wp-json\/wp\/v2\/media?parent=15567"}],"wp:term":[{"taxonomy":"product_brand","embeddable":true,"href":"https:\/\/staviori.com.pl\/cs\/wp-json\/wp\/v2\/product_brand?post=15567"},{"taxonomy":"product_cat","embeddable":true,"href":"https:\/\/staviori.com.pl\/cs\/wp-json\/wp\/v2\/product_cat?post=15567"},{"taxonomy":"product_tag","embeddable":true,"href":"https:\/\/staviori.com.pl\/cs\/wp-json\/wp\/v2\/product_tag?post=15567"}],"curies":[{"name":"wp","href":"https:\/\/api.w.org\/{rel}","templated":true}]}}