{"id":15563,"date":"2025-02-24T22:49:11","date_gmt":"2025-02-24T21:49:11","guid":{"rendered":"https:\/\/staviori.com.pl\/product\/pierscionek-z-diamentem-pzd2500\/"},"modified":"2026-02-11T00:09:19","modified_gmt":"2026-02-10T23:09:19","slug":"pierscionek-z-diamentem-pzd2500","status":"publish","type":"product","link":"https:\/\/staviori.com.pl\/cs\/product\/pierscionek-z-diamentem-pzd2500\/","title":{"rendered":"Staviori\u00ae Must Have | dokonal\u00fd z\u00e1snubn\u00ed prsten zlat\u00fd 585 ko\u0161\u00edk a 0,20ct diamant"},"content":{"rendered":"<p>Model: PZD2500<br \/>\nHmotnost p\u0159ibli\u017en\u011b 1,80 g<\/p>\n<p>Prsten.<br \/>\n\u017dlut\u00e9 zlato 0,585.<br \/>\n1 diamant, briliantov\u00fd brus, hmotnost 0,20ct, barva G-H, \u010distota SI1-SI2.<\/p>\n<p>\u0160\u00ed\u0159ka krou\u017eku p\u0159ibli\u017en\u011b 1,5 mm.<br \/>\nTlou\u0161\u0165ka 1,2 mm.<br \/>\nV\u00fd\u0161ka 4,5 mm.<\/p>\n<p>K dispozici na individu\u00e1ln\u00ed objedn\u00e1vku s jak\u00fdmkoli jin\u00fdm diamantem.<br \/>\nProdukt w dowolnym rozmiarze i kolorze z\u0142ota &#8211; dost\u0119pny wy\u0142\u0105cznie na zam\u00f3wienie, czas realizacji ok. 2 tygodnie.<\/p>\n<p>&#8212;&#8212;&#8212;&#8212;&#8212;&#8212;&#8212;&#8211;<br \/>\nPier\u015bcionek typu Fashion &#8211; czyli modowy, delikatny i prze\u015bliczny wz\u00f3r. Doskona\u0142y na udane zar\u0119czyny. Pi\u0119kny, l\u015bni\u0105cy i widoczny ju\u017c z daleka na palcu brylant o masie 0,20 karata osadzony zosta\u0142 w czterech \u0142apkach niewysokiego koszyczka. Ca\u0142o\u015b\u0107 z \u017c\u00f3\u0142tego 14-karatowego z\u0142ota, tworzy jeden z najpi\u0119kniejszych i jednocze\u015bnie najmodniejszych wzor\u00f3w pier\u015bcionk\u00f3w zar\u0119czynowych dost\u0119pnych w ofercie Staviori\u00ae.<br \/>\nSerdecznie polecamy.<\/p>","protected":false},"excerpt":{"rendered":"<p>Subtelny pier\u015bcionek zar\u0119czynowy wykonany z \u017c\u00f3\u0142tego z\u0142ota pr\u00f3by 0,585, w kt\u00f3rym centralne miejsce zajmuje ol\u015bniewaj\u0105cy brylant o masie 0,20ct. Kamie\u0144 osadzony zosta\u0142 w klasycznej, czteroramiennej oprawie, co podkre\u015bla jego blask i nadaje ca\u0142o\u015bci ponadczasowej elegancji. Smuk\u0142a obr\u0105czka dodaje lekko\u015bci, sprawiaj\u0105c, \u017ce pier\u015bcionek doskonale prezentuje si\u0119 na d\u0142oni. To wyj\u0105tkowa propozycja, kt\u00f3ra \u0142\u0105czy delikatno\u015b\u0107 z modnym designem \u2013 idealna na zar\u0119czyny pe\u0142ne emocji.<\/p>\n<p>K dispozici na individu\u00e1ln\u00ed objedn\u00e1vku s jak\u00fdmkoli jin\u00fdm diamantem.<br \/>\nProdukt w dowolnym rozmiarze i kolorze z\u0142ota &#8211; dost\u0119pny wy\u0142\u0105cznie na zam\u00f3wienie, czas realizacji ok. 2 tygodnie.<\/p>","protected":false},"featured_media":7046,"comment_status":"closed","ping_status":"closed","template":"","meta":{"om_disable_all_campaigns":false},"product_brand":[2284],"product_cat":[1838,6752,2182,801],"product_tag":[5221,4123,5077,4887,4928,4672,4906,5573,4673,4668,5571,3724,5560,5570,4910,5572,2599],"class_list":{"0":"post-15563","1":"product","2":"type-product","3":"status-publish","4":"has-post-thumbnail","6":"product_brand-staviori","7":"product_cat-diamenty","8":"product_cat-kolekcja-staviori-must-have","9":"product_cat-pierscionek-z-diamentem","10":"product_cat-pierscionki","11":"product_tag-20ct","12":"product_tag-brylant","13":"product_tag-diamant","14":"product_tag-diament-0","15":"product_tag-diamond-ring","16":"product_tag-elegancki-pierscionek","17":"product_tag-engagement-ring","18":"product_tag-gelbgold-585","19":"product_tag-klasyczny-pierscionek","20":"product_tag-pierscionek-zareczynowy","21":"product_tag-solitaire-ring","22":"product_tag-staviori","23":"product_tag-verlobungsring","24":"product_tag-yellow-gold-14k","25":"product_tag-zasnubni-prsten","26":"product_tag-zlute-zlato-585","27":"product_tag-zolte-zloto-585","28":"pa_barwa-g-h","29":"pa_czystosc-si1","30":"pa_dostawca-odlewnia","31":"pa_grubosc-1-2mm","32":"pa_kamien-brylant","33":"pa_kolor-zolte","34":"pa_kruszec-zloto","35":"pa_okazja-idealne-na-zareczyny","36":"pa_proba-0-585","37":"pa_szerokosc-obraczki-ok-1-5mm","38":"pa_waga-180g","40":"first","41":"onbackorder","42":"purchasable","43":"product-type-simple"},"aioseo_notices":[],"_links":{"self":[{"href":"https:\/\/staviori.com.pl\/cs\/wp-json\/wp\/v2\/product\/15563","targetHints":{"allow":["GET"]}}],"collection":[{"href":"https:\/\/staviori.com.pl\/cs\/wp-json\/wp\/v2\/product"}],"about":[{"href":"https:\/\/staviori.com.pl\/cs\/wp-json\/wp\/v2\/types\/product"}],"replies":[{"embeddable":true,"href":"https:\/\/staviori.com.pl\/cs\/wp-json\/wp\/v2\/comments?post=15563"}],"wp:featuredmedia":[{"embeddable":true,"href":"https:\/\/staviori.com.pl\/cs\/wp-json\/wp\/v2\/media\/7046"}],"wp:attachment":[{"href":"https:\/\/staviori.com.pl\/cs\/wp-json\/wp\/v2\/media?parent=15563"}],"wp:term":[{"taxonomy":"product_brand","embeddable":true,"href":"https:\/\/staviori.com.pl\/cs\/wp-json\/wp\/v2\/product_brand?post=15563"},{"taxonomy":"product_cat","embeddable":true,"href":"https:\/\/staviori.com.pl\/cs\/wp-json\/wp\/v2\/product_cat?post=15563"},{"taxonomy":"product_tag","embeddable":true,"href":"https:\/\/staviori.com.pl\/cs\/wp-json\/wp\/v2\/product_tag?post=15563"}],"curies":[{"name":"wp","href":"https:\/\/api.w.org\/{rel}","templated":true}]}}