{"id":15550,"date":"2025-02-24T22:49:06","date_gmt":"2025-02-24T21:49:06","guid":{"rendered":"https:\/\/staviori.com.pl\/product\/pierscionek-z-diamentem-pzd1175\/"},"modified":"2026-02-11T00:09:18","modified_gmt":"2026-02-10T23:09:18","slug":"pierscionek-z-diamentem-pzd1175","status":"publish","type":"product","link":"https:\/\/staviori.com.pl\/cs\/product\/pierscionek-z-diamentem-pzd1175\/","title":{"rendered":"propleten\u00fd prsten z dvoubarevn\u00e9ho zlata s diamanty"},"content":{"rendered":"<p>Model: PZD1175<br \/>\nHmotnost p\u0159ibli\u017en\u011b 3,60 g<\/p>\n<p>Prsten.<br \/>\n\u017dlut\u00e9, b\u00edl\u00e9 zlato 0,585.<br \/>\n14 diamant\u016f, briliantov\u00fd brus, hmotnost 0,07ct, barva H, \u010distota I1.<br \/>\n\u0160\u00ed\u0159ka 7 mm.<\/p>\n<p>V p\u0159\u00edpad\u011b vyprod\u00e1n\u00ed z\u00e1sob - v\u00fdrobek je k dispozici pouze na vy\u017e\u00e1d\u00e1n\u00ed.<br \/>\nDoba dod\u00e1n\u00ed p\u0159ibli\u017en\u011b 4 t\u00fddny.<\/p>","protected":false},"excerpt":{"rendered":"<p>Stylov\u00fd prsten ze \u017elut\u00e9ho a b\u00edl\u00e9ho 14kar\u00e1tov\u00e9ho zlata, jeho\u017e jedine\u010dn\u00fd tvar upout\u00e1 pozornost elegantn\u00edm propl\u00e9t\u00e1n\u00edm. Povrch zdoben\u00fd \u010dtrn\u00e1cti brilianty jemn\u011b prosv\u011btluje celek a podtrhuje modern\u00ed a luxusn\u00ed charakter \u0161perku. Je vynikaj\u00edc\u00ed volbou pro \u017eeny, kter\u00e9 ocen\u00ed eleganci v origin\u00e1ln\u00edm vyd\u00e1n\u00ed.<\/p>\n<p>V p\u0159\u00edpad\u011b vyprod\u00e1n\u00ed z\u00e1sob - v\u00fdrobek je k dispozici pouze na vy\u017e\u00e1d\u00e1n\u00ed.<br \/>\nDoba dod\u00e1n\u00ed p\u0159ibli\u017en\u011b 4 t\u00fddny.<\/p>","protected":false},"featured_media":20753,"comment_status":"closed","ping_status":"closed","template":"","meta":{"om_disable_all_campaigns":false},"product_brand":[2284],"product_cat":[1838,2182,801],"product_tag":[2280,5536,5537,5538,4708,5257,5539],"class_list":{"0":"post-15550","1":"product","2":"type-product","3":"status-publish","4":"has-post-thumbnail","6":"product_brand-staviori","7":"product_cat-diamenty","8":"product_cat-pierscionek-z-diamentem","9":"product_cat-pierscionki","10":"product_tag-luksusowa-bizuteria","11":"product_tag-pierscionek-biale-i-zolte-zloto","12":"product_tag-pierscionek-elegancki","13":"product_tag-pierscionek-splot","14":"product_tag-pierscionek-z-diamentami","15":"product_tag-pierscionek-zloty","16":"product_tag-pzd1175","17":"pa_barwa-h-2","18":"pa_czystosc-i1","19":"pa_dostawca-estrella","20":"pa_kamien-brylanty","21":"pa_kolor-zolte","22":"pa_kruszec-zloto","23":"pa_proba-0-585","24":"pa_rozmiar-2352","25":"pa_szerokosc-7mm","26":"pa_waga-360g","28":"first","29":"instock","30":"purchasable","31":"product-type-simple"},"aioseo_notices":[],"_links":{"self":[{"href":"https:\/\/staviori.com.pl\/cs\/wp-json\/wp\/v2\/product\/15550","targetHints":{"allow":["GET"]}}],"collection":[{"href":"https:\/\/staviori.com.pl\/cs\/wp-json\/wp\/v2\/product"}],"about":[{"href":"https:\/\/staviori.com.pl\/cs\/wp-json\/wp\/v2\/types\/product"}],"replies":[{"embeddable":true,"href":"https:\/\/staviori.com.pl\/cs\/wp-json\/wp\/v2\/comments?post=15550"}],"wp:featuredmedia":[{"embeddable":true,"href":"https:\/\/staviori.com.pl\/cs\/wp-json\/wp\/v2\/media\/20753"}],"wp:attachment":[{"href":"https:\/\/staviori.com.pl\/cs\/wp-json\/wp\/v2\/media?parent=15550"}],"wp:term":[{"taxonomy":"product_brand","embeddable":true,"href":"https:\/\/staviori.com.pl\/cs\/wp-json\/wp\/v2\/product_brand?post=15550"},{"taxonomy":"product_cat","embeddable":true,"href":"https:\/\/staviori.com.pl\/cs\/wp-json\/wp\/v2\/product_cat?post=15550"},{"taxonomy":"product_tag","embeddable":true,"href":"https:\/\/staviori.com.pl\/cs\/wp-json\/wp\/v2\/product_tag?post=15550"}],"curies":[{"name":"wp","href":"https:\/\/api.w.org\/{rel}","templated":true}]}}