{"id":15549,"date":"2025-02-24T22:49:06","date_gmt":"2025-02-24T21:49:06","guid":{"rendered":"https:\/\/staviori.com.pl\/product\/pierscionek-z-diamentem-pzd1171\/"},"modified":"2026-02-11T00:09:53","modified_gmt":"2026-02-10T23:09:53","slug":"pierscionek-z-diamentem-pzd1171","status":"publish","type":"product","link":"https:\/\/staviori.com.pl\/cs\/product\/pierscionek-z-diamentem-pzd1171\/","title":{"rendered":"kv\u011btinov\u00fd prsten se smaragdy a diamantem"},"content":{"rendered":"<p>Model: PZD1171<br \/>\nHmotnost p\u0159ibli\u017en\u011b 1,75 g<\/p>\n<p>Prsten.<br \/>\n\u017dlut\u00e9 zlato 0,585.<br \/>\n1 diamant, briliantov\u00fd brus, hmotnost 0,005ct, barva H, \u010distota I1.<br \/>\n6 smaragd\u016f o hmotnosti 0,18ct.<\/p>\n<p>Pr\u016fm\u011br korunky cca 7 mm.<br \/>\nGrubo\u015b\u0107 3.1 mm.<br \/>\n\u0160\u00ed\u0159ka krou\u017eku je p\u0159ibli\u017en\u011b 1,65 mm.<\/p>\n<p>K dispozici jsou pouze n\u011bkter\u00e9 velikosti - zeptejte se<br \/>\nV p\u0159\u00edpad\u011b vyprod\u00e1n\u00ed z\u00e1sob - v\u00fdrobek je k dispozici pouze na vy\u017e\u00e1d\u00e1n\u00ed.<br \/>\nDoba dod\u00e1n\u00ed p\u0159ibli\u017en\u011b 4 t\u00fddny.<\/p>","protected":false},"excerpt":{"rendered":"<p>Uroczy pier\u015bcionek wykonany z 14-karatowego \u017c\u00f3\u0142tego z\u0142ota, kt\u00f3rego centrum zdobi subtelny diament o szlifie brylantowym. Kamie\u0144 ten otaczaj\u0105 intensywnie zielone szmaragdy, uk\u0142adaj\u0105ce si\u0119 w kszta\u0142t delikatnego kwiatu. Ca\u0142o\u015b\u0107 zachwyca lekko\u015bci\u0105 i elegancj\u0105, b\u0119d\u0105c doskona\u0142ym wyborem dla mi\u0142o\u015bniczek bi\u017cuterii o naturalnym wdzi\u0119ku i romantycznym charakterze.<\/p>\n<p>K dispozici jsou pouze n\u011bkter\u00e9 velikosti - zeptejte se<br \/>\nV p\u0159\u00edpad\u011b vyprod\u00e1n\u00ed z\u00e1sob - v\u00fdrobek je k dispozici pouze na vy\u017e\u00e1d\u00e1n\u00ed.<br \/>\nDoba dod\u00e1n\u00ed p\u0159ibli\u017en\u011b 4 t\u00fddny.<\/p>","protected":false},"featured_media":6905,"comment_status":"closed","ping_status":"closed","template":"","meta":{"om_disable_all_campaigns":false},"product_brand":[2284],"product_cat":[1838,2182,801],"product_tag":[4674,4711,4686,5541,5257,5540,5542],"class_list":{"0":"post-15549","1":"product","2":"type-product","3":"status-publish","4":"has-post-thumbnail","6":"product_brand-staviori","7":"product_cat-diamenty","8":"product_cat-pierscionek-z-diamentem","9":"product_cat-pierscionki","10":"product_tag-bizuteria-zareczynowa","11":"product_tag-pierscionek-kwiat","12":"product_tag-pierscionek-z-diamentem","13":"product_tag-pierscionek-ze-szmaragdami","14":"product_tag-pierscionek-zloty","15":"product_tag-pzd1171","16":"product_tag-zloty-pierscionek-damski","17":"pa_barwa-h-2","18":"pa_czystosc-i1","19":"pa_dostawca-estrella","20":"pa_grubosc-3-1mm","21":"pa_kamien-diament","22":"pa_kamien-szmaragdy","23":"pa_kolor-zolte","24":"pa_kruszec-zloto","25":"pa_motyw-kwiatek","26":"pa_proba-0-585","27":"pa_rozmiar-4355","28":"pa_rozmiar-2351","29":"pa_rozmiar-2352","30":"pa_rozmiar-2353","31":"pa_rozmiar-2354","32":"pa_rozmiar-2355","33":"pa_rozmiar-2356","34":"pa_rozmiar-2357","35":"pa_rozmiar-2358","36":"pa_srednica-korony-ok-7mm","37":"pa_waga-175g","39":"first","40":"instock","41":"purchasable","42":"product-type-variable"},"aioseo_notices":[],"_links":{"self":[{"href":"https:\/\/staviori.com.pl\/cs\/wp-json\/wp\/v2\/product\/15549","targetHints":{"allow":["GET"]}}],"collection":[{"href":"https:\/\/staviori.com.pl\/cs\/wp-json\/wp\/v2\/product"}],"about":[{"href":"https:\/\/staviori.com.pl\/cs\/wp-json\/wp\/v2\/types\/product"}],"replies":[{"embeddable":true,"href":"https:\/\/staviori.com.pl\/cs\/wp-json\/wp\/v2\/comments?post=15549"}],"wp:featuredmedia":[{"embeddable":true,"href":"https:\/\/staviori.com.pl\/cs\/wp-json\/wp\/v2\/media\/6905"}],"wp:attachment":[{"href":"https:\/\/staviori.com.pl\/cs\/wp-json\/wp\/v2\/media?parent=15549"}],"wp:term":[{"taxonomy":"product_brand","embeddable":true,"href":"https:\/\/staviori.com.pl\/cs\/wp-json\/wp\/v2\/product_brand?post=15549"},{"taxonomy":"product_cat","embeddable":true,"href":"https:\/\/staviori.com.pl\/cs\/wp-json\/wp\/v2\/product_cat?post=15549"},{"taxonomy":"product_tag","embeddable":true,"href":"https:\/\/staviori.com.pl\/cs\/wp-json\/wp\/v2\/product_tag?post=15549"}],"curies":[{"name":"wp","href":"https:\/\/api.w.org\/{rel}","templated":true}]}}