{"id":15546,"date":"2025-02-24T22:49:06","date_gmt":"2025-02-24T21:49:06","guid":{"rendered":"https:\/\/staviori.com.pl\/product\/pierscionek-z-diamentem-pzd0523\/"},"modified":"2026-02-11T00:09:52","modified_gmt":"2026-02-10T23:09:52","slug":"pierscionek-z-diamentem-pzd0523","status":"publish","type":"product","link":"https:\/\/staviori.com.pl\/cs\/product\/pierscionek-z-diamentem-pzd0523\/","title":{"rendered":"Prsten se saf\u00edry ve tvaru kv\u011btu"},"content":{"rendered":"<p>Model: PZD0523<br \/>\nHmotnost p\u0159ibli\u017en\u011b 1,75 g<\/p>\n<p>Prsten.<br \/>\n\u017dlut\u00e9 zlato 0,585.<br \/>\n1 diamant, briliantov\u00fd brus, hmotnost 0,005ct, barva H, \u010distota I1.<br \/>\n6 saf\u00edr\u016f o hmotnosti 0,20ct.<\/p>\n<p>Pr\u016fm\u011br korunky cca 7 mm.<br \/>\nV\u00fd\u0161ka 3,1 mm.<br \/>\n\u0160\u00ed\u0159ka krou\u017eku je p\u0159ibli\u017en\u011b 1,65 mm.<\/p>\n<p>K dispozici jsou pouze n\u011bkter\u00e9 velikosti - zeptejte se<br \/>\nDost\u0119pny wisiorek i kolczyki do kompletu.<\/p>","protected":false},"excerpt":{"rendered":"<p>Uroczy pier\u015bcionek z \u017c\u00f3\u0142tego z\u0142ota 14k, kt\u00f3rego korona przybiera kszta\u0142t kwiatka. W centrum l\u015bni drobny diament, a jego p\u0142atki tworzy sze\u015b\u0107 niebieskich szafir\u00f3w o \u0142\u0105cznej masie 0,20 ct. Delikatny i pe\u0142en wdzi\u0119ku, b\u0119dzie idealnym wyborem dla kobiet ceni\u0105cych subteln\u0105 bi\u017cuteri\u0119 o romantycznym charakterze.<\/p>\n<p>Dost\u0119pne tylko niekt\u00f3re rozmiary &#8211; prosimy pyta\u0107 w przypadku ch\u0119ci zam\u00f3wienia innego.<\/p>","protected":false},"featured_media":6875,"comment_status":"closed","ping_status":"closed","template":"","meta":{"om_disable_all_campaigns":false},"product_brand":[2284],"product_cat":[1838,2182,801],"product_tag":[2792,4679,5534,4686,5533,5532,5018,2599],"class_list":{"0":"post-15546","1":"product","2":"type-product","3":"status-publish","4":"has-post-thumbnail","6":"product_brand-staviori","7":"product_cat-diamenty","8":"product_cat-pierscionek-z-diamentem","9":"product_cat-pierscionki","10":"product_tag-bizuteria-z-szafirem","11":"product_tag-delikatny-pierscionek","12":"product_tag-pierscionek-kwiatek","13":"product_tag-pierscionek-z-diamentem","14":"product_tag-pierscionek-z-szafirami","15":"product_tag-pzd0523","16":"product_tag-zloty-pierscionek","17":"product_tag-zolte-zloto-585","18":"pa_barwa-h-2","19":"pa_czystosc-i1","20":"pa_dostawca-estrella","21":"pa_kamien-diament","22":"pa_kamien-szafiry","23":"pa_kolor-zolte","24":"pa_kruszec-zloto","25":"pa_motyw-kwiatek","26":"pa_proba-0-585","27":"pa_rozmiar-4355","28":"pa_rozmiar-2351","29":"pa_rozmiar-2352","30":"pa_rozmiar-2353","31":"pa_rozmiar-2354","32":"pa_rozmiar-2355","33":"pa_rozmiar-2356","34":"pa_rozmiar-2357","35":"pa_rozmiar-2358","36":"pa_srednica-korony-ok-7mm","37":"pa_waga-175g","38":"pa_wysokosc-3-1mm","40":"first","41":"instock","42":"purchasable","43":"product-type-variable"},"aioseo_notices":[],"_links":{"self":[{"href":"https:\/\/staviori.com.pl\/cs\/wp-json\/wp\/v2\/product\/15546","targetHints":{"allow":["GET"]}}],"collection":[{"href":"https:\/\/staviori.com.pl\/cs\/wp-json\/wp\/v2\/product"}],"about":[{"href":"https:\/\/staviori.com.pl\/cs\/wp-json\/wp\/v2\/types\/product"}],"replies":[{"embeddable":true,"href":"https:\/\/staviori.com.pl\/cs\/wp-json\/wp\/v2\/comments?post=15546"}],"wp:featuredmedia":[{"embeddable":true,"href":"https:\/\/staviori.com.pl\/cs\/wp-json\/wp\/v2\/media\/6875"}],"wp:attachment":[{"href":"https:\/\/staviori.com.pl\/cs\/wp-json\/wp\/v2\/media?parent=15546"}],"wp:term":[{"taxonomy":"product_brand","embeddable":true,"href":"https:\/\/staviori.com.pl\/cs\/wp-json\/wp\/v2\/product_brand?post=15546"},{"taxonomy":"product_cat","embeddable":true,"href":"https:\/\/staviori.com.pl\/cs\/wp-json\/wp\/v2\/product_cat?post=15546"},{"taxonomy":"product_tag","embeddable":true,"href":"https:\/\/staviori.com.pl\/cs\/wp-json\/wp\/v2\/product_tag?post=15546"}],"curies":[{"name":"wp","href":"https:\/\/api.w.org\/{rel}","templated":true}]}}