{"id":15533,"date":"2025-02-24T22:49:06","date_gmt":"2025-02-24T21:49:06","guid":{"rendered":"https:\/\/staviori.com.pl\/product\/zloty-pierscionek-pzc6664\/"},"modified":"2026-04-21T12:08:47","modified_gmt":"2026-04-21T10:08:47","slug":"zloty-pierscionek-pzc6664","status":"publish","type":"product","link":"https:\/\/staviori.com.pl\/cs\/product\/zloty-pierscionek-pzc6664\/","title":{"rendered":"Prsten ze \u017elut\u00e9ho zlata s 0,40ct smaragdem PZC6664"},"content":{"rendered":"<p>Model: PZC6664<br \/>\nWaga ok. 1,33g<\/p>\n<p>Prsten.<br \/>\n\u017dlut\u00e9 zlato 0,585.<br \/>\n1 Szmaragd, o masie 0,40ct.<br \/>\nWymiary kamienia ok. 5&#215;4 mm.<\/p>\n<p>Dost\u0119pne tylko niekt\u00f3re rozmiary &#8211; prosimy sprawdza\u0107 \/ pyta\u0107.<br \/>\nZwykle dost\u0119pny na zam\u00f3wienie w terminie oko\u0142o 1 tygodnia.<br \/>\nW przypadku zainteresowania niestandardowym rozmiarem, prosimy o kontakt.<\/p>\n<p>Pi\u0119kny, subtelny z\u0142oty pier\u015bcionek ze szmaragdem.<br \/>\nIdealny na co dzie\u0144.<\/p>","protected":false},"excerpt":{"rendered":"<p>Elegancki pier\u015bcionek z \u017c\u00f3\u0142tego z\u0142ota 14k, ozdobiony szmaragdem o masie 0,40ct w kszta\u0142cie owalnym. G\u0142\u0119boki, zielony odcie\u0144 kamienia pi\u0119knie kontrastuje z ciep\u0142ym blaskiem z\u0142ota, tworz\u0105c wyj\u0105tkowo harmonijn\u0105 ca\u0142o\u015b\u0107. Subtelny, a jednocze\u015bnie wyrazisty \u2013 doskona\u0142y zar\u00f3wno do codziennych stylizacji, jak i na szczeg\u00f3lne okazje.<\/p>\n<p>Zwykle dost\u0119pny na zam\u00f3wienie w terminie oko\u0142o 1 tygodnia.<br \/>\nW przypadku zainteresowania niestandardowym rozmiarem, prosimy o kontakt.<\/p>","protected":false},"featured_media":15534,"comment_status":"closed","ping_status":"closed","template":"","meta":{"om_disable_all_campaigns":false},"product_brand":[2284,2350],"product_cat":[801,1930,2204],"product_tag":[5225,4672,5524,5125,5525,2607,4147,5018,2599],"class_list":{"0":"post-15533","1":"product","2":"type-product","3":"status-publish","4":"has-post-thumbnail","6":"product_brand-staviori","7":"product_brand-verona","8":"product_cat-pierscionki","9":"product_cat-zloto-2","10":"product_cat-zloty-pierscionek","11":"product_tag-bizuteria-ze-szmaragdem","12":"product_tag-elegancki-pierscionek","13":"product_tag-pierscionek-z-kamieniem-szlachetnym","14":"product_tag-pierscionek-ze-szmaragdem","15":"product_tag-pzc6664","16":"product_tag-subtelna-bizuteria","17":"product_tag-szmaragd","18":"product_tag-zloty-pierscionek","19":"product_tag-zolte-zloto-585","20":"pa_kamien-szmaragd","21":"pa_kolor-zolte","22":"pa_kruszec-zloto","23":"pa_proba-0-585","24":"pa_rozmiar-2352","25":"pa_rozmiar-2355","26":"pa_rozmiar-2356","27":"pa_rozmiar-2357","28":"pa_rozmiar-4862","29":"pa_waga-133g","30":"pa_wymiary-kamieni-ok-5x4mm","32":"first","33":"onbackorder","34":"purchasable","35":"product-type-simple"},"aioseo_notices":[],"_links":{"self":[{"href":"https:\/\/staviori.com.pl\/cs\/wp-json\/wp\/v2\/product\/15533","targetHints":{"allow":["GET"]}}],"collection":[{"href":"https:\/\/staviori.com.pl\/cs\/wp-json\/wp\/v2\/product"}],"about":[{"href":"https:\/\/staviori.com.pl\/cs\/wp-json\/wp\/v2\/types\/product"}],"replies":[{"embeddable":true,"href":"https:\/\/staviori.com.pl\/cs\/wp-json\/wp\/v2\/comments?post=15533"}],"wp:featuredmedia":[{"embeddable":true,"href":"https:\/\/staviori.com.pl\/cs\/wp-json\/wp\/v2\/media\/15534"}],"wp:attachment":[{"href":"https:\/\/staviori.com.pl\/cs\/wp-json\/wp\/v2\/media?parent=15533"}],"wp:term":[{"taxonomy":"product_brand","embeddable":true,"href":"https:\/\/staviori.com.pl\/cs\/wp-json\/wp\/v2\/product_brand?post=15533"},{"taxonomy":"product_cat","embeddable":true,"href":"https:\/\/staviori.com.pl\/cs\/wp-json\/wp\/v2\/product_cat?post=15533"},{"taxonomy":"product_tag","embeddable":true,"href":"https:\/\/staviori.com.pl\/cs\/wp-json\/wp\/v2\/product_tag?post=15533"}],"curies":[{"name":"wp","href":"https:\/\/api.w.org\/{rel}","templated":true}]}}