{"id":15492,"date":"2025-02-24T22:49:02","date_gmt":"2025-02-24T21:49:02","guid":{"rendered":"https:\/\/staviori.com.pl\/product\/zloty-pierscionek-pzc6502\/"},"modified":"2026-03-18T09:22:15","modified_gmt":"2026-03-18T08:22:15","slug":"zloty-pierscionek-pzc6502","status":"publish","type":"product","link":"https:\/\/staviori.com.pl\/cs\/product\/zloty-pierscionek-pzc6502\/","title":{"rendered":"Zlat\u00fd prsten se zirkony \u0161irok\u00fd 333"},"content":{"rendered":"<p>Model: PXC6502<br \/>\nWaga ok. 2,20g<\/p>\n<p>Prsten.<br \/>\n\u017dlut\u00e9 zlato 0,333.<br \/>\nZirkonie.<br \/>\nSzeroko\u015b\u0107 22 mm.<\/p>\n<p>Dost\u0119pny na zam\u00f3wienie w terminie oko\u0142o 1 tygodnia.<\/p>","protected":false},"excerpt":{"rendered":"<p>Wyrazisty i stylowy pier\u015bcionek z \u017c\u00f3\u0142tego z\u0142ota pr\u00f3by 0,333, przyci\u0105gaj\u0105cy uwag\u0119 geometryczn\u0105 form\u0105 i misternym wyko\u0144czeniem. Jego szeroka, a\u017curowa konstrukcja zosta\u0142a zwie\u0144czona efektown\u0105 kompozycj\u0105 cyrkonii, kt\u00f3re tworz\u0105 l\u015bni\u0105c\u0105 mozaik\u0119 pe\u0142n\u0105 blasku. Ten model to doskona\u0142y wyb\u00f3r dla kobiet, kt\u00f3re kochaj\u0105 wyrazist\u0105 bi\u017cuteri\u0119 i nie boj\u0105 si\u0119 odwa\u017cnych dodatk\u00f3w.<\/p>\n<p>Dost\u0119pny na zam\u00f3wienie w terminie oko\u0142o 1 tygodnia.<\/p>","protected":false},"featured_media":15493,"comment_status":"closed","ping_status":"closed","template":"","meta":{"om_disable_all_campaigns":false},"product_brand":[2284,2350],"product_cat":[801,1930,2204],"product_tag":[4296,5222,4741,5166,5510,5511,4872,5512,2522],"class_list":{"0":"post-15492","1":"product","2":"type-product","3":"status-publish","4":"has-post-thumbnail","6":"product_brand-staviori","7":"product_brand-verona","8":"product_cat-pierscionki","9":"product_cat-zloto-2","10":"product_cat-zloty-pierscionek","11":"product_tag-geometryczna-bizuteria","12":"product_tag-modna-bizuteria","13":"product_tag-ozdobny-pierscionek","14":"product_tag-pierscionek-z-cyrkoniami","15":"product_tag-pxc6502","16":"product_tag-pzc6502","17":"product_tag-szeroki-pierscionek","18":"product_tag-wyrazisty-dodatek","19":"product_tag-zolte-zloto","20":"pa_kamien-cyrkonia","21":"pa_kolor-zolte","22":"pa_kruszec-zloto","23":"pa_proba-0-333","24":"pa_rozmiar-2352","25":"pa_rozmiar-2353","26":"pa_rozmiar-2354","27":"pa_rozmiar-2355","28":"pa_rozmiar-2356","29":"pa_rozmiar-2357","30":"pa_rozmiar-2358","31":"pa_rozmiar-2359","32":"pa_szerokosc-22mm","33":"pa_waga-220g","35":"first","36":"instock","37":"purchasable","38":"product-type-simple"},"aioseo_notices":[],"_links":{"self":[{"href":"https:\/\/staviori.com.pl\/cs\/wp-json\/wp\/v2\/product\/15492","targetHints":{"allow":["GET"]}}],"collection":[{"href":"https:\/\/staviori.com.pl\/cs\/wp-json\/wp\/v2\/product"}],"about":[{"href":"https:\/\/staviori.com.pl\/cs\/wp-json\/wp\/v2\/types\/product"}],"replies":[{"embeddable":true,"href":"https:\/\/staviori.com.pl\/cs\/wp-json\/wp\/v2\/comments?post=15492"}],"wp:featuredmedia":[{"embeddable":true,"href":"https:\/\/staviori.com.pl\/cs\/wp-json\/wp\/v2\/media\/15493"}],"wp:attachment":[{"href":"https:\/\/staviori.com.pl\/cs\/wp-json\/wp\/v2\/media?parent=15492"}],"wp:term":[{"taxonomy":"product_brand","embeddable":true,"href":"https:\/\/staviori.com.pl\/cs\/wp-json\/wp\/v2\/product_brand?post=15492"},{"taxonomy":"product_cat","embeddable":true,"href":"https:\/\/staviori.com.pl\/cs\/wp-json\/wp\/v2\/product_cat?post=15492"},{"taxonomy":"product_tag","embeddable":true,"href":"https:\/\/staviori.com.pl\/cs\/wp-json\/wp\/v2\/product_tag?post=15492"}],"curies":[{"name":"wp","href":"https:\/\/api.w.org\/{rel}","templated":true}]}}