{"id":15459,"date":"2025-02-24T22:49:02","date_gmt":"2025-02-24T21:49:02","guid":{"rendered":"https:\/\/staviori.com.pl\/product\/pierscionek-z-diamentem-pxd5829\/"},"modified":"2026-02-11T00:09:52","modified_gmt":"2026-02-10T23:09:52","slug":"pierscionek-z-diamentem-pxd5829","status":"publish","type":"product","link":"https:\/\/staviori.com.pl\/cs\/product\/pierscionek-z-diamentem-pxd5829\/","title":{"rendered":"Jemn\u00fd prsten s 0,01ct diamantem"},"content":{"rendered":"<p>Model: PXD5829<br \/>\nWaga ok. 0,80g<\/p>\n<p>Prsten.<br \/>\n\u017dlut\u00e9 zlato 0,585.<br \/>\n1 Diament, szlif brylantowy, o masie 0,01ct, barwa I-J, czysto\u015b\u0107 I1.<\/p>\n<p>K dispozici jsou pouze n\u011bkter\u00e9 velikosti - zeptejte se<\/p>","protected":false},"excerpt":{"rendered":"<p>Jemn\u00fd prsten ze 14kar\u00e1tov\u00e9ho \u017elut\u00e9ho zlata zdoben\u00fd drobn\u00fdm briliantem. Jeho jemn\u00fd tvar a klasick\u00fd lesk z n\u011bj \u010din\u00ed ide\u00e1ln\u00ed volbu pro \u017eeny, kter\u00e9 ocen\u00ed minimalistick\u00e9 \u0161perky. Skv\u011ble se bude hodit jako symbol l\u00e1sky, d\u00e1rek ke zvl\u00e1\u0161tn\u00ed p\u0159\u00edle\u017eitosti nebo ka\u017edodenn\u00ed ozdoba ruky.<\/p>","protected":false},"featured_media":6809,"comment_status":"closed","ping_status":"closed","template":"","meta":{"om_disable_all_campaigns":false},"product_brand":[2284],"product_cat":[1838,2182,801],"product_tag":[2543,4679,3690,4686,5522,5018,2599],"class_list":{"0":"post-15459","1":"product","2":"type-product","3":"status-publish","4":"has-post-thumbnail","6":"product_brand-staviori","7":"product_cat-diamenty","8":"product_cat-pierscionek-z-diamentem","9":"product_cat-pierscionki","10":"product_tag-bizuteria-zlota","11":"product_tag-delikatny-pierscionek","12":"product_tag-elegancki-prezent","13":"product_tag-pierscionek-z-diamentem","14":"product_tag-pierscionek-zareczynowy-minimalistyczny","15":"product_tag-zloty-pierscionek","16":"product_tag-zolte-zloto-585","17":"pa_barwa-i-j","18":"pa_czystosc-i1","19":"pa_kamien-brylant","20":"pa_kolor-zolte","21":"pa_kruszec-zloto","22":"pa_proba-0-585","23":"pa_rozmiar-4355","24":"pa_waga-080g","26":"first","27":"instock","28":"sale","29":"purchasable","30":"product-type-variable","31":"has-default-attributes"},"aioseo_notices":[],"_links":{"self":[{"href":"https:\/\/staviori.com.pl\/cs\/wp-json\/wp\/v2\/product\/15459","targetHints":{"allow":["GET"]}}],"collection":[{"href":"https:\/\/staviori.com.pl\/cs\/wp-json\/wp\/v2\/product"}],"about":[{"href":"https:\/\/staviori.com.pl\/cs\/wp-json\/wp\/v2\/types\/product"}],"replies":[{"embeddable":true,"href":"https:\/\/staviori.com.pl\/cs\/wp-json\/wp\/v2\/comments?post=15459"}],"wp:featuredmedia":[{"embeddable":true,"href":"https:\/\/staviori.com.pl\/cs\/wp-json\/wp\/v2\/media\/6809"}],"wp:attachment":[{"href":"https:\/\/staviori.com.pl\/cs\/wp-json\/wp\/v2\/media?parent=15459"}],"wp:term":[{"taxonomy":"product_brand","embeddable":true,"href":"https:\/\/staviori.com.pl\/cs\/wp-json\/wp\/v2\/product_brand?post=15459"},{"taxonomy":"product_cat","embeddable":true,"href":"https:\/\/staviori.com.pl\/cs\/wp-json\/wp\/v2\/product_cat?post=15459"},{"taxonomy":"product_tag","embeddable":true,"href":"https:\/\/staviori.com.pl\/cs\/wp-json\/wp\/v2\/product_tag?post=15459"}],"curies":[{"name":"wp","href":"https:\/\/api.w.org\/{rel}","templated":true}]}}