{"id":15453,"date":"2025-02-24T22:48:58","date_gmt":"2025-02-24T21:48:58","guid":{"rendered":"https:\/\/staviori.com.pl\/product\/pierscionek-z-diamentem-pxd5246\/"},"modified":"2026-04-08T16:17:41","modified_gmt":"2026-04-08T14:17:41","slug":"pierscionek-z-diamentem-pxd5246","status":"publish","type":"product","link":"https:\/\/staviori.com.pl\/cs\/product\/pierscionek-z-diamentem-pxd5246\/","title":{"rendered":"majest\u00e1tn\u00ed zlat\u00fd prsten s topazem a saf\u00edry"},"content":{"rendered":"<p>Model: PXD5246<br \/>\nHmotnost p\u0159ibli\u017en\u011b 3,90 g<\/p>\n<p>Prsten.<br \/>\n\u017dlut\u00e9 zlato 0,585.<br \/>\n1 Topaz b\u0142\u0119kitny, o masie 2,24ct.<br \/>\n14 Szafir\u00f3w, o masie 0,53ct.<br \/>\n10 Diament\u00f3w, o masie 0,02ct, barwa H, czysto\u015b\u0107 I1-I2.<\/p>\n<p>Szeroko\u015b\u0107 obr\u0105czki ok. 8-2 mm.<br \/>\nWymiary kamieni ok. 9&#215;7 mm.<br \/>\nGrubo\u015b\u0107 5.5 mm.<\/p>\n<p>K dispozici jsou pouze n\u011bkter\u00e9 velikosti - zeptejte se<br \/>\nProdukt dost\u0119pny na zam\u00f3wienie w terminie oko\u0142o 1 tygodnia.<\/p>","protected":false},"excerpt":{"rendered":"<p>Zjawiskowy pier\u015bcionek z \u017c\u00f3\u0142tego z\u0142ota 14K, kt\u00f3rego centralnym punktem jest ol\u015bniewaj\u0105cy, b\u0142\u0119kitny topaz o masie 2,24ct. Jego barwa przypomina przejrzyste karaibskie laguny, a oprawa z szafirami i drobnymi diamentami dodaje g\u0142\u0119bi oraz blasku. Szlachetna kompozycja kolor\u00f3w \u2013 b\u0142\u0119kitu, granatu i z\u0142ota \u2013 sprawia, \u017ce pier\u015bcionek emanuje luksusem i wyrafinowaniem. Idealny wyb\u00f3r dla kobiet kochaj\u0105cych bi\u017cuteri\u0119 z charakterem i klas\u0105.<\/p>\n<p>Produkt dost\u0119pny na zam\u00f3wienie w terminie oko\u0142o 1 tygodnia.<\/p>","protected":false},"featured_media":20531,"comment_status":"closed","ping_status":"closed","template":"","meta":{"om_disable_all_campaigns":false},"product_brand":[2284,2350],"product_cat":[1838,2182,801],"product_tag":[3597,2798,2296,2317,4713,5241,5257,5492,2297,2898],"class_list":{"0":"post-15453","1":"product","2":"type-product","3":"status-publish","4":"has-post-thumbnail","6":"product_brand-staviori","7":"product_brand-verona","8":"product_cat-diamenty","9":"product_cat-pierscionek-z-diamentem","10":"product_cat-pierscionki","11":"product_tag-3597","12":"product_tag-bizuteria-staviori","13":"product_tag-diamenty","14":"product_tag-elegancka-bizuteria","15":"product_tag-luksusowy-pierscionek","16":"product_tag-pierscionek-z-kamieniami","17":"product_tag-pierscionek-zloty","18":"product_tag-pxd5246","19":"product_tag-szafiry","20":"product_tag-topaz-blekitny","21":"pa_kamien-szafiry-naturalne","22":"pa_kamien-topaz-blekitny","23":"pa_kolor-zolte","24":"pa_kruszec-zloto","25":"pa_proba-0-585","26":"pa_rozmiar-4355","27":"pa_rozmiar-2351","28":"pa_rozmiar-2352","29":"pa_rozmiar-2353","30":"pa_rozmiar-2354","31":"pa_rozmiar-2355","32":"pa_rozmiar-2356","33":"pa_rozmiar-2357","34":"pa_rozmiar-2358","35":"pa_rozmiar-2359","36":"pa_rozmiar-2360","37":"pa_rozmiar-4358","38":"pa_szerokosc-obraczki-ok-8-2mm","39":"pa_waga-390g","40":"pa_wymiary-kamieni-ok-9x7mm","42":"first","43":"onbackorder","44":"purchasable","45":"product-type-simple"},"aioseo_notices":[],"_links":{"self":[{"href":"https:\/\/staviori.com.pl\/cs\/wp-json\/wp\/v2\/product\/15453","targetHints":{"allow":["GET"]}}],"collection":[{"href":"https:\/\/staviori.com.pl\/cs\/wp-json\/wp\/v2\/product"}],"about":[{"href":"https:\/\/staviori.com.pl\/cs\/wp-json\/wp\/v2\/types\/product"}],"replies":[{"embeddable":true,"href":"https:\/\/staviori.com.pl\/cs\/wp-json\/wp\/v2\/comments?post=15453"}],"wp:featuredmedia":[{"embeddable":true,"href":"https:\/\/staviori.com.pl\/cs\/wp-json\/wp\/v2\/media\/20531"}],"wp:attachment":[{"href":"https:\/\/staviori.com.pl\/cs\/wp-json\/wp\/v2\/media?parent=15453"}],"wp:term":[{"taxonomy":"product_brand","embeddable":true,"href":"https:\/\/staviori.com.pl\/cs\/wp-json\/wp\/v2\/product_brand?post=15453"},{"taxonomy":"product_cat","embeddable":true,"href":"https:\/\/staviori.com.pl\/cs\/wp-json\/wp\/v2\/product_cat?post=15453"},{"taxonomy":"product_tag","embeddable":true,"href":"https:\/\/staviori.com.pl\/cs\/wp-json\/wp\/v2\/product_tag?post=15453"}],"curies":[{"name":"wp","href":"https:\/\/api.w.org\/{rel}","templated":true}]}}