{"id":15441,"date":"2025-02-24T22:48:58","date_gmt":"2025-02-24T21:48:58","guid":{"rendered":"https:\/\/staviori.com.pl\/product\/bizuteria-inwestycyjna-pierscionek-pxd4815\/"},"modified":"2026-02-11T00:09:16","modified_gmt":"2026-02-10T23:09:16","slug":"bizuteria-inwestycyjna-pierscionek-pxd4815","status":"publish","type":"product","link":"https:\/\/staviori.com.pl\/cs\/product\/bizuteria-inwestycyjna-pierscionek-pxd4815\/","title":{"rendered":"Exkluzivn\u011b | Kr\u00e1sn\u00fd z\u00e1snubn\u00ed prsten s 0,70ct H\/Si diamantem"},"content":{"rendered":"<p>Model: PZD4815<br \/>\nHmotnost p\u0159ibli\u017en\u011b 3,60 g<\/p>\n<p>Prsten.<br \/>\n\u017dlut\u00e9, b\u00edl\u00e9 zlato 0,585.<br \/>\n1 diamant, briliantov\u00fd brus, hmotnost cca 0,70ct, barva H, \u010distota SI.<\/p>\n<p>Pr\u016fm\u011br korunky cca 7 mm.<br \/>\n\u0160\u00ed\u0159ka krou\u017eku cca 2,8-3,8 mm.<br \/>\nV\u00fd\u0161ka 7,5 mm.<br \/>\nKorunka o pr\u016fm\u011bru 5 mm.<\/p>\n<p>Z\u00e1snubn\u00ed prsten<br \/>\nK dispozici na individu\u00e1ln\u00ed objedn\u00e1vku s jak\u00fdmkoli jin\u00fdm diamantem.<br \/>\nV\u00fdrobek v libovoln\u00e9 velikosti, dostupn\u00fd pouze na vy\u017e\u00e1d\u00e1n\u00ed, doba dod\u00e1n\u00ed cca 4 t\u00fddny.<\/p>","protected":false},"excerpt":{"rendered":"<p>Klasick\u00fd z\u00e1snubn\u00ed prsten s nad\u010dasov\u00fdm \u0161armem, vyroben\u00fd z kombinace 14kar\u00e1tov\u00e9ho \u017elut\u00e9ho a b\u00edl\u00e9ho zlata. St\u0159edem kompozice je p\u016fsobiv\u00fd diamant o hmotnosti 0,70 ct, zasazen\u00fd do elegantn\u00ed vysok\u00e9 korunky se \u0161esti patkami. Harmonick\u00fd tvar, drah\u00fd kov a dokonale vybrou\u0161en\u00fd diamant \u010din\u00ed z tohoto modelu v\u00fdjime\u010dnou volbu pro \u017eenu, kter\u00e1 ocen\u00ed luxus a tradi\u010dn\u00ed kr\u00e1su.<\/p>","protected":false},"featured_media":20572,"comment_status":"closed","ping_status":"closed","template":"","meta":{"om_disable_all_campaigns":false},"product_brand":[2284],"product_cat":[1803,801,6741],"product_tag":[2308,2798,5500,3722,4673,2280,4668,5501,5499,2522],"class_list":{"0":"post-15441","1":"product","2":"type-product","3":"status-publish","4":"has-post-thumbnail","6":"product_brand-staviori","7":"product_cat-brylanty-exclusive","8":"product_cat-pierscionki","9":"product_cat-pierscionki-brylanty-exclusive","10":"product_tag-biale-zloto","11":"product_tag-bizuteria-staviori","12":"product_tag-brylant-0-70ct","13":"product_tag-diament","14":"product_tag-klasyczny-pierscionek","15":"product_tag-luksusowa-bizuteria","16":"product_tag-pierscionek-zareczynowy","17":"product_tag-pxd4815","18":"product_tag-pzd4815","19":"product_tag-zolte-zloto","20":"pa_barwa-h-2","21":"pa_czystosc-si1-si2","22":"pa_dostawca-iza","23":"pa_kamien-brylant","24":"pa_kolor-biale","25":"pa_kolor-zolte","26":"pa_kruszec-zloto","27":"pa_masa-karatowa-070ct","28":"pa_proba-0-585","29":"pa_rozmiar-cm","30":"pa_srednica-korony-ok-7mm","31":"pa_szerokosc-obraczki-ok-2-8-3-8mm","32":"pa_waga-360g","34":"first","35":"onbackorder","36":"purchasable","37":"product-type-simple"},"aioseo_notices":[],"_links":{"self":[{"href":"https:\/\/staviori.com.pl\/cs\/wp-json\/wp\/v2\/product\/15441","targetHints":{"allow":["GET"]}}],"collection":[{"href":"https:\/\/staviori.com.pl\/cs\/wp-json\/wp\/v2\/product"}],"about":[{"href":"https:\/\/staviori.com.pl\/cs\/wp-json\/wp\/v2\/types\/product"}],"replies":[{"embeddable":true,"href":"https:\/\/staviori.com.pl\/cs\/wp-json\/wp\/v2\/comments?post=15441"}],"wp:featuredmedia":[{"embeddable":true,"href":"https:\/\/staviori.com.pl\/cs\/wp-json\/wp\/v2\/media\/20572"}],"wp:attachment":[{"href":"https:\/\/staviori.com.pl\/cs\/wp-json\/wp\/v2\/media?parent=15441"}],"wp:term":[{"taxonomy":"product_brand","embeddable":true,"href":"https:\/\/staviori.com.pl\/cs\/wp-json\/wp\/v2\/product_brand?post=15441"},{"taxonomy":"product_cat","embeddable":true,"href":"https:\/\/staviori.com.pl\/cs\/wp-json\/wp\/v2\/product_cat?post=15441"},{"taxonomy":"product_tag","embeddable":true,"href":"https:\/\/staviori.com.pl\/cs\/wp-json\/wp\/v2\/product_tag?post=15441"}],"curies":[{"name":"wp","href":"https:\/\/api.w.org\/{rel}","templated":true}]}}