{"id":15439,"date":"2025-02-24T22:48:58","date_gmt":"2025-02-24T21:48:58","guid":{"rendered":"https:\/\/staviori.com.pl\/product\/bizuteria-inwestycyjna-pierscionek-pxd4410\/"},"modified":"2026-02-11T00:09:51","modified_gmt":"2026-02-10T23:09:51","slug":"bizuteria-inwestycyjna-pierscionek-pxd4410","status":"publish","type":"product","link":"https:\/\/staviori.com.pl\/cs\/product\/bizuteria-inwestycyjna-pierscionek-pxd4410\/","title":{"rendered":"Exkluzivn\u011b | Klasick\u00fd z\u00e1snubn\u00ed prsten s 0,50ct diamantem"},"content":{"rendered":"<p>Model: PZD4410<\/p>\n<p>Waga ok. 3,00g<\/p>\n<p>Prsten.<br \/>\n\u017dlut\u00e9, b\u00edl\u00e9 zlato 0,750.<br \/>\n1 Diament naturalny, szlif brylantowy, o masie 0,50ct, barwa G, czysto\u015b\u0107 SI1-SI2  \/ lub \/<br \/>\n1 Diament laboratoryjny, szlif brylantowy, o masie 0,50ct, barwa F, czysto\u015b\u0107 VS1-VS2<\/p>\n<p>\u015arednica korony ok. 6.2 mm.<br \/>\nWysoko\u015b\u0107 5.4 mm.<br \/>\nSzeroko\u015b\u0107 1.8 mm.<\/p>\n<p>K dispozici na individu\u00e1ln\u00ed objedn\u00e1vku s jak\u00fdmkoli jin\u00fdm diamantem.<br \/>\nMezin\u00e1rodn\u00ed certifikace GIA, IGI nebo HRD.<br \/>\nZ\u00e1snubn\u00ed prsten<br \/>\nK dispozici jsou pouze n\u011bkter\u00e9 velikosti - zeptejte se<\/p>","protected":false},"excerpt":{"rendered":"<p>Ol\u015bniewaj\u0105cy pier\u015bcionek zar\u0119czynowy wykonany z najwy\u017cszej pr\u00f3by 18-karatowego z\u0142ota, \u0142\u0105cz\u0105cego ciep\u0142y blask \u017c\u00f3\u0142tego kruszcu z elegancj\u0105 bia\u0142ego z\u0142ota. Centralny punkt stanowi imponuj\u0105cy brylant o masie 0,50 ct, oprawiony w klasyczn\u0105 koron\u0119 z sze\u015bcioma \u0142apkami, kt\u00f3ra podkre\u015bla jego wyj\u0105tkowy blask i nadaje ca\u0142o\u015bci kr\u00f3lewskiego charakteru. Ten wyrafinowany model zachwyci mi\u0142o\u015bniczki ponadczasowej bi\u017cuterii i b\u0119dzie symbolem mi\u0142o\u015bci na ca\u0142e \u017cycie.<\/p>\n<p>Produkt mo\u017cna dostosowa\u0107 do swoich potrzeb wybieraj\u0105c kolor z\u0142ota, kamie\u0144 centralny, rozmiar.<br \/>\nProdukt wy\u0142\u0105cznie na zam\u00f3wienie. Termin realizacji zale\u017cy od wyboru parametr\u00f3w od 1 do 5 tygodni.<\/p>","protected":false},"featured_media":20595,"comment_status":"closed","ping_status":"closed","template":"","meta":{"om_disable_all_campaigns":false},"product_brand":[2284],"product_cat":[1803,6741,801],"product_tag":[4450,5027,4887,4673,2280,5505,4668,5503,5507,5506,5504,5018,3589],"class_list":{"0":"post-15439","1":"product","2":"type-product","3":"status-publish","4":"has-post-thumbnail","6":"product_brand-staviori","7":"product_cat-brylanty-exclusive","8":"product_cat-pierscionki-brylanty-exclusive","9":"product_cat-pierscionki","10":"product_tag-50-ct","11":"product_tag-certyfikowany-diament","12":"product_tag-diament-0","13":"product_tag-klasyczny-pierscionek","14":"product_tag-luksusowa-bizuteria","15":"product_tag-pbd4410","16":"product_tag-pierscionek-zareczynowy","17":"product_tag-prezent-zareczynowy","18":"product_tag-pxd4410","19":"product_tag-pzd4410","20":"product_tag-tiffany","21":"product_tag-zloty-pierscionek","22":"product_tag-zolte-i-biale-zloto","23":"pa_barwa-g-2","24":"pa_czystosc-si1-si2","25":"pa_dostawca-estrella","26":"pa_kamien-diament-laboratoryjny","27":"pa_kamien-diament-naturalny-kopalny","28":"pa_kolor-biale","29":"pa_kolor-zolte","30":"pa_kruszec-zloto","31":"pa_proba-0-750","32":"pa_srednica-korony-ok-6-2mm","33":"pa_waga-300g","34":"pa_wysokosc-5-4mm","36":"first","37":"onbackorder","38":"purchasable","39":"product-type-variable","40":"has-default-attributes"},"aioseo_notices":[],"_links":{"self":[{"href":"https:\/\/staviori.com.pl\/cs\/wp-json\/wp\/v2\/product\/15439","targetHints":{"allow":["GET"]}}],"collection":[{"href":"https:\/\/staviori.com.pl\/cs\/wp-json\/wp\/v2\/product"}],"about":[{"href":"https:\/\/staviori.com.pl\/cs\/wp-json\/wp\/v2\/types\/product"}],"replies":[{"embeddable":true,"href":"https:\/\/staviori.com.pl\/cs\/wp-json\/wp\/v2\/comments?post=15439"}],"wp:featuredmedia":[{"embeddable":true,"href":"https:\/\/staviori.com.pl\/cs\/wp-json\/wp\/v2\/media\/20595"}],"wp:attachment":[{"href":"https:\/\/staviori.com.pl\/cs\/wp-json\/wp\/v2\/media?parent=15439"}],"wp:term":[{"taxonomy":"product_brand","embeddable":true,"href":"https:\/\/staviori.com.pl\/cs\/wp-json\/wp\/v2\/product_brand?post=15439"},{"taxonomy":"product_cat","embeddable":true,"href":"https:\/\/staviori.com.pl\/cs\/wp-json\/wp\/v2\/product_cat?post=15439"},{"taxonomy":"product_tag","embeddable":true,"href":"https:\/\/staviori.com.pl\/cs\/wp-json\/wp\/v2\/product_tag?post=15439"}],"curies":[{"name":"wp","href":"https:\/\/api.w.org\/{rel}","templated":true}]}}