{"id":15437,"date":"2025-02-24T22:48:58","date_gmt":"2025-02-24T21:48:58","guid":{"rendered":"https:\/\/staviori.com.pl\/product\/pierscionek-z-diamentem-pxd4357\/"},"modified":"2026-02-11T00:09:16","modified_gmt":"2026-02-10T23:09:16","slug":"pierscionek-z-diamentem-pxd4357","status":"publish","type":"product","link":"https:\/\/staviori.com.pl\/cs\/product\/pierscionek-z-diamentem-pxd4357\/","title":{"rendered":"z\u00e1snubn\u00ed prsten s 0,25ct diamantem"},"content":{"rendered":"<p>Model: DDR0662<br \/>\nHmotnost p\u0159ibli\u017en\u011b 2,40 g<\/p>\n<p>Prsten.<br \/>\n\u017dlut\u00e9, b\u00edl\u00e9 zlato 0,585.<br \/>\n1 Diament, szlif brylantowy, o masie 0,25ct., barwa G, czysto\u015b\u0107 SI1.<\/p>\n<p>\u015arednica korony ok. 6 mm.<br \/>\nWysoko\u015b\u0107 3.2 mm.<br \/>\n\u0160\u00ed\u0159ka krou\u017eku je p\u0159ibli\u017en\u011b 2 mm.<\/p>\n<p>K dispozici na individu\u00e1ln\u00ed objedn\u00e1vku s jak\u00fdmkoli jin\u00fdm diamantem.<br \/>\nZ\u00e1snubn\u00ed prsten<br \/>\nK dispozici jsou pouze n\u011bkter\u00e9 velikosti - zeptejte se<\/p>\n<p>&#8212;&#8212;&#8212;&#8212;&#8212;&#8212;&#8212;&#8212;<br \/>\nTen zar\u0119czynowy pier\u015bcionek, to najpi\u0119kniejsze po\u0142\u0105czenie \u017c\u00f3\u0142tego i bia\u0142ego z\u0142ota. Dwa kolory a po\u015br\u00f3d nich, l\u015bni\u0105cy blaskiem \u0107wier\u0107-karatowy brylant tworz\u0105 razem wz\u00f3r ciesz\u0105cy si\u0119 niezwyk\u0142ym powodzeniem. To model idealny, dla tych, kt\u00f3rzy kochaj\u0105 pi\u0119kno, a jednocze\u015bnie u\u017cyteczno\u015b\u0107. Schowany w szynie kamie\u0144 nie odstaje i tym samym w niczym nie przeszkadza na co dzie\u0144.<\/p>","protected":false},"excerpt":{"rendered":"<p>Zachwycaj\u0105cy pier\u015bcionek zar\u0119czynowy wykonany z po\u0142\u0105czenia \u017c\u00f3\u0142tego i bia\u0142ego z\u0142ota 14K. Jego subtelnie skr\u0119cona forma symbolizuje jedno\u015b\u0107 dw\u00f3ch dusz, a osadzony centralnie diament o masie 0,25 ct dodaje ca\u0142o\u015bci blasku i elegancji. Kamie\u0144 wtopiony w szyn\u0119 nie wystaje, dzi\u0119ki czemu pier\u015bcionek jest wyj\u0105tkowo wygodny w codziennym noszeniu. To doskona\u0142y wyb\u00f3r dla kobiet ceni\u0105cych ponadczasowy styl i komfort.<\/p>\n<p>K dispozici jsou pouze n\u011bkter\u00e9 velikosti - zeptejte se<\/p>","protected":false},"featured_media":6670,"comment_status":"closed","ping_status":"closed","template":"","meta":{"om_disable_all_campaigns":false},"product_brand":[2284],"product_cat":[1838,6752,2182,801],"product_tag":[5490,2798,4887,4672,5491,4869,5489,4682,5487],"class_list":{"0":"post-15437","1":"product","2":"type-product","3":"status-publish","4":"has-post-thumbnail","6":"product_brand-staviori","7":"product_cat-diamenty","8":"product_cat-kolekcja-staviori-must-have","9":"product_cat-pierscionek-z-diamentem","10":"product_cat-pierscionki","11":"product_tag-25ct","12":"product_tag-bizuteria-staviori","13":"product_tag-diament-0","14":"product_tag-elegancki-pierscionek","15":"product_tag-pierscionek-dwukolorowy","16":"product_tag-pierscionek-z-brylantem","17":"product_tag-pxd4357","18":"product_tag-zareczyny","19":"product_tag-zloto-14k","20":"pa_barwa-g-2","21":"pa_czystosc-si1","22":"pa_dostawca-draco","23":"pa_kamien-brylant","24":"pa_kolor-biale","25":"pa_kolor-zolte","26":"pa_kruszec-zloto","27":"pa_masa-karatowa-025ct","28":"pa_okazja-idealne-na-zareczyny","29":"pa_proba-0-585","30":"pa_srednica-korony-ok-6mm","31":"pa_waga-240g","32":"pa_wysokosc-3-2mm","34":"first","35":"instock","36":"sale","37":"purchasable","38":"product-type-simple"},"aioseo_notices":[],"_links":{"self":[{"href":"https:\/\/staviori.com.pl\/cs\/wp-json\/wp\/v2\/product\/15437","targetHints":{"allow":["GET"]}}],"collection":[{"href":"https:\/\/staviori.com.pl\/cs\/wp-json\/wp\/v2\/product"}],"about":[{"href":"https:\/\/staviori.com.pl\/cs\/wp-json\/wp\/v2\/types\/product"}],"replies":[{"embeddable":true,"href":"https:\/\/staviori.com.pl\/cs\/wp-json\/wp\/v2\/comments?post=15437"}],"wp:featuredmedia":[{"embeddable":true,"href":"https:\/\/staviori.com.pl\/cs\/wp-json\/wp\/v2\/media\/6670"}],"wp:attachment":[{"href":"https:\/\/staviori.com.pl\/cs\/wp-json\/wp\/v2\/media?parent=15437"}],"wp:term":[{"taxonomy":"product_brand","embeddable":true,"href":"https:\/\/staviori.com.pl\/cs\/wp-json\/wp\/v2\/product_brand?post=15437"},{"taxonomy":"product_cat","embeddable":true,"href":"https:\/\/staviori.com.pl\/cs\/wp-json\/wp\/v2\/product_cat?post=15437"},{"taxonomy":"product_tag","embeddable":true,"href":"https:\/\/staviori.com.pl\/cs\/wp-json\/wp\/v2\/product_tag?post=15437"}],"curies":[{"name":"wp","href":"https:\/\/api.w.org\/{rel}","templated":true}]}}