{"id":15434,"date":"2025-02-24T22:48:58","date_gmt":"2025-02-24T21:48:58","guid":{"rendered":"https:\/\/staviori.com.pl\/product\/pierscionek-z-diamentem-pxd4053\/"},"modified":"2026-02-11T00:09:51","modified_gmt":"2026-02-10T23:09:51","slug":"pierscionek-z-diamentem-pxd4053","status":"publish","type":"product","link":"https:\/\/staviori.com.pl\/cs\/product\/pierscionek-z-diamentem-pxd4053\/","title":{"rendered":"z\u00e1snubn\u00ed prsten se srd\u00ed\u010dky s diamanty"},"content":{"rendered":"<p>Model: PBD4053<br \/>\nWaga ok. 2,85g<\/p>\n<p>Prsten.<br \/>\nBia\u0142e Z\u0142oto 0,585 pokryte r\u00f3\u017cowym z\u0142otem<br \/>\n16 Diament\u00f3w, szlif brylantowy, o masie 0,26ct, barwa H, czysto\u015b\u0107 I1.<\/p>\n<p>Szeroko\u015b\u0107 5.5 mm.<\/p>\n<p>Z\u00e1snubn\u00ed prsten<br \/>\nK dispozici jsou pouze n\u011bkter\u00e9 velikosti - zeptejte se<\/p>","protected":false},"excerpt":{"rendered":"<p>Zachwycaj\u0105cy pier\u015bcionek zar\u0119czynowy wykonany z 14-karatowego bia\u0142ego z\u0142ota, dodatkowo ozdobiony akcentami z r\u00f3\u017cowego z\u0142ota, kt\u00f3re subtelnie podkre\u015blaj\u0105 jego romantyczny charakter. Dwa rz\u0119dy l\u015bni\u0105cych diament\u00f3w o \u0142\u0105cznej masie 0,26 ct tworz\u0105 ol\u015bniewaj\u0105cy wz\u00f3r, przeplatany motywami serc, co nadaje mu wyj\u0105tkowej symboliki mi\u0142o\u015bci. To niezwykle kobiecy i elegancki model, idealny dla osoby ceni\u0105cej nietuzinkowy styl i szlachetne detale.<\/p>","protected":false},"featured_media":20500,"comment_status":"closed","ping_status":"closed","template":"","meta":{"om_disable_all_campaigns":false},"product_brand":[2284],"product_cat":[1838,2182,801],"product_tag":[2308,2326,2296,4374,5484,4668,5485,4405,2336,4034],"class_list":{"0":"post-15434","1":"product","2":"type-product","3":"status-publish","4":"has-post-thumbnail","6":"product_brand-staviori","7":"product_cat-diamenty","8":"product_cat-pierscionek-z-diamentem","9":"product_cat-pierscionki","10":"product_tag-biale-zloto","11":"product_tag-bizuteria-z-diamentami","12":"product_tag-diamenty","13":"product_tag-elegancki","14":"product_tag-pbd4053","15":"product_tag-pierscionek-zareczynowy","16":"product_tag-pxd4053","17":"product_tag-romantyczny","18":"product_tag-rozowe-zloto","19":"product_tag-serca","20":"pa_barwa-h-2","21":"pa_czystosc-i1","22":"pa_kamien-brylanty","23":"pa_kolor-biale","24":"pa_kruszec-zloto","25":"pa_proba-0-585","26":"pa_rozmiar-2351","27":"pa_rozmiar-2354","28":"pa_rozmiar-inne-rozmiary","29":"pa_szerokosc-5-5mm","30":"pa_waga-280g","32":"first","33":"instock","34":"purchasable","35":"product-type-variable"},"aioseo_notices":[],"_links":{"self":[{"href":"https:\/\/staviori.com.pl\/cs\/wp-json\/wp\/v2\/product\/15434","targetHints":{"allow":["GET"]}}],"collection":[{"href":"https:\/\/staviori.com.pl\/cs\/wp-json\/wp\/v2\/product"}],"about":[{"href":"https:\/\/staviori.com.pl\/cs\/wp-json\/wp\/v2\/types\/product"}],"replies":[{"embeddable":true,"href":"https:\/\/staviori.com.pl\/cs\/wp-json\/wp\/v2\/comments?post=15434"}],"wp:featuredmedia":[{"embeddable":true,"href":"https:\/\/staviori.com.pl\/cs\/wp-json\/wp\/v2\/media\/20500"}],"wp:attachment":[{"href":"https:\/\/staviori.com.pl\/cs\/wp-json\/wp\/v2\/media?parent=15434"}],"wp:term":[{"taxonomy":"product_brand","embeddable":true,"href":"https:\/\/staviori.com.pl\/cs\/wp-json\/wp\/v2\/product_brand?post=15434"},{"taxonomy":"product_cat","embeddable":true,"href":"https:\/\/staviori.com.pl\/cs\/wp-json\/wp\/v2\/product_cat?post=15434"},{"taxonomy":"product_tag","embeddable":true,"href":"https:\/\/staviori.com.pl\/cs\/wp-json\/wp\/v2\/product_tag?post=15434"}],"curies":[{"name":"wp","href":"https:\/\/api.w.org\/{rel}","templated":true}]}}