{"id":15433,"date":"2025-02-24T22:48:53","date_gmt":"2025-02-24T21:48:53","guid":{"rendered":"https:\/\/staviori.com.pl\/product\/bizuteria-inwestycyjna-pierscionek-pxd4041\/"},"modified":"2026-02-11T00:09:16","modified_gmt":"2026-02-10T23:09:16","slug":"bizuteria-inwestycyjna-pierscionek-pxd4041","status":"publish","type":"product","link":"https:\/\/staviori.com.pl\/cs\/product\/bizuteria-inwestycyjna-pierscionek-pxd4041\/","title":{"rendered":"Exkluzivn\u011b | trojice prsten\u016f s diamanty z 18kar\u00e1tov\u00e9ho zlata v libovoln\u00e9 barv\u011b"},"content":{"rendered":"<p>Model: DDR1926<br \/>\nWaga ok. 5,10g<\/p>\n<p>Prsten.<br \/>\n\u017dlut\u00e9, b\u00edl\u00e9 a r\u016f\u017eov\u00e9 zlato 0,750.<br \/>\n175 Diament\u00f3w, szlif brylantowy, o masie ok 1,56ct, barwa G-H, czysto\u015b\u0107 SI1.<\/p>\n<p>Szeroko\u015b\u0107 8.5 mm.<br \/>\nGrubo\u015b\u0107 2.7 mm.<\/p>\n<p>Uveden\u00e1 hmotnost kamene a cena jsou za velikost 13.<\/p>\n<p>Ca\u0142o\u015b\u0107 stanowi\u0105 3 osobne pier\u015bcionki.<br \/>\nProdukt w dowolnym rozmiarze i kolorze z\u0142ota dost\u0119pny wy\u0142\u0105cznie na zam\u00f3wienie, czas realizacji ok. 5 tygodnie.<\/p>","protected":false},"excerpt":{"rendered":"<p>Wyj\u0105tkowy komplet trzech pier\u015bcionk\u00f3w wykonanych z \u017c\u00f3\u0142tego, bia\u0142ego i r\u00f3\u017cowego z\u0142ota pr\u00f3by 0,750, kt\u00f3ry urzeka subtelnym blaskiem a\u017c 175 diament\u00f3w o \u0142\u0105cznej masie 1,56 ct. Ka\u017cdy z pier\u015bcionk\u00f3w tworzy integraln\u0105 cz\u0119\u015b\u0107 eleganckiej kompozycji, kt\u00f3r\u0105 mo\u017cna nosi\u0107 razem lub osobno \u2013 w zale\u017cno\u015bci od okazji i stylu. Luksusowa forma, najwy\u017cszej klasy kamienie oraz kunsztowne wykonanie czyni\u0105 ten zestaw doskona\u0142ym wyborem dla kobiet ceni\u0105cych bi\u017cuteri\u0119 o niepowtarzalnym charakterze.<\/p>","protected":false},"featured_media":20439,"comment_status":"closed","ping_status":"closed","template":"","meta":{"om_disable_all_campaigns":false},"product_brand":[2284],"product_cat":[1803,6741,801],"product_tag":[2311,5472,5473,4767,4708,5471,2341],"class_list":{"0":"post-15433","1":"product","2":"type-product","3":"status-publish","4":"has-post-thumbnail","6":"product_brand-staviori","7":"product_cat-brylanty-exclusive","8":"product_cat-pierscionki-brylanty-exclusive","9":"product_cat-pierscionki","10":"product_tag-bizuteria-luksusowa","11":"product_tag-komplet-pierscionkow","12":"product_tag-pierscionek-z","13":"product_tag-pierscionek-z-bialego-zlota","14":"product_tag-pierscionek-z-diamentami","15":"product_tag-pxd4041","16":"product_tag-zloto-750","17":"pa_barwa-g-h","18":"pa_czystosc-si1","19":"pa_dostawca-draco","20":"pa_grubosc-2-7mm","21":"pa_kamien-brylanty","22":"pa_kolor-biale","23":"pa_kolor-rozowe","24":"pa_kolor-zolte","25":"pa_kruszec-zloto","26":"pa_proba-0-750","27":"pa_szerokosc-8-5mm","28":"pa_waga-490g","30":"first","31":"onbackorder","32":"purchasable","33":"product-type-simple"},"aioseo_notices":[],"_links":{"self":[{"href":"https:\/\/staviori.com.pl\/cs\/wp-json\/wp\/v2\/product\/15433","targetHints":{"allow":["GET"]}}],"collection":[{"href":"https:\/\/staviori.com.pl\/cs\/wp-json\/wp\/v2\/product"}],"about":[{"href":"https:\/\/staviori.com.pl\/cs\/wp-json\/wp\/v2\/types\/product"}],"replies":[{"embeddable":true,"href":"https:\/\/staviori.com.pl\/cs\/wp-json\/wp\/v2\/comments?post=15433"}],"wp:featuredmedia":[{"embeddable":true,"href":"https:\/\/staviori.com.pl\/cs\/wp-json\/wp\/v2\/media\/20439"}],"wp:attachment":[{"href":"https:\/\/staviori.com.pl\/cs\/wp-json\/wp\/v2\/media?parent=15433"}],"wp:term":[{"taxonomy":"product_brand","embeddable":true,"href":"https:\/\/staviori.com.pl\/cs\/wp-json\/wp\/v2\/product_brand?post=15433"},{"taxonomy":"product_cat","embeddable":true,"href":"https:\/\/staviori.com.pl\/cs\/wp-json\/wp\/v2\/product_cat?post=15433"},{"taxonomy":"product_tag","embeddable":true,"href":"https:\/\/staviori.com.pl\/cs\/wp-json\/wp\/v2\/product_tag?post=15433"}],"curies":[{"name":"wp","href":"https:\/\/api.w.org\/{rel}","templated":true}]}}