{"id":15431,"date":"2025-02-24T22:48:53","date_gmt":"2025-02-24T21:48:53","guid":{"rendered":"https:\/\/staviori.com.pl\/product\/bizuteria-inwestycyjna-pierscionek-pxd4030\/"},"modified":"2026-02-11T00:09:16","modified_gmt":"2026-02-10T23:09:16","slug":"bizuteria-inwestycyjna-pierscionek-pxd4030","status":"publish","type":"product","link":"https:\/\/staviori.com.pl\/cs\/product\/bizuteria-inwestycyjna-pierscionek-pxd4030\/","title":{"rendered":"Exkluzivn\u00ed | n\u00e1dhern\u00fd prsten 3 prsteny 3 barvy diamant\u016f ve zlat\u011b 750"},"content":{"rendered":"<p>Model: DDR0839<br \/>\nWaga ok. 8,80g<\/p>\n<p>Prsten.<br \/>\n\u017dlut\u00e9, b\u00edl\u00e9 a r\u016f\u017eov\u00e9 zlato 0,750.<br \/>\n144 Diamenty, szlif brylantowy, o masie ok. 1,48ct, barwa G-H, czysto\u015b\u0107 SI1.<br \/>\n144 Diamenty, kolor \u017c\u00f3\u0142ty, szlif brylantowy, o masie ok. 1,58ct.<br \/>\n144 Diamenty, kolor r\u00f3\u017cowy, szlif brylantowy, o masie ok. 1,50ct.<\/p>\n<p>Szeroko\u015b\u0107 4.4-13.2 mm.<br \/>\nGrubo\u015b\u0107 1.9 mm.<\/p>\n<p>Uveden\u00e1 hmotnost kamene a cena jsou za velikost 13.<\/p>\n<p>V\u00fdrobek v libovoln\u00e9 velikosti, dostupn\u00fd pouze na vy\u017e\u00e1d\u00e1n\u00ed, doba dod\u00e1n\u00ed cca 5 t\u00fddn\u016f.<\/p>","protected":false},"excerpt":{"rendered":"<p>Spektakularny pier\u015bcionek wykonany z trzech rodzaj\u00f3w z\u0142ota: bia\u0142ego, \u017c\u00f3\u0142tego i r\u00f3\u017cowego pr\u00f3by 0,750. Ka\u017cda z przeplataj\u0105cych si\u0119 obr\u0105czek ol\u015bniewa inn\u0105 gam\u0105 barwnych brylant\u00f3w \u2013 klasycznymi bia\u0142ymi, ciep\u0142ymi \u017c\u00f3\u0142tymi oraz subtelnymi r\u00f3\u017cowymi. \u0141\u0105cznie a\u017c 432 diamenty o \u0142\u0105cznej masie ponad 4,5 ct tworz\u0105 zachwycaj\u0105cy efekt blasku i luksusu. To bi\u017cuteria o wyrazistym charakterze, stworzona dla kobiet kochaj\u0105cych unikatowy styl i najwy\u017csz\u0105 jako\u015b\u0107. Pier\u015bcionek, kt\u00f3ry hipnotyzuje z ka\u017cdej strony.<\/p>","protected":false},"featured_media":20428,"comment_status":"closed","ping_status":"closed","template":"","meta":{"om_disable_all_campaigns":false},"product_brand":[2284],"product_cat":[1803,801,6741],"product_tag":[4482,2308,5467,5466,2280,4755,4746,4708,5465,2336,2521,4815,2341,2522],"class_list":{"0":"post-15431","1":"product","2":"type-product","3":"status-publish","4":"has-post-thumbnail","6":"product_brand-staviori","7":"product_cat-brylanty-exclusive","8":"product_cat-pierscionki","9":"product_cat-pierscionki-brylanty-exclusive","10":"product_tag-18-karatowe-zloto","11":"product_tag-biale-zloto","12":"product_tag-bizuteria-handmade","13":"product_tag-ddr0839","14":"product_tag-luksusowa-bizuteria","15":"product_tag-pierscionek-glamour","16":"product_tag-pierscionek-z-brylantami","17":"product_tag-pierscionek-z-diamentami","18":"product_tag-pxd4030","19":"product_tag-rozowe-zloto","20":"product_tag-trojkolorowe-zloto","21":"product_tag-unikatowy-pierscionek","22":"product_tag-zloto-750","23":"product_tag-zolte-zloto","24":"pa_barwa-g-h","25":"pa_czystosc-si1","26":"pa_dostawca-draco","27":"pa_grubosc-1-9mm","28":"pa_kamien-brylanty","29":"pa_kolor-biale","30":"pa_kolor-rozowe","31":"pa_kolor-zolte","32":"pa_kruszec-zloto","33":"pa_proba-0-750","34":"pa_szerokosc-4-4-13-2mm","35":"pa_waga-880g","37":"first","38":"onbackorder","39":"purchasable","40":"product-type-simple"},"aioseo_notices":[],"_links":{"self":[{"href":"https:\/\/staviori.com.pl\/cs\/wp-json\/wp\/v2\/product\/15431","targetHints":{"allow":["GET"]}}],"collection":[{"href":"https:\/\/staviori.com.pl\/cs\/wp-json\/wp\/v2\/product"}],"about":[{"href":"https:\/\/staviori.com.pl\/cs\/wp-json\/wp\/v2\/types\/product"}],"replies":[{"embeddable":true,"href":"https:\/\/staviori.com.pl\/cs\/wp-json\/wp\/v2\/comments?post=15431"}],"wp:featuredmedia":[{"embeddable":true,"href":"https:\/\/staviori.com.pl\/cs\/wp-json\/wp\/v2\/media\/20428"}],"wp:attachment":[{"href":"https:\/\/staviori.com.pl\/cs\/wp-json\/wp\/v2\/media?parent=15431"}],"wp:term":[{"taxonomy":"product_brand","embeddable":true,"href":"https:\/\/staviori.com.pl\/cs\/wp-json\/wp\/v2\/product_brand?post=15431"},{"taxonomy":"product_cat","embeddable":true,"href":"https:\/\/staviori.com.pl\/cs\/wp-json\/wp\/v2\/product_cat?post=15431"},{"taxonomy":"product_tag","embeddable":true,"href":"https:\/\/staviori.com.pl\/cs\/wp-json\/wp\/v2\/product_tag?post=15431"}],"curies":[{"name":"wp","href":"https:\/\/api.w.org\/{rel}","templated":true}]}}