{"id":15426,"date":"2025-02-24T22:48:53","date_gmt":"2025-02-24T21:48:53","guid":{"rendered":"https:\/\/staviori.com.pl\/product\/pierscionek-z-diamentem-pxd3907r\/"},"modified":"2026-02-11T00:09:51","modified_gmt":"2026-02-10T23:09:51","slug":"pierscionek-z-diamentem-pxd3907r","status":"publish","type":"product","link":"https:\/\/staviori.com.pl\/cs\/product\/pierscionek-z-diamentem-pxd3907r\/","title":{"rendered":"prsten nekone\u010dn\u00e9 l\u00e1sky z r\u016f\u017eov\u00e9ho a b\u00edl\u00e9ho zlata s diamanty"},"content":{"rendered":"<p>Model: PRD3907<br \/>\nHmotnost p\u0159ibli\u017en\u011b 3,10 g<\/p>\n<p>Prsten.<br \/>\nB\u00edl\u00e9, r\u016f\u017eov\u00e9 zlato 0,585.<br \/>\n9 diamant\u016f, briliantov\u00fd brus, hmotnost 0,05ct, barva G-H, \u010distota SI.<\/p>\n<p>Korunka 16 \u00d7 7,6 mm.<br \/>\nV\u00fd\u0161ka 3,6 mm.<br \/>\n\u0160\u00ed\u0159ka krou\u017eku je p\u0159ibli\u017en\u011b 2,2 mm.<\/p>\n<p>Ide\u00e1ln\u00ed jako z\u00e1snubn\u00ed prsten nebo prsten k v\u00fdro\u010d\u00ed.<br \/>\nNa dostupnost velikosti se pros\u00edm zeptejte.<br \/>\nLze vyrobit v r\u016fzn\u00fdch barevn\u00fdch variant\u00e1ch.<\/p>","protected":false},"excerpt":{"rendered":"<p>\u00da\u017easn\u00fd z\u00e1snubn\u00ed prsten vyroben\u00fd z kombinace r\u016f\u017eov\u00e9ho a b\u00edl\u00e9ho zlata o ryzosti 0,585. Jeho jemn\u00fd tvar s motivem nekone\u010dna propleten\u00e9ho srdcem symbolizuje v\u011b\u010dnou l\u00e1sku a oddanost. Kompozici dopl\u0148uje dev\u011bt briliant\u016f, kter\u00e9 se na sv\u011btle n\u00e1dhern\u011b t\u0159pyt\u00ed a dod\u00e1vaj\u00ed cel\u00e9mu \u0161perku jedine\u010dn\u00fd lesk. Tento mimo\u0159\u00e1dn\u011b romantick\u00fd design je ide\u00e1ln\u00ed jako jedine\u010dn\u00fd symbol zasnouben\u00ed.<\/p>\n<p>Na dostupnost velikosti se pros\u00edm zeptejte.<\/p>","protected":false},"featured_media":6599,"comment_status":"closed","ping_status":"closed","template":"","meta":{"om_disable_all_campaigns":false},"product_brand":[2284],"product_cat":[1838,2182,801],"product_tag":[2308,2326,2296,4672,5460,4668,5459,4705,2336,1414],"class_list":{"0":"post-15426","1":"product","2":"type-product","3":"status-publish","4":"has-post-thumbnail","6":"product_brand-staviori","7":"product_cat-diamenty","8":"product_cat-pierscionek-z-diamentem","9":"product_cat-pierscionki","10":"product_tag-biale-zloto","11":"product_tag-bizuteria-z-diamentami","12":"product_tag-diamenty","13":"product_tag-elegancki-pierscionek","14":"product_tag-motyw-nieskonczonosci","15":"product_tag-pierscionek-zareczynowy","16":"product_tag-prd3907","17":"product_tag-prezent-na-zareczyny","18":"product_tag-rozowe-zloto","19":"product_tag-serce","20":"pa_barwa-g-h","21":"pa_czystosc-si1-si2","22":"pa_dostawca-estrella","23":"pa_kamien-brylanty","24":"pa_kolor-biale","25":"pa_kolor-rozowe","26":"pa_korona-16x7-6mm","27":"pa_kruszec-zloto","28":"pa_motyw-nieskonczonosc","29":"pa_motyw-serce","30":"pa_proba-0-585","31":"pa_rozmiar-2353","32":"pa_rozmiar-inne-rozmiary","33":"pa_waga-290g","34":"pa_wysokosc-3-6mm","36":"first","37":"instock","38":"purchasable","39":"product-type-variable"},"aioseo_notices":[],"_links":{"self":[{"href":"https:\/\/staviori.com.pl\/cs\/wp-json\/wp\/v2\/product\/15426","targetHints":{"allow":["GET"]}}],"collection":[{"href":"https:\/\/staviori.com.pl\/cs\/wp-json\/wp\/v2\/product"}],"about":[{"href":"https:\/\/staviori.com.pl\/cs\/wp-json\/wp\/v2\/types\/product"}],"replies":[{"embeddable":true,"href":"https:\/\/staviori.com.pl\/cs\/wp-json\/wp\/v2\/comments?post=15426"}],"wp:featuredmedia":[{"embeddable":true,"href":"https:\/\/staviori.com.pl\/cs\/wp-json\/wp\/v2\/media\/6599"}],"wp:attachment":[{"href":"https:\/\/staviori.com.pl\/cs\/wp-json\/wp\/v2\/media?parent=15426"}],"wp:term":[{"taxonomy":"product_brand","embeddable":true,"href":"https:\/\/staviori.com.pl\/cs\/wp-json\/wp\/v2\/product_brand?post=15426"},{"taxonomy":"product_cat","embeddable":true,"href":"https:\/\/staviori.com.pl\/cs\/wp-json\/wp\/v2\/product_cat?post=15426"},{"taxonomy":"product_tag","embeddable":true,"href":"https:\/\/staviori.com.pl\/cs\/wp-json\/wp\/v2\/product_tag?post=15426"}],"curies":[{"name":"wp","href":"https:\/\/api.w.org\/{rel}","templated":true}]}}