{"id":15420,"date":"2025-02-24T22:48:53","date_gmt":"2025-02-24T21:48:53","guid":{"rendered":"https:\/\/staviori.com.pl\/product\/bizuteria-inwestycyjna-pierscionek-pxd3526y\/"},"modified":"2026-02-11T00:09:16","modified_gmt":"2026-02-10T23:09:16","slug":"bizuteria-inwestycyjna-pierscionek-pxd3526y","status":"publish","type":"product","link":"https:\/\/staviori.com.pl\/cs\/product\/bizuteria-inwestycyjna-pierscionek-pxd3526y\/","title":{"rendered":"Exkluzivn\u00ed | kr\u00e1sn\u00fd prsten ze \u017elut\u00e9ho a b\u00edl\u00e9ho zlata 750 s diamanty"},"content":{"rendered":"<p>Model: DDR1304Y<br \/>\nWaga ok. 9,54g<\/p>\n<p>Prsten.<br \/>\n\u017dlut\u00e9, b\u00edl\u00e9 zlato 0,750.<br \/>\n73 Diamenty, szlif brylantowy, o masie ok. 0,94ct, barwa G-H, czysto\u015b\u0107 SI1.<\/p>\n<p>Szeroko\u015b\u0107 obr\u0105czki ok. 7-11 mm.<br \/>\nV\u00fd\u0161ka 4 mm.<\/p>\n<p>V\u00fdrobek v libovoln\u00e9 velikosti, dostupn\u00fd pouze na vy\u017e\u00e1d\u00e1n\u00ed, doba dod\u00e1n\u00ed cca 5 t\u00fddn\u016f.<\/p>","protected":false},"excerpt":{"rendered":"<p>\u00dachvatn\u00fd prsten vyroben\u00fd z kombinace \u017elut\u00e9ho a b\u00edl\u00e9ho zlata 0,750 zaujme modern\u00edm tvarem a luxusn\u00edm zpracov\u00e1n\u00edm. A\u017e 73 diamant\u016f o celkov\u00e9 hmotnosti 0,94 ct vytv\u00e1\u0159\u00ed velkolep\u00fd lesk a harmonicky obep\u00ednaj\u00ed ka\u017ed\u00fd prsten. Dynamick\u00e9 linie, kontrastn\u00ed efekt zlata a jemn\u00fd t\u0159pyt kamen\u016f \u010din\u00ed z tohoto modelu skute\u010dn\u00e9 \u0161perka\u0159sk\u00e9 um\u011bleck\u00e9 d\u00edlo. Dokonal\u00e1 volba pro \u017eenu, kter\u00e1 miluje v\u00fdraznou eleganci a v\u00fdjime\u010dn\u00fd design.<\/p>","protected":false},"featured_media":6553,"comment_status":"closed","ping_status":"closed","template":"","meta":{"om_disable_all_campaigns":false},"product_brand":[2284],"product_cat":[1803,6741,801],"product_tag":[2798,5475,2280,4757,5477,5478,4708,5476,5018],"class_list":{"0":"post-15420","1":"product","2":"type-product","3":"status-publish","4":"has-post-thumbnail","6":"product_brand-staviori","7":"product_cat-brylanty-exclusive","8":"product_cat-pierscionki-brylanty-exclusive","9":"product_cat-pierscionki","10":"product_tag-bizuteria-staviori","11":"product_tag-ddr1304y","12":"product_tag-luksusowa-bizuteria","13":"product_tag-nowoczesny-pierscionek","14":"product_tag-pierscionek-18k","15":"product_tag-pierscionek-z-bialym-i-zoltym-zlotem","16":"product_tag-pierscionek-z-diamentami","17":"product_tag-pxd3526y","18":"product_tag-zloty-pierscionek","19":"pa_barwa-g-h","20":"pa_czystosc-si1","21":"pa_dostawca-draco","22":"pa_kamien-brylanty","23":"pa_kolor-biale","24":"pa_kolor-zolte","25":"pa_kruszec-zloto","26":"pa_proba-0-750","27":"pa_szerokosc-obraczki-ok-7-11mm","28":"pa_waga-950g","29":"pa_wysokosc-4mm","31":"first","32":"onbackorder","33":"purchasable","34":"product-type-simple"},"aioseo_notices":[],"_links":{"self":[{"href":"https:\/\/staviori.com.pl\/cs\/wp-json\/wp\/v2\/product\/15420","targetHints":{"allow":["GET"]}}],"collection":[{"href":"https:\/\/staviori.com.pl\/cs\/wp-json\/wp\/v2\/product"}],"about":[{"href":"https:\/\/staviori.com.pl\/cs\/wp-json\/wp\/v2\/types\/product"}],"replies":[{"embeddable":true,"href":"https:\/\/staviori.com.pl\/cs\/wp-json\/wp\/v2\/comments?post=15420"}],"wp:featuredmedia":[{"embeddable":true,"href":"https:\/\/staviori.com.pl\/cs\/wp-json\/wp\/v2\/media\/6553"}],"wp:attachment":[{"href":"https:\/\/staviori.com.pl\/cs\/wp-json\/wp\/v2\/media?parent=15420"}],"wp:term":[{"taxonomy":"product_brand","embeddable":true,"href":"https:\/\/staviori.com.pl\/cs\/wp-json\/wp\/v2\/product_brand?post=15420"},{"taxonomy":"product_cat","embeddable":true,"href":"https:\/\/staviori.com.pl\/cs\/wp-json\/wp\/v2\/product_cat?post=15420"},{"taxonomy":"product_tag","embeddable":true,"href":"https:\/\/staviori.com.pl\/cs\/wp-json\/wp\/v2\/product_tag?post=15420"}],"curies":[{"name":"wp","href":"https:\/\/api.w.org\/{rel}","templated":true}]}}